{"id":180404,"date":"2022-10-20T03:14:53","date_gmt":"2022-10-20T01:14:53","guid":{"rendered":"http:\/\/dev.claret.cat\/producte\/dialogar-4\/"},"modified":"2024-05-02T06:07:31","modified_gmt":"2024-05-02T04:07:31","slug":"dialogar-4-9788428832380","status":"publish","type":"product","link":"https:\/\/www.claret.cat\/es\/libro\/dialogar-4-9788428832380\/","title":{"rendered":"DIALOGAR &#8211; 4"},"content":{"rendered":"<p>El proyecto Espiral busca desarrollar la inteligencia espiritual a partir de propuestas creativas y globalizadoras. Se compone de cuatro libros:\u00a0\u00a0 1 Despertar (ni\u00f1os de 3 a 5 a\u00f1os)\u00a0\u00a0 2 Preguntar (ni\u00f1os de 6 a 7 a\u00f1os)\u00a0\u00a0 3 Escuchar (ni\u00f1os de 8 a 9 a\u00f1os)\u00a0\u00a0 4 Dialogar (ni\u00f1os de 10 a 11 a\u00f1os)En este cuarto volumen, el objetivo es acompa\u00f1ar el proceso de crecimiento y maduraci\u00f3n del ni\u00f1o, a nivel humano y a nivel espiritual.Incluye un CD con canciones.<\/p>\n","protected":false},"excerpt":{"rendered":"<p>DIAZ MONTEJO, DORI; S\u00c1NCHEZ RAMOS, LORENZO<\/p>\n","protected":false},"featured_media":337789,"template":"","meta":{"_acf_changed":false,"om_disable_all_campaigns":false,"rs_blank_template":"","rs_page_bg_color":"","slide_template_v7":"","inline_featured_image":false,"_monsterinsights_skip_tracking":false,"_monsterinsights_sitenote_active":false,"_monsterinsights_sitenote_note":"","_monsterinsights_sitenote_category":0},"product_brand":[],"product_cat":[82,348],"product_tag":[],"class_list":{"0":"post-180404","1":"product","2":"type-product","3":"status-publish","4":"has-post-thumbnail","6":"product_cat-pedagogia","7":"product_cat-pedagogia-2_humanidades","9":"first","10":"instock","11":"taxable","12":"shipping-taxable","13":"purchasable","14":"product-type-simple"},"acf":{"autor":"DIAZ MONTEJO, DORI; S\u00c1NCHEZ RAMOS, LORENZO","codart":"842883238","libros-coleccion":"PASTORAL","ediciones":"1","encuadernacion":"R\u00fastica","fecha_de_publicacion":"01\/06\/2018","novedad":"1","paginas":"150","subtitulo":"PROPUESTAS CREATIVAS Y GLOBALIZADORAS PARA DESARROLLAR LA INTELIGENCIA ESPIRITUAL","orden":"0","portada":"0","idioma":"spa","editorial":[{"ID":6335,"post_author":"3","post_date":"2022-07-28 17:49:59","post_date_gmt":"2022-07-28 15:49:59","post_content":"","post_title":"PPC altres","post_excerpt":"","post_status":"publish","comment_status":"closed","ping_status":"closed","post_password":"","post_name":"ppc-altres","to_ping":"","pinged":"","post_modified":"2022-07-28 17:49:59","post_modified_gmt":"2022-07-28 15:49:59","post_content_filtered":"","post_parent":0,"guid":"http:\/\/dev.claret.cat\/editorial\/ppc-altres\/","menu_order":0,"post_type":"editorial","post_mime_type":"","comment_count":"0","filter":"raw"}],"autores-libros":[{"ID":5738,"post_author":"3","post_date":"2022-07-28 17:30:24","post_date_gmt":"2022-07-28 15:30:24","post_content":"","post_title":"LORENZO S\u00c1NCHEZ RAMOS","post_excerpt":"","post_status":"publish","comment_status":"closed","ping_status":"closed","post_password":"","post_name":"lorenzo-sanchez-ramos","to_ping":"","pinged":"","post_modified":"2022-07-28 17:30:24","post_modified_gmt":"2022-07-28 15:30:24","post_content_filtered":"","post_parent":0,"guid":"http:\/\/dev.claret.cat\/autor\/lorenzo-sanchez-ramos\/","menu_order":0,"post_type":"autor","post_mime_type":"","comment_count":"0","filter":"raw"},{"ID":5410,"post_author":"3","post_date":"2022-07-28 17:23:23","post_date_gmt":"2022-07-28 15:23:23","post_content":"","post_title":"DORI D\u00cdAZ MONTEJO","post_excerpt":"","post_status":"publish","comment_status":"closed","ping_status":"closed","post_password":"","post_name":"dori-diaz-montejo","to_ping":"","pinged":"","post_modified":"2022-07-28 17:23:23","post_modified_gmt":"2022-07-28 15:23:23","post_content_filtered":"","post_parent":0,"guid":"http:\/\/dev.claret.cat\/autor\/dori-diaz-montejo\/","menu_order":0,"post_type":"autor","post_mime_type":"","comment_count":"0","filter":"raw"}]},"aioseo_notices":[],"_links":{"self":[{"href":"https:\/\/www.claret.cat\/es\/wp-json\/wp\/v2\/product\/180404","targetHints":{"allow":["GET"]}}],"collection":[{"href":"https:\/\/www.claret.cat\/es\/wp-json\/wp\/v2\/product"}],"about":[{"href":"https:\/\/www.claret.cat\/es\/wp-json\/wp\/v2\/types\/product"}],"wp:featuredmedia":[{"embeddable":true,"href":"https:\/\/www.claret.cat\/es\/wp-json\/wp\/v2\/media\/337789"}],"wp:attachment":[{"href":"https:\/\/www.claret.cat\/es\/wp-json\/wp\/v2\/media?parent=180404"}],"wp:term":[{"taxonomy":"product_brand","embeddable":true,"href":"https:\/\/www.claret.cat\/es\/wp-json\/wp\/v2\/product_brand?post=180404"},{"taxonomy":"product_cat","embeddable":true,"href":"https:\/\/www.claret.cat\/es\/wp-json\/wp\/v2\/product_cat?post=180404"},{"taxonomy":"product_tag","embeddable":true,"href":"https:\/\/www.claret.cat\/es\/wp-json\/wp\/v2\/product_tag?post=180404"}],"curies":[{"name":"wp","href":"https:\/\/api.w.org\/{rel}","templated":true}]}}