{"id":180461,"date":"2022-10-20T03:15:46","date_gmt":"2022-10-20T01:15:46","guid":{"rendered":"http:\/\/dev.claret.cat\/producte\/el-joc-de-les-mentides\/"},"modified":"2023-01-28T19:28:06","modified_gmt":"2023-01-28T18:28:06","slug":"el-joc-de-les-mentides-9788490268728","status":"publish","type":"product","link":"https:\/\/www.claret.cat\/es\/libro\/el-joc-de-les-mentides-9788490268728\/","title":{"rendered":"EL JOC DE LES MENTIDES"},"content":{"rendered":"<p>Quan la Thea, la Fatima i l&#8217;Isa reben un missatge de la Kate amb les paraules \u00abUs necessito\u00bb, no dubten a respondre immediatament a la seva crida. El descobriment d&#8217;un cad\u00e0ver prop de l&#8217;internat on van estudiar amena\u00e7a de treure a la llum uns fets que poden posar fi a la prec\u00e0ria llibertat de la qual han gaudit durant tot aquest temps, despr\u00e9s de passar m\u00e9s de disset anys guardant un secret terrible.<br \/>Com b\u00e9 saben, el cos sense identificar pertany al pare de la Kate, l&#8217;Ambrose, desparegut en estranyes circumst\u00e0ncies en l&#8217;\u00e8poca que feia classe a l&#8217;internat on estudiaven les quatre amigues. Quin paper van exercir elles en aquest succ\u00e9s? Com han aconseguit ocultar els fets durant m\u00e9s d&#8217;una d\u00e8cada? I, sobretot, quant de temps podran seguir amagant la veritat?<br \/>El joc de les mentides s&#8217;emmarca en l&#8217;atmosfera tensa, retor\u00e7uda i plena d&#8217;incertesa que sap crear tan b\u00e9 Ruth Ware.<\/p>\n","protected":false},"excerpt":{"rendered":"<p>WARE, RUTH<\/p>\n","protected":false},"featured_media":319596,"template":"","meta":{"_acf_changed":false,"om_disable_all_campaigns":false,"rs_blank_template":"","rs_page_bg_color":"","slide_template_v7":"","inline_featured_image":false,"_monsterinsights_skip_tracking":false,"_monsterinsights_sitenote_active":false,"_monsterinsights_sitenote_note":"","_monsterinsights_sitenote_category":0},"product_brand":[],"product_cat":[87,353],"product_tag":[],"class_list":{"0":"post-180461","1":"product","2":"type-product","3":"status-publish","4":"has-post-thumbnail","6":"product_cat-literatura","7":"product_cat-literatura-2_humanidades","9":"first","10":"instock","11":"taxable","12":"shipping-taxable","13":"purchasable","14":"product-type-simple"},"acf":{"autor":"WARE, RUTH","codart":"849026872","libros-coleccion":"Llenguatge musical","ediciones":"1","encuadernacion":"R\u00fastica","fecha_de_publicacion":"01\/06\/2018","novedad":"1","paginas":"392","subtitulo":"","orden":"0","portada":"0","idioma":"cat","editorial":[{"ID":147569,"post_author":"3","post_date":"2022-10-14 11:51:34","post_date_gmt":"2022-10-14 09:51:34","post_content":"","post_title":"BROMERA, EDICIONS-VALENCIANO\/CATALAN-TXT","post_excerpt":"","post_status":"publish","comment_status":"closed","ping_status":"closed","post_password":"","post_name":"bromera-edicions-valenciano-catalan-txt","to_ping":"","pinged":"","post_modified":"2022-10-14 11:51:34","post_modified_gmt":"2022-10-14 09:51:34","post_content_filtered":"","post_parent":0,"guid":"http:\/\/dev.claret.cat\/editorial\/bromera-edicions-valenciano-catalan-txt\/","menu_order":0,"post_type":"editorial","post_mime_type":"","comment_count":"0","filter":"raw"}],"autores-libros":[{"ID":168715,"post_author":"3","post_date":"2022-10-14 22:21:21","post_date_gmt":"2022-10-14 20:21:21","post_content":"","post_title":"RUTH WARE","post_excerpt":"","post_status":"publish","comment_status":"closed","ping_status":"closed","post_password":"","post_name":"ruth-ware","to_ping":"","pinged":"","post_modified":"2022-10-14 22:21:21","post_modified_gmt":"2022-10-14 20:21:21","post_content_filtered":"","post_parent":0,"guid":"http:\/\/dev.claret.cat\/autor\/ruth-ware\/","menu_order":0,"post_type":"autor","post_mime_type":"","comment_count":"0","filter":"raw"}]},"aioseo_notices":[],"_links":{"self":[{"href":"https:\/\/www.claret.cat\/es\/wp-json\/wp\/v2\/product\/180461","targetHints":{"allow":["GET"]}}],"collection":[{"href":"https:\/\/www.claret.cat\/es\/wp-json\/wp\/v2\/product"}],"about":[{"href":"https:\/\/www.claret.cat\/es\/wp-json\/wp\/v2\/types\/product"}],"wp:featuredmedia":[{"embeddable":true,"href":"https:\/\/www.claret.cat\/es\/wp-json\/wp\/v2\/media\/319596"}],"wp:attachment":[{"href":"https:\/\/www.claret.cat\/es\/wp-json\/wp\/v2\/media?parent=180461"}],"wp:term":[{"taxonomy":"product_brand","embeddable":true,"href":"https:\/\/www.claret.cat\/es\/wp-json\/wp\/v2\/product_brand?post=180461"},{"taxonomy":"product_cat","embeddable":true,"href":"https:\/\/www.claret.cat\/es\/wp-json\/wp\/v2\/product_cat?post=180461"},{"taxonomy":"product_tag","embeddable":true,"href":"https:\/\/www.claret.cat\/es\/wp-json\/wp\/v2\/product_tag?post=180461"}],"curies":[{"name":"wp","href":"https:\/\/api.w.org\/{rel}","templated":true}]}}