{"id":180467,"date":"2022-10-20T03:15:52","date_gmt":"2022-10-20T01:15:52","guid":{"rendered":"http:\/\/dev.claret.cat\/producte\/superzumos-verdes\/"},"modified":"2023-01-28T07:26:14","modified_gmt":"2023-01-28T06:26:14","slug":"superzumos-verdes-9788499175317","status":"publish","type":"product","link":"https:\/\/www.claret.cat\/es\/libro\/superzumos-verdes-9788499175317\/","title":{"rendered":"SUPERZUMOS VERDES"},"content":{"rendered":"<p>Energ\u00e9ticos, purificantes, vitam\u00ednicos&#8230; Los jugos frescos de frutas y verduras son una fuente inagotable de vitalidad, y a la vez un alimento desintoxicante cuyo alto poder curativo contribuye a reforzar las defensas del organismo. Adem\u00e1s, son muy f\u00e1ciles de preparar en casa, a condici\u00f3n de tner los utensilios adecuados y un poco de pr\u00e1ctica.<br \/>Este libro \u2013depurativo, regenerativo, oxigenante y alcalinizante contiene todos los ingredientes esenciales para que goces de buena vitalidad, consigas modificar algunos h\u00e1bitos perniciosos y disfrutes con unas recetas originales, divertidas y, sobre todo, saludables.<br \/>Aprende a combinar frutas.<br \/>Cuatro estaciones de bebidas saludables con zumos verdes.<br \/>Los jugos de germinados: un torrente de clorofila.<br \/>Las recetas m\u00e1s sugerentes.<br \/>Zumos de apio y lechuga para combatir el insomnio.<br \/>Zanahoria, pepino y remolacha: jugos alcalinos para evitar la acidez de est\u00f3mago.<\/p>\n","protected":false},"excerpt":{"rendered":"<p>HERP, BLANCA<\/p>\n","protected":false},"featured_media":180468,"template":"","meta":{"_acf_changed":false,"om_disable_all_campaigns":false,"rs_blank_template":"","rs_page_bg_color":"","slide_template_v7":"","inline_featured_image":false,"_monsterinsights_skip_tracking":false,"_monsterinsights_sitenote_active":false,"_monsterinsights_sitenote_note":"","_monsterinsights_sitenote_category":0},"product_brand":[],"product_cat":[103],"product_tag":[],"class_list":{"0":"post-180467","1":"product","2":"type-product","3":"status-publish","4":"has-post-thumbnail","6":"product_cat-cuina","8":"first","9":"instock","10":"taxable","11":"shipping-taxable","12":"purchasable","13":"product-type-simple"},"acf":{"autor":"HERP, BLANCA","codart":"849917531","libros-coleccion":"","ediciones":"1","encuadernacion":"R\u00fastica","fecha_de_publicacion":"01\/06\/2018","novedad":"1","paginas":"160","subtitulo":"M\u00c1S DE 100 IDEAS Y RECETAS PARA PREPARAR ZUMOS DELICIOSOS","orden":"0","portada":"0","idioma":"spa","editorial":[{"ID":148753,"post_author":"3","post_date":"2022-10-14 12:00:43","post_date_gmt":"2022-10-14 10:00:43","post_content":"","post_title":"ROBINBOOK","post_excerpt":"","post_status":"publish","comment_status":"closed","ping_status":"closed","post_password":"","post_name":"robinbook","to_ping":"","pinged":"","post_modified":"2022-10-14 12:00:43","post_modified_gmt":"2022-10-14 10:00:43","post_content_filtered":"","post_parent":0,"guid":"http:\/\/dev.claret.cat\/editorial\/robinbook\/","menu_order":0,"post_type":"editorial","post_mime_type":"","comment_count":"0","filter":"raw"}],"autores-libros":[{"ID":151757,"post_author":"3","post_date":"2022-10-14 14:43:23","post_date_gmt":"2022-10-14 12:43:23","post_content":"","post_title":"BLANCA HERP","post_excerpt":"","post_status":"publish","comment_status":"closed","ping_status":"closed","post_password":"","post_name":"blanca-herp","to_ping":"","pinged":"","post_modified":"2022-10-14 14:43:23","post_modified_gmt":"2022-10-14 12:43:23","post_content_filtered":"","post_parent":0,"guid":"http:\/\/dev.claret.cat\/autor\/blanca-herp\/","menu_order":0,"post_type":"autor","post_mime_type":"","comment_count":"0","filter":"raw"}]},"aioseo_notices":[],"_links":{"self":[{"href":"https:\/\/www.claret.cat\/es\/wp-json\/wp\/v2\/product\/180467","targetHints":{"allow":["GET"]}}],"collection":[{"href":"https:\/\/www.claret.cat\/es\/wp-json\/wp\/v2\/product"}],"about":[{"href":"https:\/\/www.claret.cat\/es\/wp-json\/wp\/v2\/types\/product"}],"wp:featuredmedia":[{"embeddable":true,"href":"https:\/\/www.claret.cat\/es\/wp-json\/wp\/v2\/media\/180468"}],"wp:attachment":[{"href":"https:\/\/www.claret.cat\/es\/wp-json\/wp\/v2\/media?parent=180467"}],"wp:term":[{"taxonomy":"product_brand","embeddable":true,"href":"https:\/\/www.claret.cat\/es\/wp-json\/wp\/v2\/product_brand?post=180467"},{"taxonomy":"product_cat","embeddable":true,"href":"https:\/\/www.claret.cat\/es\/wp-json\/wp\/v2\/product_cat?post=180467"},{"taxonomy":"product_tag","embeddable":true,"href":"https:\/\/www.claret.cat\/es\/wp-json\/wp\/v2\/product_tag?post=180467"}],"curies":[{"name":"wp","href":"https:\/\/api.w.org\/{rel}","templated":true}]}}