{"id":180527,"date":"2022-10-20T03:16:50","date_gmt":"2022-10-20T01:16:50","guid":{"rendered":"http:\/\/dev.claret.cat\/producte\/el-sistema-solar-5\/"},"modified":"2023-01-28T11:39:57","modified_gmt":"2023-01-28T10:39:57","slug":"el-sistema-solar-9781474954068","status":"publish","type":"product","link":"https:\/\/www.claret.cat\/es\/libro\/el-sistema-solar-9781474954068\/","title":{"rendered":"EL SISTEMA SOLAR"},"content":{"rendered":"<p>Descubre las maravillas de nuestro sistema solar desplegando este libro repleto de magn\u00edficas ilustraciones. Y despu\u00e9s, dale la vuelta para aprender un mont\u00f3n de cosas sobre los planetas, sus lunas y las naves espaciales que se han enviado a explorarlos. Un regalo perfecto para cualquier peque\u00f1o aficionado al tema del espacio. Incluye enlaces a sitios web con informaci\u00f3n adicional.<\/p>\n","protected":false},"excerpt":{"rendered":"<p>SMITH, SAM<\/p>\n","protected":false},"featured_media":180528,"template":"","meta":{"_acf_changed":false,"om_disable_all_campaigns":false,"rs_blank_template":"","rs_page_bg_color":"","slide_template_v7":"","inline_featured_image":false,"_monsterinsights_skip_tracking":false,"_monsterinsights_sitenote_active":false,"_monsterinsights_sitenote_note":"","_monsterinsights_sitenote_category":0},"product_brand":[],"product_cat":[86],"product_tag":[],"class_list":{"0":"post-180527","1":"product","2":"type-product","3":"status-publish","4":"has-post-thumbnail","6":"product_cat-infantil","8":"first","9":"instock","10":"taxable","11":"shipping-taxable","12":"purchasable","13":"product-type-simple"},"acf":{"autor":"SMITH, SAM","codart":"147495406","libros-coleccion":"USBORNE","ediciones":"1","encuadernacion":"Carpeta","fecha_de_publicacion":"01\/06\/2018","novedad":"1","paginas":"8","subtitulo":"","orden":"0","portada":"0","idioma":"spa","editorial":[{"ID":6385,"post_author":"3","post_date":"2022-07-28 17:51:04","post_date_gmt":"2022-07-28 15:51:04","post_content":"","post_title":"USBORNE ED.","post_excerpt":"","post_status":"publish","comment_status":"closed","ping_status":"closed","post_password":"","post_name":"usborne-ed","to_ping":"","pinged":"","post_modified":"2022-07-28 17:51:04","post_modified_gmt":"2022-07-28 15:51:04","post_content_filtered":"","post_parent":0,"guid":"http:\/\/dev.claret.cat\/editorial\/usborne-ed\/","menu_order":0,"post_type":"editorial","post_mime_type":"","comment_count":"0","filter":"raw"}],"autores-libros":[{"ID":168887,"post_author":"3","post_date":"2022-10-14 22:22:45","post_date_gmt":"2022-10-14 20:22:45","post_content":"","post_title":"SAM SMITH","post_excerpt":"","post_status":"publish","comment_status":"closed","ping_status":"closed","post_password":"","post_name":"sam-smith","to_ping":"","pinged":"","post_modified":"2022-10-14 22:22:45","post_modified_gmt":"2022-10-14 20:22:45","post_content_filtered":"","post_parent":0,"guid":"http:\/\/dev.claret.cat\/autor\/sam-smith\/","menu_order":0,"post_type":"autor","post_mime_type":"","comment_count":"0","filter":"raw"}]},"aioseo_notices":[],"_links":{"self":[{"href":"https:\/\/www.claret.cat\/es\/wp-json\/wp\/v2\/product\/180527","targetHints":{"allow":["GET"]}}],"collection":[{"href":"https:\/\/www.claret.cat\/es\/wp-json\/wp\/v2\/product"}],"about":[{"href":"https:\/\/www.claret.cat\/es\/wp-json\/wp\/v2\/types\/product"}],"wp:featuredmedia":[{"embeddable":true,"href":"https:\/\/www.claret.cat\/es\/wp-json\/wp\/v2\/media\/180528"}],"wp:attachment":[{"href":"https:\/\/www.claret.cat\/es\/wp-json\/wp\/v2\/media?parent=180527"}],"wp:term":[{"taxonomy":"product_brand","embeddable":true,"href":"https:\/\/www.claret.cat\/es\/wp-json\/wp\/v2\/product_brand?post=180527"},{"taxonomy":"product_cat","embeddable":true,"href":"https:\/\/www.claret.cat\/es\/wp-json\/wp\/v2\/product_cat?post=180527"},{"taxonomy":"product_tag","embeddable":true,"href":"https:\/\/www.claret.cat\/es\/wp-json\/wp\/v2\/product_tag?post=180527"}],"curies":[{"name":"wp","href":"https:\/\/api.w.org\/{rel}","templated":true}]}}