{"id":18059,"date":"2022-10-01T23:38:13","date_gmt":"2022-10-01T21:38:13","guid":{"rendered":"http:\/\/dev.claret.cat\/producte\/poesia-catalana-avui-2000-2015\/"},"modified":"2023-01-28T19:37:38","modified_gmt":"2023-01-28T18:37:38","slug":"poesia-catalana-avui-20002015-9788494537028","status":"publish","type":"product","link":"https:\/\/www.claret.cat\/es\/libro\/poesia-catalana-avui-20002015-9788494537028\/","title":{"rendered":"POESIA CATALANA AVUI 2000-2015"},"content":{"rendered":"<p>Poesia catalana avui 2000-2015 recull les pon\u00e8ncies del 2n Encontre d&#8217;escriptors i cr\u00edtics a les Garrigues, centrat en la poesia catalana dels \u00faltims anys, la qual, per la seva contemporane\u00eftat, pr\u00e0cticament no ha estat objecte d&#8217;estudi.<\/p>\n<p> Les aportacions d&#8217;Eduard Batlle, \u00c0lex Broch, Llu\u00eds Calvo, Marta Font, Xavier Maci\u00e0, \u00c0ngels Marzo, Pere Pena, Jaume C. Pons Alorda, Marc Romera i Josep Maria Sala-Valldaura obren un espai de coneixement i de reflexi\u00f3 que pot resultar fonamental per establir el relat de la poesia catalana m\u00e9s recent, relat que tots busquem i volem construir.<\/p>\n<p> Edici\u00f3 a cura d&#8217;\u00c0lex Broch i Joan Cornudella.<\/p>\n","protected":false},"excerpt":{"rendered":"<p>CALVO, LLU\u00cdS \/ SALA VALLDAURA, JOSEP MARIA \/ MACI\u00c0, XAVIER \/ MARZO, \u00c0NGELS \/ PE<\/p>\n","protected":false},"featured_media":74442,"template":"","meta":{"_acf_changed":false,"om_disable_all_campaigns":false,"rs_blank_template":"","rs_page_bg_color":"","slide_template_v7":"","inline_featured_image":false,"_monsterinsights_skip_tracking":false,"_monsterinsights_sitenote_active":false,"_monsterinsights_sitenote_note":"","_monsterinsights_sitenote_category":0},"product_brand":[],"product_cat":[87],"product_tag":[],"class_list":{"0":"post-18059","1":"product","2":"type-product","3":"status-publish","4":"has-post-thumbnail","6":"product_cat-literatura","8":"first","9":"instock","10":"taxable","11":"shipping-taxable","12":"purchasable","13":"product-type-simple"},"acf":{"autor":"CALVO, LLU\u00cdS \/ SALA VALLDAURA, JOSEP MARIA \/ MACI\u00c0, XAVIER \/ MARZO, \u00c0NGELS \/ PE","codart":"849453702","libros-coleccion":"","ediciones":"1","encuadernacion":"R\u00fastica","fecha_de_publicacion":"01\/08\/2016","novedad":"0","paginas":"278","subtitulo":"","orden":"999","portada":"0","idioma":"cat","editorial":[{"ID":147978,"post_author":"3","post_date":"2022-10-14 11:54:41","post_date_gmt":"2022-10-14 09:54:41","post_content":"","post_title":"EDITORIAL FONOLL","post_excerpt":"","post_status":"publish","comment_status":"closed","ping_status":"closed","post_password":"","post_name":"editorial-fonoll","to_ping":"","pinged":"","post_modified":"2022-10-14 11:54:41","post_modified_gmt":"2022-10-14 09:54:41","post_content_filtered":"","post_parent":0,"guid":"http:\/\/dev.claret.cat\/editorial\/editorial-fonoll\/","menu_order":0,"post_type":"editorial","post_mime_type":"","comment_count":"0","filter":"raw"}],"autores-libros":[{"ID":171459,"post_author":"3","post_date":"2022-10-14 22:43:34","post_date_gmt":"2022-10-14 20:43:34","post_content":"","post_title":"XAVIER MACI\u00c0","post_excerpt":"","post_status":"publish","comment_status":"closed","ping_status":"closed","post_password":"","post_name":"xavier-macia","to_ping":"","pinged":"","post_modified":"2022-10-14 22:43:34","post_modified_gmt":"2022-10-14 20:43:34","post_content_filtered":"","post_parent":0,"guid":"http:\/\/dev.claret.cat\/autor\/xavier-macia\/","menu_order":0,"post_type":"autor","post_mime_type":"","comment_count":"0","filter":"raw"},{"ID":150481,"post_author":"3","post_date":"2022-10-14 14:33:18","post_date_gmt":"2022-10-14 12:33:18","post_content":"","post_title":"\u00c0NGELS MARZO","post_excerpt":"","post_status":"publish","comment_status":"closed","ping_status":"closed","post_password":"","post_name":"angels-marzo","to_ping":"","pinged":"","post_modified":"2022-10-14 14:33:18","post_modified_gmt":"2022-10-14 12:33:18","post_content_filtered":"","post_parent":0,"guid":"http:\/\/dev.claret.cat\/autor\/angels-marzo\/","menu_order":0,"post_type":"autor","post_mime_type":"","comment_count":"0","filter":"raw"},{"ID":166816,"post_author":"3","post_date":"2022-10-14 18:06:17","post_date_gmt":"2022-10-14 16:06:17","post_content":"","post_title":"PE","post_excerpt":"","post_status":"publish","comment_status":"closed","ping_status":"closed","post_password":"","post_name":"pe","to_ping":"","pinged":"","post_modified":"2022-10-14 18:06:17","post_modified_gmt":"2022-10-14 16:06:17","post_content_filtered":"","post_parent":0,"guid":"http:\/\/dev.claret.cat\/autor\/pe\/","menu_order":0,"post_type":"autor","post_mime_type":"","comment_count":"0","filter":"raw"},{"ID":162334,"post_author":"3","post_date":"2022-10-14 17:30:12","post_date_gmt":"2022-10-14 15:30:12","post_content":"","post_title":"LLUIS CALVO","post_excerpt":"","post_status":"publish","comment_status":"closed","ping_status":"closed","post_password":"","post_name":"lluis-calvo","to_ping":"","pinged":"","post_modified":"2022-10-14 17:30:12","post_modified_gmt":"2022-10-14 15:30:12","post_content_filtered":"","post_parent":0,"guid":"http:\/\/dev.claret.cat\/autor\/lluis-calvo\/","menu_order":0,"post_type":"autor","post_mime_type":"","comment_count":"0","filter":"raw"},{"ID":160771,"post_author":"3","post_date":"2022-10-14 15:55:45","post_date_gmt":"2022-10-14 13:55:45","post_content":"","post_title":"JOSEP MARIA SALA VALLDAURA","post_excerpt":"","post_status":"publish","comment_status":"closed","ping_status":"closed","post_password":"","post_name":"josep-maria-sala-valldaura","to_ping":"","pinged":"","post_modified":"2022-10-14 15:55:45","post_modified_gmt":"2022-10-14 13:55:45","post_content_filtered":"","post_parent":0,"guid":"http:\/\/dev.claret.cat\/autor\/josep-maria-sala-valldaura\/","menu_order":0,"post_type":"autor","post_mime_type":"","comment_count":"0","filter":"raw"}]},"aioseo_notices":[],"_links":{"self":[{"href":"https:\/\/www.claret.cat\/es\/wp-json\/wp\/v2\/product\/18059","targetHints":{"allow":["GET"]}}],"collection":[{"href":"https:\/\/www.claret.cat\/es\/wp-json\/wp\/v2\/product"}],"about":[{"href":"https:\/\/www.claret.cat\/es\/wp-json\/wp\/v2\/types\/product"}],"wp:featuredmedia":[{"embeddable":true,"href":"https:\/\/www.claret.cat\/es\/wp-json\/wp\/v2\/media\/74442"}],"wp:attachment":[{"href":"https:\/\/www.claret.cat\/es\/wp-json\/wp\/v2\/media?parent=18059"}],"wp:term":[{"taxonomy":"product_brand","embeddable":true,"href":"https:\/\/www.claret.cat\/es\/wp-json\/wp\/v2\/product_brand?post=18059"},{"taxonomy":"product_cat","embeddable":true,"href":"https:\/\/www.claret.cat\/es\/wp-json\/wp\/v2\/product_cat?post=18059"},{"taxonomy":"product_tag","embeddable":true,"href":"https:\/\/www.claret.cat\/es\/wp-json\/wp\/v2\/product_tag?post=18059"}],"curies":[{"name":"wp","href":"https:\/\/api.w.org\/{rel}","templated":true}]}}