{"id":180737,"date":"2022-10-20T03:20:25","date_gmt":"2022-10-20T01:20:25","guid":{"rendered":"http:\/\/dev.claret.cat\/producte\/culinary-backstreet-barcelona-aleman\/"},"modified":"2023-01-28T19:16:52","modified_gmt":"2023-01-28T18:16:52","slug":"culinary-backstreet-barcelona-aleman-9788484788058","status":"publish","type":"product","link":"https:\/\/www.claret.cat\/es\/libro\/culinary-backstreet-barcelona-aleman-9788484788058\/","title":{"rendered":"CULINARY BACKSTREET BARCELONA (ALEM\u00c1N)"},"content":{"rendered":"<p>Culinary Backstreets cobreix l&#8221;escena gastron\u00f2mica m\u00e9s aut\u00e8ntica i ofereix rutes culin\u00e0ries guiades en diverses gastro-capitals del m\u00f3n. Encara que l&#8221;est\u00f3mac hauria de ser la nostra millor br\u00faixola, el cert \u00e9s que no \u00e9s f\u00e0cil trobar el cam\u00ed sense un bon conseller local. Aquest \u00e9s el paper de Culinary Backstreets. Les nostres rutes gastron\u00f2miques en grups petits s\u00f3n un banquet educatiu a trav\u00e9s de carrers amagats i mercats aut\u00e8ntics, en qu\u00e8 es visiten algunes joies gastron\u00f2miques i, entre mos i mos, monuments i llocs hist\u00f2rics poc tur\u00edstics. Deixa&#8221;ns ensenyar-te el cam\u00ed.<\/p>\n","protected":false},"excerpt":{"rendered":"<p>A.A.V.V.<\/p>\n","protected":false},"featured_media":180738,"template":"","meta":{"_acf_changed":false,"om_disable_all_campaigns":false,"rs_blank_template":"","rs_page_bg_color":"","slide_template_v7":"","inline_featured_image":false,"_monsterinsights_skip_tracking":false,"_monsterinsights_sitenote_active":false,"_monsterinsights_sitenote_note":"","_monsterinsights_sitenote_category":0},"product_brand":[],"product_cat":[107],"product_tag":[],"class_list":{"0":"post-180737","1":"product","2":"type-product","3":"status-publish","4":"has-post-thumbnail","6":"product_cat-guies-de-viatge","8":"first","9":"instock","10":"taxable","11":"shipping-taxable","12":"purchasable","13":"product-type-simple"},"acf":{"autor":"A.A.V.V.","codart":"848478805","libros-coleccion":"S\u00e8rie 5","ediciones":"1","encuadernacion":"R\u00fastica","fecha_de_publicacion":"01\/06\/2018","novedad":"1","paginas":"157","subtitulo":"RESTAURANTF\u00dcHRER","orden":"0","portada":"0","idioma":"ger","editorial":[{"ID":148898,"post_author":"3","post_date":"2022-10-14 12:01:51","post_date_gmt":"2022-10-14 10:01:51","post_content":"","post_title":"TRIANGLE POSTALS","post_excerpt":"","post_status":"publish","comment_status":"closed","ping_status":"closed","post_password":"","post_name":"triangle-postals","to_ping":"","pinged":"","post_modified":"2022-10-14 12:01:51","post_modified_gmt":"2022-10-14 10:01:51","post_content_filtered":"","post_parent":0,"guid":"http:\/\/dev.claret.cat\/editorial\/triangle-postals\/","menu_order":0,"post_type":"editorial","post_mime_type":"","comment_count":"0","filter":"raw"}],"autores-libros":[{"ID":5196,"post_author":"3","post_date":"2022-07-28 17:16:50","post_date_gmt":"2022-07-28 15:16:50","post_content":"","post_title":"A.A.V.V.","post_excerpt":"","post_status":"publish","comment_status":"closed","ping_status":"closed","post_password":"","post_name":"a-a-v-v","to_ping":"","pinged":"","post_modified":"2022-07-28 17:16:50","post_modified_gmt":"2022-07-28 15:16:50","post_content_filtered":"","post_parent":0,"guid":"http:\/\/dev.claret.cat\/autor\/a-a-v-v\/","menu_order":0,"post_type":"autor","post_mime_type":"","comment_count":"0","filter":"raw"}]},"aioseo_notices":[],"_links":{"self":[{"href":"https:\/\/www.claret.cat\/es\/wp-json\/wp\/v2\/product\/180737","targetHints":{"allow":["GET"]}}],"collection":[{"href":"https:\/\/www.claret.cat\/es\/wp-json\/wp\/v2\/product"}],"about":[{"href":"https:\/\/www.claret.cat\/es\/wp-json\/wp\/v2\/types\/product"}],"wp:featuredmedia":[{"embeddable":true,"href":"https:\/\/www.claret.cat\/es\/wp-json\/wp\/v2\/media\/180738"}],"wp:attachment":[{"href":"https:\/\/www.claret.cat\/es\/wp-json\/wp\/v2\/media?parent=180737"}],"wp:term":[{"taxonomy":"product_brand","embeddable":true,"href":"https:\/\/www.claret.cat\/es\/wp-json\/wp\/v2\/product_brand?post=180737"},{"taxonomy":"product_cat","embeddable":true,"href":"https:\/\/www.claret.cat\/es\/wp-json\/wp\/v2\/product_cat?post=180737"},{"taxonomy":"product_tag","embeddable":true,"href":"https:\/\/www.claret.cat\/es\/wp-json\/wp\/v2\/product_tag?post=180737"}],"curies":[{"name":"wp","href":"https:\/\/api.w.org\/{rel}","templated":true}]}}