{"id":180743,"date":"2022-10-20T03:20:31","date_gmt":"2022-10-20T01:20:31","guid":{"rendered":"http:\/\/dev.claret.cat\/producte\/menorca-2\/"},"modified":"2023-01-28T17:19:05","modified_gmt":"2023-01-28T16:19:05","slug":"menorca-9788484788218","status":"publish","type":"product","link":"https:\/\/www.claret.cat\/es\/libro\/menorca-9788484788218\/","title":{"rendered":"MENORCA"},"content":{"rendered":"<p>Menorca es una isla imprescindible. Toda la isla. Sin excepciones. Playas y calas, pueblos, rutas por la naturaleza, yacimientos arqueol\u00f3gicos, patrimonio arquitect\u00f3nico&#8230; Toda Menorca es de visita obligada. La misma consideraci\u00f3n merecen su cultura y tradiciones, con las fiestas y la gastronom\u00eda como exponentes principales. Esta gu\u00eda es la respuesta a un gran reto: mostrar todo lo que no os pod\u00e9is perder de Menorca, una de les pocas islas del Mediterr\u00e1neo todav\u00eda paradis\u00edacas.<\/p>\n","protected":false},"excerpt":{"rendered":"<p>MERCADAL ARGUIMBAU, JOAN \/ PLA BOADA, RICARD \/ PONS PETRUS, JUANJO \/ PUIG VENTU<\/p>\n","protected":false},"featured_media":180744,"template":"","meta":{"_acf_changed":false,"om_disable_all_campaigns":false,"rs_blank_template":"","rs_page_bg_color":"","slide_template_v7":"","inline_featured_image":false,"_monsterinsights_skip_tracking":false,"_monsterinsights_sitenote_active":false,"_monsterinsights_sitenote_note":"","_monsterinsights_sitenote_category":0},"product_brand":[],"product_cat":[107],"product_tag":[],"class_list":{"0":"post-180743","1":"product","2":"type-product","3":"status-publish","4":"has-post-thumbnail","6":"product_cat-guies-de-viatge","8":"first","9":"instock","10":"taxable","11":"shipping-taxable","12":"purchasable","13":"product-type-simple"},"acf":{"editorial":[{"ID":148898,"post_author":"3","post_date":"2022-10-14 12:01:51","post_date_gmt":"2022-10-14 10:01:51","post_content":"","post_title":"TRIANGLE POSTALS","post_excerpt":"","post_status":"publish","comment_status":"closed","ping_status":"closed","post_password":"","post_name":"triangle-postals","to_ping":"","pinged":"","post_modified":"2022-10-14 12:01:51","post_modified_gmt":"2022-10-14 10:01:51","post_content_filtered":"","post_parent":0,"guid":"http:\/\/dev.claret.cat\/editorial\/triangle-postals\/","menu_order":0,"post_type":"editorial","post_mime_type":"","comment_count":"0","filter":"raw"}],"autores-libros":[{"ID":168030,"post_author":"3","post_date":"2022-10-14 18:15:57","post_date_gmt":"2022-10-14 16:15:57","post_content":"","post_title":"RICARD PLA BOADA","post_excerpt":"","post_status":"publish","comment_status":"closed","ping_status":"closed","post_password":"","post_name":"ricard-pla-boada","to_ping":"","pinged":"","post_modified":"2022-10-14 18:15:57","post_modified_gmt":"2022-10-14 16:15:57","post_content_filtered":"","post_parent":0,"guid":"http:\/\/dev.claret.cat\/autor\/ricard-pla-boada\/","menu_order":0,"post_type":"autor","post_mime_type":"","comment_count":"0","filter":"raw"}],"autor":"MERCADAL ARGUIMBAU, JOAN \/ PLA BOADA, RICARD \/ PONS PETRUS, JUANJO \/ PUIG VENTU","codart":"848478821","libros-coleccion":"Serie 3 'Norte'","ediciones":"1","encuadernacion":"R\u00fastica","fecha_de_publicacion":"01\/06\/2018","novedad":"1","paginas":"159","subtitulo":"IMPRESCINDIBLE","orden":"0","portada":"0","idioma":"spa"},"aioseo_notices":[],"_links":{"self":[{"href":"https:\/\/www.claret.cat\/es\/wp-json\/wp\/v2\/product\/180743","targetHints":{"allow":["GET"]}}],"collection":[{"href":"https:\/\/www.claret.cat\/es\/wp-json\/wp\/v2\/product"}],"about":[{"href":"https:\/\/www.claret.cat\/es\/wp-json\/wp\/v2\/types\/product"}],"wp:featuredmedia":[{"embeddable":true,"href":"https:\/\/www.claret.cat\/es\/wp-json\/wp\/v2\/media\/180744"}],"wp:attachment":[{"href":"https:\/\/www.claret.cat\/es\/wp-json\/wp\/v2\/media?parent=180743"}],"wp:term":[{"taxonomy":"product_brand","embeddable":true,"href":"https:\/\/www.claret.cat\/es\/wp-json\/wp\/v2\/product_brand?post=180743"},{"taxonomy":"product_cat","embeddable":true,"href":"https:\/\/www.claret.cat\/es\/wp-json\/wp\/v2\/product_cat?post=180743"},{"taxonomy":"product_tag","embeddable":true,"href":"https:\/\/www.claret.cat\/es\/wp-json\/wp\/v2\/product_tag?post=180743"}],"curies":[{"name":"wp","href":"https:\/\/api.w.org\/{rel}","templated":true}]}}