{"id":180746,"date":"2022-10-20T03:20:35","date_gmt":"2022-10-20T01:20:35","guid":{"rendered":"http:\/\/dev.claret.cat\/producte\/menorca-3\/"},"modified":"2023-01-28T19:48:57","modified_gmt":"2023-01-28T18:48:57","slug":"menorca-9788484788225","status":"publish","type":"product","link":"https:\/\/www.claret.cat\/es\/libro\/menorca-9788484788225\/","title":{"rendered":"MENORCA"},"content":{"rendered":"<p>Menorca \u00e9s una illa imprescindible. Tota l&#8217;illa. Sense excepcions. Platges i cales, pobles, rutes per la natura, jaciments arqueol\u00f2gics, patrimoni arquitect\u00f2nic&#8230; Tot Menorca \u00e9s de visita obligada. La mateixa consideraci\u00f3 mereixen la seva cultura i tradicions, amb les festes i la gastronomia com a exponents principals. Aquesta guia \u00e9s, doncs, la resposta a un gran repte: mostrar tot all\u00f2 que no us podeu perdre de Menorca, una de les poques illes del Mediterrani encara paradis\u00edaques.<\/p>\n","protected":false},"excerpt":{"rendered":"<p>MERCADAL ARGUIMBAU, JOAN \/ PLA BOADA, RICARD \/ PONS PETRUS, JUANJO \/ PUIG VENTU<\/p>\n","protected":false},"featured_media":180747,"template":"","meta":{"_acf_changed":false,"om_disable_all_campaigns":false,"rs_blank_template":"","rs_page_bg_color":"","slide_template_v7":"","inline_featured_image":false,"_monsterinsights_skip_tracking":false,"_monsterinsights_sitenote_active":false,"_monsterinsights_sitenote_note":"","_monsterinsights_sitenote_category":0},"product_brand":[],"product_cat":[16],"product_tag":[],"class_list":{"0":"post-180746","1":"product","2":"type-product","3":"status-publish","4":"has-post-thumbnail","6":"product_cat-sense-categoria","8":"first","9":"instock","10":"taxable","11":"shipping-taxable","12":"purchasable","13":"product-type-simple"},"acf":{"editorial":[{"ID":148898,"post_author":"3","post_date":"2022-10-14 12:01:51","post_date_gmt":"2022-10-14 10:01:51","post_content":"","post_title":"TRIANGLE POSTALS","post_excerpt":"","post_status":"publish","comment_status":"closed","ping_status":"closed","post_password":"","post_name":"triangle-postals","to_ping":"","pinged":"","post_modified":"2022-10-14 12:01:51","post_modified_gmt":"2022-10-14 10:01:51","post_content_filtered":"","post_parent":0,"guid":"http:\/\/dev.claret.cat\/editorial\/triangle-postals\/","menu_order":0,"post_type":"editorial","post_mime_type":"","comment_count":"0","filter":"raw"}],"autores-libros":[{"ID":168030,"post_author":"3","post_date":"2022-10-14 18:15:57","post_date_gmt":"2022-10-14 16:15:57","post_content":"","post_title":"RICARD PLA BOADA","post_excerpt":"","post_status":"publish","comment_status":"closed","ping_status":"closed","post_password":"","post_name":"ricard-pla-boada","to_ping":"","pinged":"","post_modified":"2022-10-14 18:15:57","post_modified_gmt":"2022-10-14 16:15:57","post_content_filtered":"","post_parent":0,"guid":"http:\/\/dev.claret.cat\/autor\/ricard-pla-boada\/","menu_order":0,"post_type":"autor","post_mime_type":"","comment_count":"0","filter":"raw"}],"autor":"MERCADAL ARGUIMBAU, JOAN \/ PLA BOADA, RICARD \/ PONS PETRUS, JUANJO \/ PUIG VENTU","codart":"848478822","libros-coleccion":"Serie 3 'Norte'","ediciones":"1","encuadernacion":"R\u00fastica","fecha_de_publicacion":"01\/06\/2018","novedad":"1","paginas":"159","subtitulo":"IMPRESCINDIBLE","orden":"0","portada":"0","idioma":"spa"},"aioseo_notices":[],"_links":{"self":[{"href":"https:\/\/www.claret.cat\/es\/wp-json\/wp\/v2\/product\/180746","targetHints":{"allow":["GET"]}}],"collection":[{"href":"https:\/\/www.claret.cat\/es\/wp-json\/wp\/v2\/product"}],"about":[{"href":"https:\/\/www.claret.cat\/es\/wp-json\/wp\/v2\/types\/product"}],"wp:featuredmedia":[{"embeddable":true,"href":"https:\/\/www.claret.cat\/es\/wp-json\/wp\/v2\/media\/180747"}],"wp:attachment":[{"href":"https:\/\/www.claret.cat\/es\/wp-json\/wp\/v2\/media?parent=180746"}],"wp:term":[{"taxonomy":"product_brand","embeddable":true,"href":"https:\/\/www.claret.cat\/es\/wp-json\/wp\/v2\/product_brand?post=180746"},{"taxonomy":"product_cat","embeddable":true,"href":"https:\/\/www.claret.cat\/es\/wp-json\/wp\/v2\/product_cat?post=180746"},{"taxonomy":"product_tag","embeddable":true,"href":"https:\/\/www.claret.cat\/es\/wp-json\/wp\/v2\/product_tag?post=180746"}],"curies":[{"name":"wp","href":"https:\/\/api.w.org\/{rel}","templated":true}]}}