{"id":180818,"date":"2022-10-20T03:21:50","date_gmt":"2022-10-20T01:21:50","guid":{"rendered":"http:\/\/dev.claret.cat\/producte\/juego-de-mentiras\/"},"modified":"2023-01-28T17:30:58","modified_gmt":"2023-01-28T16:30:58","slug":"juego-de-mentiras-9788498388794","status":"publish","type":"product","link":"https:\/\/www.claret.cat\/es\/libro\/juego-de-mentiras-9788498388794\/","title":{"rendered":"JUEGO DE MENTIRAS"},"content":{"rendered":"<p>Cuando Isa recibe un mensaje en plena madrugada que dice \u00abos necesito\u00bb, comprende enseguida que el pasado ha vuelto para ajustar cuentas. Pese a que ha hecho lo indecible por olvidar aquel episodio oscuro que marc\u00f3 su adolescencia, su fidelidad a Kate se antepone a todos sus temores. As\u00ed que no duda un instante en tomar el primer tren desde Londres hasta el pueblo costero de Salten, donde la marea baja acaba de dejar al descubierto los restos de un cad\u00e1ver.<br \/>Al mismo lugar acudir\u00e1n Fatima y Thea, las otras dos chicas de aquel cuarteto tan especial que en el internado formaban una pi\u00f1a, una uni\u00f3n que culmin\u00f3 en una promesa solemne. Aficionadas al peligroso juego de las mentiras y a saltarse las normas del colegio, sus caminos se separaron de forma abrupta y dram\u00e1tica. Ahora, este reencuentro s\u00fabito las obliga a revisar sus recuerdos y a compartir sus secretos sobre el episodio que cambi\u00f3 sus vidas, aunque con ello afloren unas cuantas verdades para las que quiz\u00e1 no est\u00e9n preparadas.<br \/>Tras el desbordante \u00e9xito de La mujer del camarote 10 traducida a treinta y dos idiomas y situada durante meses en los primeros puestos de las listas de best-sellers en Inglaterra, Estados Unidos, Alemania, Italia y Espa\u00f1a, entre otros, Ruth Ware ha puesto todo su ingenio narrativo en el complejo mundo de la amistad femenina, en la fuerza destructora de las palabras dichas y no dichas, y, a la postre, en la imposibilidad de eludir nuestros compromisos. Una trama s\u00f3lida, absorbente, emotiva y rebosante de astucia, que afianza a la autora de Juego de mentiras como uno de los valores m\u00e1s destacados del thriller psicol\u00f3gico actual.<\/p>\n","protected":false},"excerpt":{"rendered":"<p>WARE, RUTH<\/p>\n","protected":false},"featured_media":180819,"template":"","meta":{"_acf_changed":false,"om_disable_all_campaigns":false,"rs_blank_template":"","rs_page_bg_color":"","slide_template_v7":"","inline_featured_image":false,"_monsterinsights_skip_tracking":false,"_monsterinsights_sitenote_active":false,"_monsterinsights_sitenote_note":"","_monsterinsights_sitenote_category":0},"product_brand":[],"product_cat":[87],"product_tag":[],"class_list":{"0":"post-180818","1":"product","2":"type-product","3":"status-publish","4":"has-post-thumbnail","6":"product_cat-literatura","8":"first","9":"instock","10":"taxable","11":"shipping-taxable","12":"purchasable","13":"product-type-simple"},"acf":{"autor":"WARE, RUTH","codart":"849838879","libros-coleccion":"Novela","ediciones":"1","encuadernacion":"R\u00fastica","fecha_de_publicacion":"01\/06\/2018","novedad":"1","paginas":"382","subtitulo":"","orden":"0","portada":"0","idioma":"spa","editorial":[{"ID":6352,"post_author":"3","post_date":"2022-07-28 17:50:21","post_date_gmt":"2022-07-28 15:50:21","post_content":"","post_title":"SALAMANDRA","post_excerpt":"","post_status":"publish","comment_status":"closed","ping_status":"closed","post_password":"","post_name":"salamandra","to_ping":"","pinged":"","post_modified":"2022-07-28 17:50:21","post_modified_gmt":"2022-07-28 15:50:21","post_content_filtered":"","post_parent":0,"guid":"http:\/\/dev.claret.cat\/editorial\/salamandra\/","menu_order":0,"post_type":"editorial","post_mime_type":"","comment_count":"0","filter":"raw"}],"autores-libros":[{"ID":168715,"post_author":"3","post_date":"2022-10-14 22:21:21","post_date_gmt":"2022-10-14 20:21:21","post_content":"","post_title":"RUTH WARE","post_excerpt":"","post_status":"publish","comment_status":"closed","ping_status":"closed","post_password":"","post_name":"ruth-ware","to_ping":"","pinged":"","post_modified":"2022-10-14 22:21:21","post_modified_gmt":"2022-10-14 20:21:21","post_content_filtered":"","post_parent":0,"guid":"http:\/\/dev.claret.cat\/autor\/ruth-ware\/","menu_order":0,"post_type":"autor","post_mime_type":"","comment_count":"0","filter":"raw"}]},"aioseo_notices":[],"_links":{"self":[{"href":"https:\/\/www.claret.cat\/es\/wp-json\/wp\/v2\/product\/180818","targetHints":{"allow":["GET"]}}],"collection":[{"href":"https:\/\/www.claret.cat\/es\/wp-json\/wp\/v2\/product"}],"about":[{"href":"https:\/\/www.claret.cat\/es\/wp-json\/wp\/v2\/types\/product"}],"wp:featuredmedia":[{"embeddable":true,"href":"https:\/\/www.claret.cat\/es\/wp-json\/wp\/v2\/media\/180819"}],"wp:attachment":[{"href":"https:\/\/www.claret.cat\/es\/wp-json\/wp\/v2\/media?parent=180818"}],"wp:term":[{"taxonomy":"product_brand","embeddable":true,"href":"https:\/\/www.claret.cat\/es\/wp-json\/wp\/v2\/product_brand?post=180818"},{"taxonomy":"product_cat","embeddable":true,"href":"https:\/\/www.claret.cat\/es\/wp-json\/wp\/v2\/product_cat?post=180818"},{"taxonomy":"product_tag","embeddable":true,"href":"https:\/\/www.claret.cat\/es\/wp-json\/wp\/v2\/product_tag?post=180818"}],"curies":[{"name":"wp","href":"https:\/\/api.w.org\/{rel}","templated":true}]}}