{"id":181019,"date":"2022-10-20T03:25:12","date_gmt":"2022-10-20T01:25:12","guid":{"rendered":"http:\/\/dev.claret.cat\/producte\/la-defensa\/"},"modified":"2025-07-08T13:30:36","modified_gmt":"2025-07-08T11:30:36","slug":"la-defensa-9788433960337","status":"publish","type":"product","link":"https:\/\/www.claret.cat\/es\/libro\/la-defensa-9788433960337\/","title":{"rendered":"LA DEFENSA"},"content":{"rendered":"<p>El descubrimiento del ajedrez supone para el gran maestro Luzhin, protagonista de esta novela, la revelaci\u00f3n de un orden de impecable armon\u00eda donde encontrar refugio contra las tribulaciones de su desdichada adolescencia. A partir de ese momento da comienzo su brillante carrera como campe\u00f3n en ese juego, que pronto se convierte en una obsesi\u00f3n que absorbe su vida por completo. Luzhin comprende, demasiado tarde, que tal obsesi\u00f3n amenaza con destruirlo y que el instrumento escogido como defensa contra el desorden y los agravios del mundo es tambi\u00e9n un arma que finalmente se vuelve contra \u00e9l mismo, hall\u00e1ndolo en la m\u00e1s pat\u00e9tica indefensi\u00f3n. Todos los elementos de la trama se hallan sutilmente enlazados en un juego de correspondencias y de calculados golpes de efecto supeditados con inimitable sabidur\u00eda a una estructura que, deliberadamente, recuerda aqu\u00ed a una elegante, astuta e implacable partida de ajedrez.<\/p>\n","protected":false},"excerpt":{"rendered":"<p>NABOKOV, VLADIMIR<\/p>\n","protected":false},"featured_media":1044941,"template":"","meta":{"_acf_changed":false,"om_disable_all_campaigns":false,"rs_blank_template":"","rs_page_bg_color":"","slide_template_v7":"","inline_featured_image":false,"_monsterinsights_skip_tracking":false,"_monsterinsights_sitenote_active":false,"_monsterinsights_sitenote_note":"","_monsterinsights_sitenote_category":0},"product_brand":[],"product_cat":[87,353],"product_tag":[],"class_list":{"0":"post-181019","1":"product","2":"type-product","3":"status-publish","4":"has-post-thumbnail","6":"product_cat-literatura","7":"product_cat-literatura-2_humanidades","9":"first","10":"outofstock","11":"taxable","12":"shipping-taxable","13":"purchasable","14":"product-type-simple"},"acf":{"autor":"NABOKOV, VLADIMIR","codart":"843396033","libros-coleccion":"Compactos","ediciones":"1","encuadernacion":"R\u00fastica","fecha_de_publicacion":"01\/06\/2018","novedad":"0","paginas":"262","subtitulo":"","orden":"0","portada":"0","idioma":"spa","editorial":[{"ID":6219,"post_author":"3","post_date":"2022-07-28 17:47:26","post_date_gmt":"2022-07-28 15:47:26","post_content":"","post_title":"Editorial Anagrama S.A.","post_excerpt":"","post_status":"publish","comment_status":"closed","ping_status":"closed","post_password":"","post_name":"editorial-anagrama-s-a","to_ping":"","pinged":"","post_modified":"2022-07-28 17:47:26","post_modified_gmt":"2022-07-28 15:47:26","post_content_filtered":"","post_parent":0,"guid":"http:\/\/dev.claret.cat\/editorial\/editorial-anagrama-s-a\/","menu_order":0,"post_type":"editorial","post_mime_type":"","comment_count":"0","filter":"raw"}],"autores-libros":[{"ID":171191,"post_author":"3","post_date":"2022-10-14 22:41:24","post_date_gmt":"2022-10-14 20:41:24","post_content":"","post_title":"VLADIMIR NABOKOV","post_excerpt":"","post_status":"publish","comment_status":"closed","ping_status":"closed","post_password":"","post_name":"vladimir-nabokov","to_ping":"","pinged":"","post_modified":"2022-10-14 22:41:24","post_modified_gmt":"2022-10-14 20:41:24","post_content_filtered":"","post_parent":0,"guid":"http:\/\/dev.claret.cat\/autor\/vladimir-nabokov\/","menu_order":0,"post_type":"autor","post_mime_type":"","comment_count":"0","filter":"raw"}],"booktrailer":"","resenas":""},"aioseo_notices":[],"_links":{"self":[{"href":"https:\/\/www.claret.cat\/es\/wp-json\/wp\/v2\/product\/181019","targetHints":{"allow":["GET"]}}],"collection":[{"href":"https:\/\/www.claret.cat\/es\/wp-json\/wp\/v2\/product"}],"about":[{"href":"https:\/\/www.claret.cat\/es\/wp-json\/wp\/v2\/types\/product"}],"wp:featuredmedia":[{"embeddable":true,"href":"https:\/\/www.claret.cat\/es\/wp-json\/wp\/v2\/media\/1044941"}],"wp:attachment":[{"href":"https:\/\/www.claret.cat\/es\/wp-json\/wp\/v2\/media?parent=181019"}],"wp:term":[{"taxonomy":"product_brand","embeddable":true,"href":"https:\/\/www.claret.cat\/es\/wp-json\/wp\/v2\/product_brand?post=181019"},{"taxonomy":"product_cat","embeddable":true,"href":"https:\/\/www.claret.cat\/es\/wp-json\/wp\/v2\/product_cat?post=181019"},{"taxonomy":"product_tag","embeddable":true,"href":"https:\/\/www.claret.cat\/es\/wp-json\/wp\/v2\/product_tag?post=181019"}],"curies":[{"name":"wp","href":"https:\/\/api.w.org\/{rel}","templated":true}]}}