{"id":181046,"date":"2022-10-20T03:25:43","date_gmt":"2022-10-20T01:25:43","guid":{"rendered":"http:\/\/dev.claret.cat\/producte\/days-that-will-last-for-years\/"},"modified":"2023-01-28T21:01:26","modified_gmt":"2023-01-28T20:01:26","slug":"days-that-will-last-for-years-9788416915651","status":"publish","type":"product","link":"https:\/\/www.claret.cat\/es\/libro\/days-that-will-last-for-years-9788416915651\/","title":{"rendered":"DAYS THAT WILL LAST FOR YEARS"},"content":{"rendered":"<p>The astuteness of all those citizens who guarded ballot boxes and papers, the first wave of arrests of public officials, society&#8221;s all-out mobilisation, the police violence, the peaceful resistance and the political and judicial action triggered by all of this will accompany some and haunt others for the rest of their lives. The autumm if 2017 left us many iconic images. Days tha will last for yearsbrings together a series of photograps that Jordi Borr\u00e0s, one of the Catalonia&#8221;s most dynamic photojournalis, has saved for posterity, as well as a selection of images by Seri Alc\u00e1zar, Oriol Clavera, Ram\u00f3n Costa, Sira Esclasans, Ramon Ferrandis, ALbert Garcia, Santi Iglesias, Miriam L\u00e1zaro, Carles Palacio and Carles Ribas.<\/p>\n","protected":false},"excerpt":{"rendered":"<p>BORR\u00c0S I ABELL\u00d3, JORDI<\/p>\n","protected":false},"featured_media":181047,"template":"","meta":{"_acf_changed":false,"om_disable_all_campaigns":false,"rs_blank_template":"","rs_page_bg_color":"","slide_template_v7":"","inline_featured_image":false,"_monsterinsights_skip_tracking":false,"_monsterinsights_sitenote_active":false,"_monsterinsights_sitenote_note":"","_monsterinsights_sitenote_category":0},"product_brand":[],"product_cat":[109,85],"product_tag":[],"class_list":{"0":"post-181046","1":"product","2":"type-product","3":"status-publish","4":"has-post-thumbnail","6":"product_cat-angles","7":"product_cat-historia","9":"first","10":"instock","11":"taxable","12":"shipping-taxable","13":"purchasable","14":"product-type-simple"},"acf":{"autor":"BORR\u00c0S I ABELL\u00d3, JORDI","codart":"841691565","libros-coleccion":"","ediciones":"1","encuadernacion":"Carton\u00e9","fecha_de_publicacion":"01\/06\/2018","novedad":"1","paginas":"205","subtitulo":"","orden":"0","portada":"0","idioma":"eng","editorial":[{"ID":147452,"post_author":"3","post_date":"2022-10-14 11:50:41","post_date_gmt":"2022-10-14 09:50:41","post_content":"","post_title":"Ara","post_excerpt":"","post_status":"publish","comment_status":"closed","ping_status":"closed","post_password":"","post_name":"ara","to_ping":"","pinged":"","post_modified":"2022-10-14 11:50:41","post_modified_gmt":"2022-10-14 09:50:41","post_content_filtered":"","post_parent":0,"guid":"http:\/\/dev.claret.cat\/editorial\/ara\/","menu_order":0,"post_type":"editorial","post_mime_type":"","comment_count":"0","filter":"raw"}],"autores-libros":[{"ID":159842,"post_author":"3","post_date":"2022-10-14 15:48:10","post_date_gmt":"2022-10-14 13:48:10","post_content":"","post_title":"JORDI BORR\u00c0S I ABELL\u00d3","post_excerpt":"","post_status":"publish","comment_status":"closed","ping_status":"closed","post_password":"","post_name":"jordi-borras-i-abello","to_ping":"","pinged":"","post_modified":"2022-10-14 15:48:10","post_modified_gmt":"2022-10-14 13:48:10","post_content_filtered":"","post_parent":0,"guid":"http:\/\/dev.claret.cat\/autor\/jordi-borras-i-abello\/","menu_order":0,"post_type":"autor","post_mime_type":"","comment_count":"0","filter":"raw"}]},"aioseo_notices":[],"_links":{"self":[{"href":"https:\/\/www.claret.cat\/es\/wp-json\/wp\/v2\/product\/181046","targetHints":{"allow":["GET"]}}],"collection":[{"href":"https:\/\/www.claret.cat\/es\/wp-json\/wp\/v2\/product"}],"about":[{"href":"https:\/\/www.claret.cat\/es\/wp-json\/wp\/v2\/types\/product"}],"wp:featuredmedia":[{"embeddable":true,"href":"https:\/\/www.claret.cat\/es\/wp-json\/wp\/v2\/media\/181047"}],"wp:attachment":[{"href":"https:\/\/www.claret.cat\/es\/wp-json\/wp\/v2\/media?parent=181046"}],"wp:term":[{"taxonomy":"product_brand","embeddable":true,"href":"https:\/\/www.claret.cat\/es\/wp-json\/wp\/v2\/product_brand?post=181046"},{"taxonomy":"product_cat","embeddable":true,"href":"https:\/\/www.claret.cat\/es\/wp-json\/wp\/v2\/product_cat?post=181046"},{"taxonomy":"product_tag","embeddable":true,"href":"https:\/\/www.claret.cat\/es\/wp-json\/wp\/v2\/product_tag?post=181046"}],"curies":[{"name":"wp","href":"https:\/\/api.w.org\/{rel}","templated":true}]}}