{"id":181160,"date":"2022-10-20T03:27:42","date_gmt":"2022-10-20T01:27:42","guid":{"rendered":"http:\/\/dev.claret.cat\/producte\/cartes-a-milena\/"},"modified":"2023-01-28T03:50:43","modified_gmt":"2023-01-28T02:50:43","slug":"cartes-a-milena-9788417410070","status":"publish","type":"product","link":"https:\/\/www.claret.cat\/es\/libro\/cartes-a-milena-9788417410070\/","title":{"rendered":"CARTES A MILENA"},"content":{"rendered":"<p>&#8216;Cartas a Milena&#8217; re\u00fane la correspondencia que Kafka le dirigi\u00f3 a Milena Jesenska, entre 1920 y 1922. La primera carta comienza como una novela. Le\u00eddas todas juntas se convierten en una novela de amor apasionado y desesperado. Al margen de la poca frecuencia de sus encuentros, sus amores son esencialmente epistolares, como los de Werther o los de Kierkegaard. Las cartas no s\u00f3lo nos muestran la transici\u00f3n de una amistad que empieza por intereses literarios mutuos para convertirse en sentimental, sino que revela tambi\u00e9n de forma excepcional la sensibilidad e intimidad emocional del autor checo. Kafka muri\u00f3 en 1924, Milena veinte a\u00f1os despu\u00e9s, en el campo de concentraci\u00f3n de Ravensbr\u00fcck.<\/p>\n","protected":false},"excerpt":{"rendered":"<p>KAFKA, FRANZ<\/p>\n","protected":false},"featured_media":181161,"template":"","meta":{"_acf_changed":false,"om_disable_all_campaigns":false,"rs_blank_template":"","rs_page_bg_color":"","slide_template_v7":"","inline_featured_image":false,"_monsterinsights_skip_tracking":false,"_monsterinsights_sitenote_active":false,"_monsterinsights_sitenote_note":"","_monsterinsights_sitenote_category":0},"product_brand":[],"product_cat":[16],"product_tag":[],"class_list":{"0":"post-181160","1":"product","2":"type-product","3":"status-publish","4":"has-post-thumbnail","6":"product_cat-sense-categoria","8":"first","9":"instock","10":"taxable","11":"shipping-taxable","12":"purchasable","13":"product-type-simple"},"acf":{"autor":"KAFKA, FRANZ","codart":"841741007","libros-coleccion":"Narrativa","ediciones":"1","encuadernacion":"Carpeta","fecha_de_publicacion":"01\/06\/2018","novedad":"1","paginas":"337","subtitulo":"","orden":"0","portada":"0","idioma":"car","editorial":[{"ID":6344,"post_author":"3","post_date":"2022-07-28 17:50:11","post_date_gmt":"2022-07-28 15:50:11","post_content":"","post_title":"QUID PRO QUO EDICIONES","post_excerpt":"","post_status":"publish","comment_status":"closed","ping_status":"closed","post_password":"","post_name":"quid-pro-quo-ediciones","to_ping":"","pinged":"","post_modified":"2022-07-28 17:50:11","post_modified_gmt":"2022-07-28 15:50:11","post_content_filtered":"","post_parent":0,"guid":"http:\/\/dev.claret.cat\/editorial\/quid-pro-quo-ediciones\/","menu_order":0,"post_type":"editorial","post_mime_type":"","comment_count":"0","filter":"raw"}],"autores-libros":[{"ID":156380,"post_author":"3","post_date":"2022-10-14 15:20:21","post_date_gmt":"2022-10-14 13:20:21","post_content":"","post_title":"FRANZ KAFKA","post_excerpt":"","post_status":"publish","comment_status":"closed","ping_status":"closed","post_password":"","post_name":"franz-kafka","to_ping":"","pinged":"","post_modified":"2022-10-14 15:20:21","post_modified_gmt":"2022-10-14 13:20:21","post_content_filtered":"","post_parent":0,"guid":"http:\/\/dev.claret.cat\/autor\/franz-kafka\/","menu_order":0,"post_type":"autor","post_mime_type":"","comment_count":"0","filter":"raw"}]},"aioseo_notices":[],"_links":{"self":[{"href":"https:\/\/www.claret.cat\/es\/wp-json\/wp\/v2\/product\/181160","targetHints":{"allow":["GET"]}}],"collection":[{"href":"https:\/\/www.claret.cat\/es\/wp-json\/wp\/v2\/product"}],"about":[{"href":"https:\/\/www.claret.cat\/es\/wp-json\/wp\/v2\/types\/product"}],"wp:featuredmedia":[{"embeddable":true,"href":"https:\/\/www.claret.cat\/es\/wp-json\/wp\/v2\/media\/181161"}],"wp:attachment":[{"href":"https:\/\/www.claret.cat\/es\/wp-json\/wp\/v2\/media?parent=181160"}],"wp:term":[{"taxonomy":"product_brand","embeddable":true,"href":"https:\/\/www.claret.cat\/es\/wp-json\/wp\/v2\/product_brand?post=181160"},{"taxonomy":"product_cat","embeddable":true,"href":"https:\/\/www.claret.cat\/es\/wp-json\/wp\/v2\/product_cat?post=181160"},{"taxonomy":"product_tag","embeddable":true,"href":"https:\/\/www.claret.cat\/es\/wp-json\/wp\/v2\/product_tag?post=181160"}],"curies":[{"name":"wp","href":"https:\/\/api.w.org\/{rel}","templated":true}]}}