{"id":181166,"date":"2022-10-20T03:27:49","date_gmt":"2022-10-20T01:27:49","guid":{"rendered":"http:\/\/dev.claret.cat\/producte\/misterios-y-enigmas-de-la-arqueologia\/"},"modified":"2023-01-28T22:34:32","modified_gmt":"2023-01-28T21:34:32","slug":"misterios-y-enigmas-de-la-arqueologia-9788417418632","status":"publish","type":"product","link":"https:\/\/www.claret.cat\/es\/libro\/misterios-y-enigmas-de-la-arqueologia-9788417418632\/","title":{"rendered":"MISTERIOS Y ENIGMAS DE LA ARQUEOLOG\u00cdA"},"content":{"rendered":"<p>\u00bfSab\u00eda que existi\u00f3 un ordenador en el siglo I a.C.? \u00bfEs posible encontrar un martillo fosilizado con cientos de miles de a\u00f1os? \u00bfPod\u00edan volar en el Antiguo Egipto? \u00bfConoc\u00edan la nanotecnolog\u00eda hace milenios? \u00bfQu\u00e9 nos dicen unos extra\u00f1os discos que podr\u00edan tener grabada informaci\u00f3n de otros tiempos? \u00bfPara que sirvieron las llamadas pilas de Bagdad? Son s\u00f3lo algunas de las intrigantes preguntas que encontrar\u00e1 en un libro lleno de misterios y pruebas arqueol\u00f3gicas m\u00e1s all\u00e1 de la Historia.<br \/>Un desaf\u00edo a la l\u00f3gica, un desaf\u00edo a la Ciencia, no se encuentra explicaci\u00f3n y muchas veces son relegados al olvido o mal etiquetados&#8230; \u00c9ste es, pues, el libro de los objetos malditos de la Ciencia.<br \/>A lo largo de la Historia son muchos los hallazgos que se han producido en el mundo que han llevado a arque\u00f3logos e historiadores a construir, como si fuera un puzzle, la cronolog\u00eda y hechos de importancia para nuestra Humanidad. Nuestra Historia, desde el m\u00e1s remoto pasado hasta nuestros d\u00edas, se va completando tambi\u00e9n con cientos de miles de objetos que retratan una \u00e9poca, su \u00e9poca, y que nos dicen mucho de la misma. Sin embargo nos encontramos con los imposibles de las Arqueolog\u00eda, con objetos que no tienen una correspondencia aparente con el tiempo en el que est\u00e1n datados y que pertenecen a una Historia que jam\u00e1s fue escrita o que es ignorada.<\/p>\n","protected":false},"excerpt":{"rendered":"<p>GARC\u00cdA BAUTISTA, JOS\u00c9 MANUEL<\/p>\n","protected":false},"featured_media":181167,"template":"","meta":{"_acf_changed":false,"om_disable_all_campaigns":false,"rs_blank_template":"","rs_page_bg_color":"","slide_template_v7":"","inline_featured_image":false,"_monsterinsights_skip_tracking":false,"_monsterinsights_sitenote_active":false,"_monsterinsights_sitenote_note":"","_monsterinsights_sitenote_category":0},"product_brand":[],"product_cat":[85],"product_tag":[],"class_list":{"0":"post-181166","1":"product","2":"type-product","3":"status-publish","4":"has-post-thumbnail","6":"product_cat-historia","8":"first","9":"instock","10":"taxable","11":"shipping-taxable","12":"purchasable","13":"product-type-simple"},"acf":{"autor":"GARC\u00cdA BAUTISTA, JOS\u00c9 MANUEL","codart":"841741863","libros-coleccion":"Enigma","ediciones":"1","encuadernacion":"R\u00fastica","fecha_de_publicacion":"01\/06\/2018","novedad":"1","paginas":"173","subtitulo":"","orden":"0","portada":"0","idioma":"spa","editorial":[{"ID":6120,"post_author":"3","post_date":"2022-07-28 17:45:19","post_date_gmt":"2022-07-28 15:45:19","post_content":"","post_title":"ALMUZARA","post_excerpt":"","post_status":"publish","comment_status":"closed","ping_status":"closed","post_password":"","post_name":"almuzara","to_ping":"","pinged":"","post_modified":"2022-07-28 17:45:19","post_modified_gmt":"2022-07-28 15:45:19","post_content_filtered":"","post_parent":0,"guid":"http:\/\/dev.claret.cat\/editorial\/almuzara\/","menu_order":0,"post_type":"editorial","post_mime_type":"","comment_count":"0","filter":"raw"}]},"aioseo_notices":[],"_links":{"self":[{"href":"https:\/\/www.claret.cat\/es\/wp-json\/wp\/v2\/product\/181166","targetHints":{"allow":["GET"]}}],"collection":[{"href":"https:\/\/www.claret.cat\/es\/wp-json\/wp\/v2\/product"}],"about":[{"href":"https:\/\/www.claret.cat\/es\/wp-json\/wp\/v2\/types\/product"}],"wp:featuredmedia":[{"embeddable":true,"href":"https:\/\/www.claret.cat\/es\/wp-json\/wp\/v2\/media\/181167"}],"wp:attachment":[{"href":"https:\/\/www.claret.cat\/es\/wp-json\/wp\/v2\/media?parent=181166"}],"wp:term":[{"taxonomy":"product_brand","embeddable":true,"href":"https:\/\/www.claret.cat\/es\/wp-json\/wp\/v2\/product_brand?post=181166"},{"taxonomy":"product_cat","embeddable":true,"href":"https:\/\/www.claret.cat\/es\/wp-json\/wp\/v2\/product_cat?post=181166"},{"taxonomy":"product_tag","embeddable":true,"href":"https:\/\/www.claret.cat\/es\/wp-json\/wp\/v2\/product_tag?post=181166"}],"curies":[{"name":"wp","href":"https:\/\/api.w.org\/{rel}","templated":true}]}}