{"id":181181,"date":"2022-10-20T03:28:03","date_gmt":"2022-10-20T01:28:03","guid":{"rendered":"http:\/\/dev.claret.cat\/producte\/after-amor-infinit-serie-after-4\/"},"modified":"2024-01-31T18:54:11","modified_gmt":"2024-01-31T17:54:11","slug":"after-amor-infinit-serie-after-4-9788417420024","status":"publish","type":"product","link":"https:\/\/www.claret.cat\/es\/libro\/after-amor-infinit-serie-after-4-9788417420024\/","title":{"rendered":"AFTER. AMOR INFINIT (S\u00c8RIE AFTER 4)"},"content":{"rendered":"<p>Despr\u00e9s d&#8217;haver-se conegut, enamorat, odiat i compenetrat com una sola \u00e0nima, en Hardin i la Tessa continuen la seva intensa hist\u00f2ria d&#8217;amor. Quin final espera a la relaci\u00f3 de la jove parella? Qui o qu\u00e8 s&#8217;interposar\u00e0 en la seva felicitat? Ser\u00e0, el seu, un amor per sempre?<\/p>\n","protected":false},"excerpt":{"rendered":"<p>TODD, ANNA<\/p>\n","protected":false},"featured_media":181182,"template":"","meta":{"_acf_changed":false,"om_disable_all_campaigns":false,"rs_blank_template":"","rs_page_bg_color":"","slide_template_v7":"","inline_featured_image":false,"_monsterinsights_skip_tracking":false,"_monsterinsights_sitenote_active":false,"_monsterinsights_sitenote_note":"","_monsterinsights_sitenote_category":0},"product_brand":[],"product_cat":[117,566],"product_tag":[],"class_list":{"0":"post-181181","1":"product","2":"type-product","3":"status-publish","4":"has-post-thumbnail","6":"product_cat-juvenil","7":"product_cat-juvenil-3_infantil-juvenil-spa-spa","9":"first","10":"instock","11":"taxable","12":"shipping-taxable","13":"purchasable","14":"product-type-simple"},"acf":{"autor":"TODD, ANNA","codart":"841742002","libros-coleccion":"LABUTXACA","ediciones":"1","encuadernacion":"R\u00fastica","fecha_de_publicacion":"01\/06\/2018","novedad":"1","paginas":"541","subtitulo":"","orden":"0","portada":"0","idioma":"cat","editorial":[{"ID":6281,"post_author":"3","post_date":"2022-07-28 17:48:50","post_date_gmt":"2022-07-28 15:48:50","post_content":"","post_title":"LABUTXACA","post_excerpt":"","post_status":"publish","comment_status":"closed","ping_status":"closed","post_password":"","post_name":"labutxaca","to_ping":"","pinged":"","post_modified":"2022-07-28 17:48:50","post_modified_gmt":"2022-07-28 15:48:50","post_content_filtered":"","post_parent":0,"guid":"http:\/\/dev.claret.cat\/editorial\/labutxaca\/","menu_order":0,"post_type":"editorial","post_mime_type":"","comment_count":"0","filter":"raw"}],"autores-libros":[{"ID":150657,"post_author":"3","post_date":"2022-10-14 14:34:43","post_date_gmt":"2022-10-14 12:34:43","post_content":"","post_title":"ANNA TODD","post_excerpt":"","post_status":"publish","comment_status":"closed","ping_status":"closed","post_password":"","post_name":"anna-todd","to_ping":"","pinged":"","post_modified":"2022-10-14 14:34:43","post_modified_gmt":"2022-10-14 12:34:43","post_content_filtered":"","post_parent":0,"guid":"http:\/\/dev.claret.cat\/autor\/anna-todd\/","menu_order":0,"post_type":"autor","post_mime_type":"","comment_count":"0","filter":"raw"}]},"aioseo_notices":[],"_links":{"self":[{"href":"https:\/\/www.claret.cat\/es\/wp-json\/wp\/v2\/product\/181181","targetHints":{"allow":["GET"]}}],"collection":[{"href":"https:\/\/www.claret.cat\/es\/wp-json\/wp\/v2\/product"}],"about":[{"href":"https:\/\/www.claret.cat\/es\/wp-json\/wp\/v2\/types\/product"}],"wp:featuredmedia":[{"embeddable":true,"href":"https:\/\/www.claret.cat\/es\/wp-json\/wp\/v2\/media\/181182"}],"wp:attachment":[{"href":"https:\/\/www.claret.cat\/es\/wp-json\/wp\/v2\/media?parent=181181"}],"wp:term":[{"taxonomy":"product_brand","embeddable":true,"href":"https:\/\/www.claret.cat\/es\/wp-json\/wp\/v2\/product_brand?post=181181"},{"taxonomy":"product_cat","embeddable":true,"href":"https:\/\/www.claret.cat\/es\/wp-json\/wp\/v2\/product_cat?post=181181"},{"taxonomy":"product_tag","embeddable":true,"href":"https:\/\/www.claret.cat\/es\/wp-json\/wp\/v2\/product_tag?post=181181"}],"curies":[{"name":"wp","href":"https:\/\/api.w.org\/{rel}","templated":true}]}}