{"id":18119,"date":"2022-10-01T23:38:55","date_gmt":"2022-10-01T21:38:55","guid":{"rendered":"http:\/\/dev.claret.cat\/producte\/we\/"},"modified":"2024-02-29T10:05:53","modified_gmt":"2024-02-29T09:05:53","slug":"we-9788494539619","status":"publish","type":"product","link":"https:\/\/www.claret.cat\/es\/libro\/we-9788494539619\/","title":{"rendered":"WE"},"content":{"rendered":"<p>El mito de Trist\u00e1n e Isolda es el veh\u00edculo utilizado por Robert A. Johnson para explorar el amor rom\u00e1ntico desde la psicolog\u00eda profunda. El autor vuelve a definir el amor en esta obra, aport\u00e1ndonos una sabidur\u00eda de incalculable utilidad para la pareja de hoy.<\/p>\n<p>&#8216;Se\u00f1ores m\u00edos, si quisierais escuchar una noble historia de amor y muerte, aqu\u00ed ten\u00e9is la de Trist\u00e1n y la reina Isolda; de c\u00f3mo para su inmensa alegr\u00eda pero tambi\u00e9n para su pena, se amaron el uno al otro, y de c\u00f3mo un d\u00eda al fin murieron juntos de ese amor; ella por \u00e9l y \u00e9l por ella.&#8217;<\/p>\n<p>As\u00ed empieza el relato medieval de Trist\u00e1n e Isolda, uno de los relatos \u00e9picos m\u00e1s conmovedores, hermosos y tr\u00e1gicos de todos los tiempos. Es la fuente de la que brota toda nuestra literatura rom\u00e1ntica. Al aplicar los principios de la psicolog\u00eda junguiana, Robert A. Johnson interpreta los s\u00edmbolos del mito y nos muestra los or\u00edgenes, la naturaleza y el significado del amor rom\u00e1ntico.<\/p>\n<p>A partir del mito de Trist\u00e1n e Isolda, Robert A. Johnson analiza el amor rom\u00e1ntico desde la psicolog\u00eda profunda y descifra los s\u00edmbolos contenidos en esta historia.<\/p>\n<p>En este valioso texto, el autor da cuenta de las numerosas creencias e ilusiones que tenemos sobre el amor rom\u00e1ntico, ofreci\u00e9ndonos a la vez una amplia perspectiva de las fuerzas psicol\u00f3gicas que pueden ser integradas en la personalidad desde el inconsciente.<\/p>\n<p>Robert A. Johnson vuelve a definir el amor en esta obra, y nos aporta una sabidur\u00eda de incalculable utilidad para la pareja de hoy.<\/p>\n<p>\u201cLa realidad que se oculta en el amor rom\u00e1ntico es el hecho de la aspiraci\u00f3n espiritual; la verdad de que el hombre occidental inconscientemente e involuntariamente busca en el amor rom\u00e1ntico la verdad interior de su propia alma\u201d.<\/p>\n","protected":false},"excerpt":{"rendered":"<p>JOHNSON, ROBERT A.<\/p>\n","protected":false},"featured_media":74408,"template":"","meta":{"_acf_changed":false,"om_disable_all_campaigns":false,"rs_blank_template":"","rs_page_bg_color":"","slide_template_v7":"","inline_featured_image":false,"_monsterinsights_skip_tracking":false,"_monsterinsights_sitenote_active":false,"_monsterinsights_sitenote_note":"","_monsterinsights_sitenote_category":0},"product_brand":[],"product_cat":[100,550],"product_tag":[],"class_list":{"0":"post-18119","1":"product","2":"type-product","3":"status-publish","4":"has-post-thumbnail","6":"product_cat-escola-de-pares","7":"product_cat-escuela-de-padres-3_infantil-juvenil-spa-spa","9":"first","10":"instock","11":"taxable","12":"shipping-taxable","13":"purchasable","14":"product-type-simple"},"acf":{"autor":"JOHNSON, ROBERT A.","codart":"849453961","libros-coleccion":"","ediciones":"1","encuadernacion":"R\u00fastica","fecha_de_publicacion":"01\/09\/2016","novedad":"0","paginas":"258","subtitulo":"COMPRENDER LA PSICOLOG\u00cdA DEL AMOR ROM\u00c1NTICO","orden":"999","portada":"0","idioma":"spa","editorial":[{"ID":148110,"post_author":"3","post_date":"2022-10-14 11:55:43","post_date_gmt":"2022-10-14 09:55:43","post_content":"","post_title":"Escola de Vida","post_excerpt":"","post_status":"publish","comment_status":"closed","ping_status":"closed","post_password":"","post_name":"escola-de-vida","to_ping":"","pinged":"","post_modified":"2022-10-14 11:55:43","post_modified_gmt":"2022-10-14 09:55:43","post_content_filtered":"","post_parent":0,"guid":"http:\/\/dev.claret.cat\/editorial\/escola-de-vida\/","menu_order":0,"post_type":"editorial","post_mime_type":"","comment_count":"0","filter":"raw"}],"autores-libros":[{"ID":168173,"post_author":"3","post_date":"2022-10-14 18:17:07","post_date_gmt":"2022-10-14 16:17:07","post_content":"","post_title":"ROBERT A. JOHNSON","post_excerpt":"","post_status":"publish","comment_status":"closed","ping_status":"closed","post_password":"","post_name":"robert-a-johnson","to_ping":"","pinged":"","post_modified":"2022-10-14 18:17:07","post_modified_gmt":"2022-10-14 16:17:07","post_content_filtered":"","post_parent":0,"guid":"http:\/\/dev.claret.cat\/autor\/robert-a-johnson\/","menu_order":0,"post_type":"autor","post_mime_type":"","comment_count":"0","filter":"raw"}]},"aioseo_notices":[],"_links":{"self":[{"href":"https:\/\/www.claret.cat\/es\/wp-json\/wp\/v2\/product\/18119","targetHints":{"allow":["GET"]}}],"collection":[{"href":"https:\/\/www.claret.cat\/es\/wp-json\/wp\/v2\/product"}],"about":[{"href":"https:\/\/www.claret.cat\/es\/wp-json\/wp\/v2\/types\/product"}],"wp:featuredmedia":[{"embeddable":true,"href":"https:\/\/www.claret.cat\/es\/wp-json\/wp\/v2\/media\/74408"}],"wp:attachment":[{"href":"https:\/\/www.claret.cat\/es\/wp-json\/wp\/v2\/media?parent=18119"}],"wp:term":[{"taxonomy":"product_brand","embeddable":true,"href":"https:\/\/www.claret.cat\/es\/wp-json\/wp\/v2\/product_brand?post=18119"},{"taxonomy":"product_cat","embeddable":true,"href":"https:\/\/www.claret.cat\/es\/wp-json\/wp\/v2\/product_cat?post=18119"},{"taxonomy":"product_tag","embeddable":true,"href":"https:\/\/www.claret.cat\/es\/wp-json\/wp\/v2\/product_tag?post=18119"}],"curies":[{"name":"wp","href":"https:\/\/api.w.org\/{rel}","templated":true}]}}