{"id":181289,"date":"2022-10-20T03:29:50","date_gmt":"2022-10-20T01:29:50","guid":{"rendered":"http:\/\/dev.claret.cat\/producte\/el-lenguaje-de-las-abejas\/"},"modified":"2026-02-23T11:18:45","modified_gmt":"2026-02-23T10:18:45","slug":"el-lenguaje-de-las-abejas-9788416087655","status":"publish","type":"product","link":"https:\/\/www.claret.cat\/es\/libro\/el-lenguaje-de-las-abejas-9788416087655\/","title":{"rendered":"EL LENGUAJE DE LAS ABEJAS"},"content":{"rendered":"<p>Una historia acompa\u00f1ada del aroma de la miel y el murmullo de las abejas<\/p>\n<p>Angelica es \u00abla mujer que susurra a las abejas\u00bb y cude all\u00ed donde un apicultor la reclama. Cuando se entera de Margherita, una mujer mayor que la cuid\u00f3 cuando era ni\u00f1a, ha muerto y le ha dejado en herencia su casa y sus terrenos, sabe que su nuevo prop\u00f3sito es defender su propiedad ante el acoso de una importante constructora.<\/p>\n","protected":false},"excerpt":{"rendered":"<p>CABONI, CRISTINA<\/p>\n","protected":false},"featured_media":1085469,"template":"","meta":{"_acf_changed":false,"om_disable_all_campaigns":false,"rs_blank_template":"","rs_page_bg_color":"","slide_template_v7":"","inline_featured_image":false,"_monsterinsights_skip_tracking":false,"_monsterinsights_sitenote_active":false,"_monsterinsights_sitenote_note":"","_monsterinsights_sitenote_category":0},"product_brand":[],"product_cat":[87,353],"product_tag":[],"class_list":{"0":"post-181289","1":"product","2":"type-product","3":"status-publish","4":"has-post-thumbnail","6":"product_cat-literatura","7":"product_cat-literatura-2_humanidades","9":"first","10":"outofstock","11":"taxable","12":"shipping-taxable","13":"purchasable","14":"product-type-simple"},"acf":{"autor":"CABONI, CRISTINA","codart":"841608765","libros-coleccion":"EMBOLSILLO","ediciones":"1","encuadernacion":"R\u00fastica","fecha_de_publicacion":"01\/06\/2018","novedad":"0","paginas":"382","subtitulo":"POR LA AUTORA DE LA ESTELA DE LOS PERFUMES","orden":"0","portada":"0","idioma":"spa","editorial":[{"ID":148087,"post_author":"3","post_date":"2022-10-14 11:55:32","post_date_gmt":"2022-10-14 09:55:32","post_content":"","post_title":"EMBOLSILLO","post_excerpt":"","post_status":"publish","comment_status":"closed","ping_status":"closed","post_password":"","post_name":"embolsillo","to_ping":"","pinged":"","post_modified":"2022-10-14 11:55:32","post_modified_gmt":"2022-10-14 09:55:32","post_content_filtered":"","post_parent":0,"guid":"http:\/\/dev.claret.cat\/editorial\/embolsillo\/","menu_order":0,"post_type":"editorial","post_mime_type":"","comment_count":"0","filter":"raw"}],"autores-libros":[{"ID":153324,"post_author":"3","post_date":"2022-10-14 14:55:52","post_date_gmt":"2022-10-14 12:55:52","post_content":"","post_title":"CRISTINA CABONI","post_excerpt":"","post_status":"publish","comment_status":"closed","ping_status":"closed","post_password":"","post_name":"cristina-caboni","to_ping":"","pinged":"","post_modified":"2022-10-14 14:55:52","post_modified_gmt":"2022-10-14 12:55:52","post_content_filtered":"","post_parent":0,"guid":"http:\/\/dev.claret.cat\/autor\/cristina-caboni\/","menu_order":0,"post_type":"autor","post_mime_type":"","comment_count":"0","filter":"raw"}],"booktrailer":"","resenas":""},"aioseo_notices":[],"_links":{"self":[{"href":"https:\/\/www.claret.cat\/es\/wp-json\/wp\/v2\/product\/181289","targetHints":{"allow":["GET"]}}],"collection":[{"href":"https:\/\/www.claret.cat\/es\/wp-json\/wp\/v2\/product"}],"about":[{"href":"https:\/\/www.claret.cat\/es\/wp-json\/wp\/v2\/types\/product"}],"wp:featuredmedia":[{"embeddable":true,"href":"https:\/\/www.claret.cat\/es\/wp-json\/wp\/v2\/media\/1085469"}],"wp:attachment":[{"href":"https:\/\/www.claret.cat\/es\/wp-json\/wp\/v2\/media?parent=181289"}],"wp:term":[{"taxonomy":"product_brand","embeddable":true,"href":"https:\/\/www.claret.cat\/es\/wp-json\/wp\/v2\/product_brand?post=181289"},{"taxonomy":"product_cat","embeddable":true,"href":"https:\/\/www.claret.cat\/es\/wp-json\/wp\/v2\/product_cat?post=181289"},{"taxonomy":"product_tag","embeddable":true,"href":"https:\/\/www.claret.cat\/es\/wp-json\/wp\/v2\/product_tag?post=181289"}],"curies":[{"name":"wp","href":"https:\/\/api.w.org\/{rel}","templated":true}]}}