{"id":181487,"date":"2022-10-20T03:33:10","date_gmt":"2022-10-20T01:33:10","guid":{"rendered":"http:\/\/dev.claret.cat\/producte\/dias-que-duraran-anos\/"},"modified":"2023-01-28T04:06:11","modified_gmt":"2023-01-28T03:06:11","slug":"dias-que-duraran-anos-9788416915644","status":"publish","type":"product","link":"https:\/\/www.claret.cat\/es\/libro\/dias-que-duraran-anos-9788416915644\/","title":{"rendered":"D\u00cdAS QUE DURAR\u00c1N A\u00d1OS"},"content":{"rendered":"<p>La astucia popular en el momento de custodiar urnas y papeletas, las primeras detenciones de cargos p\u00fablicos, la movilizaci\u00f3n general de la sociedad, la violencia policial, la resistencia pac\u00edfica y el desencadenamiento de los hechos pol\u00edtico judiciales que se desprenden de ello acompa\u00f1ar\u00e1n para siempre a mucha gente, y perseguir\u00e1n a otros toda su vida. Son muchas las im\u00e1genes ic\u00f3nicas que dej\u00f3 el oto\u00f1o de 2017. D\u00edas que durar\u00e1n a\u00f1os oferce una selecci\u00f3n de fotograf\u00edas que Jordi Borr\u00e0s, uno de los fotoperiodistas m\u00e1s inquietos del pa\u00eds, ha dejado para la posteridad. Acompa\u00f1an las im\u00e1genes textos de de escritores y escritoras de reconocido talento que, como todos nosostros, vivieron aquellos d\u00edas con una extra\u00f1a mezcla de j\u00fabilo, horror y sobre todo, dignidad.<\/p>\n","protected":false},"excerpt":{"rendered":"<p>BORR\u00c0S I ABELL\u00d3, JORDI<\/p>\n","protected":false},"featured_media":181488,"template":"","meta":{"_acf_changed":false,"om_disable_all_campaigns":false,"rs_blank_template":"","rs_page_bg_color":"","slide_template_v7":"","inline_featured_image":false,"_monsterinsights_skip_tracking":false,"_monsterinsights_sitenote_active":false,"_monsterinsights_sitenote_note":"","_monsterinsights_sitenote_category":0},"product_brand":[],"product_cat":[85],"product_tag":[],"class_list":{"0":"post-181487","1":"product","2":"type-product","3":"status-publish","4":"has-post-thumbnail","6":"product_cat-historia","8":"first","9":"instock","10":"taxable","11":"shipping-taxable","12":"purchasable","13":"product-type-simple"},"acf":{"autor":"BORR\u00c0S I ABELL\u00d3, JORDI","codart":"841691564","libros-coleccion":"","ediciones":"1","encuadernacion":"Carton\u00e9","fecha_de_publicacion":"01\/06\/2018","novedad":"1","paginas":"0","subtitulo":"","orden":"0","portada":"0","idioma":"spa","editorial":[{"ID":147452,"post_author":"3","post_date":"2022-10-14 11:50:41","post_date_gmt":"2022-10-14 09:50:41","post_content":"","post_title":"Ara","post_excerpt":"","post_status":"publish","comment_status":"closed","ping_status":"closed","post_password":"","post_name":"ara","to_ping":"","pinged":"","post_modified":"2022-10-14 11:50:41","post_modified_gmt":"2022-10-14 09:50:41","post_content_filtered":"","post_parent":0,"guid":"http:\/\/dev.claret.cat\/editorial\/ara\/","menu_order":0,"post_type":"editorial","post_mime_type":"","comment_count":"0","filter":"raw"}],"autores-libros":[{"ID":159842,"post_author":"3","post_date":"2022-10-14 15:48:10","post_date_gmt":"2022-10-14 13:48:10","post_content":"","post_title":"JORDI BORR\u00c0S I ABELL\u00d3","post_excerpt":"","post_status":"publish","comment_status":"closed","ping_status":"closed","post_password":"","post_name":"jordi-borras-i-abello","to_ping":"","pinged":"","post_modified":"2022-10-14 15:48:10","post_modified_gmt":"2022-10-14 13:48:10","post_content_filtered":"","post_parent":0,"guid":"http:\/\/dev.claret.cat\/autor\/jordi-borras-i-abello\/","menu_order":0,"post_type":"autor","post_mime_type":"","comment_count":"0","filter":"raw"}]},"aioseo_notices":[],"_links":{"self":[{"href":"https:\/\/www.claret.cat\/es\/wp-json\/wp\/v2\/product\/181487","targetHints":{"allow":["GET"]}}],"collection":[{"href":"https:\/\/www.claret.cat\/es\/wp-json\/wp\/v2\/product"}],"about":[{"href":"https:\/\/www.claret.cat\/es\/wp-json\/wp\/v2\/types\/product"}],"wp:featuredmedia":[{"embeddable":true,"href":"https:\/\/www.claret.cat\/es\/wp-json\/wp\/v2\/media\/181488"}],"wp:attachment":[{"href":"https:\/\/www.claret.cat\/es\/wp-json\/wp\/v2\/media?parent=181487"}],"wp:term":[{"taxonomy":"product_brand","embeddable":true,"href":"https:\/\/www.claret.cat\/es\/wp-json\/wp\/v2\/product_brand?post=181487"},{"taxonomy":"product_cat","embeddable":true,"href":"https:\/\/www.claret.cat\/es\/wp-json\/wp\/v2\/product_cat?post=181487"},{"taxonomy":"product_tag","embeddable":true,"href":"https:\/\/www.claret.cat\/es\/wp-json\/wp\/v2\/product_tag?post=181487"}],"curies":[{"name":"wp","href":"https:\/\/api.w.org\/{rel}","templated":true}]}}