{"id":181745,"date":"2022-10-20T03:37:29","date_gmt":"2022-10-20T01:37:29","guid":{"rendered":"http:\/\/dev.claret.cat\/producte\/jesus-ensename-a-rezar\/"},"modified":"2024-05-23T00:49:43","modified_gmt":"2024-05-22T22:49:43","slug":"jesus-ensename-a-rezar-9788494695476","status":"publish","type":"product","link":"https:\/\/www.claret.cat\/es\/libro\/jesus-ensename-a-rezar-9788494695476\/","title":{"rendered":"JES\u00daS, ENS\u00c9\u00d1AME A REZAR"},"content":{"rendered":"","protected":false},"excerpt":{"rendered":"<p>FAMILIA DE JES\u00daS<\/p>\n","protected":false},"featured_media":362660,"template":"","meta":{"_acf_changed":false,"om_disable_all_campaigns":false,"rs_blank_template":"","rs_page_bg_color":"","slide_template_v7":"","inline_featured_image":false,"_monsterinsights_skip_tracking":false,"_monsterinsights_sitenote_active":false,"_monsterinsights_sitenote_note":"","_monsterinsights_sitenote_category":0},"product_brand":[],"product_cat":[77,343,352,86,346,80],"product_tag":[],"class_list":{"0":"post-181745","1":"product","2":"type-product","3":"status-publish","4":"has-post-thumbnail","6":"product_cat-catequesi","7":"product_cat-catequesis","8":"product_cat-infantil-3_infantil-juvenil-spa","9":"product_cat-infantil","10":"product_cat-libros-liturgia","11":"product_cat-liturgia","13":"first","14":"instock","15":"taxable","16":"shipping-taxable","17":"purchasable","18":"product-type-simple"},"acf":{"autor":"FAMILIA DE JES\u00daS","codart":"849469547","libros-coleccion":"","ediciones":"1","encuadernacion":"R\u00fastica","fecha_de_publicacion":"24\/05\/2018","novedad":"1","paginas":"32","subtitulo":"CURSO BREVE PARA EL DESPERTAR A LA FE. EDADES: 6-8 A\u00d1OS","orden":"0","portada":"0","idioma":"spa","editorial":[{"ID":8239,"post_author":"3","post_date":"2022-09-30 09:21:24","post_date_gmt":"2022-09-30 07:21:24","post_content":"","post_title":"FAMILIA DE JESUS, EDITORIAL","post_excerpt":"","post_status":"publish","comment_status":"closed","ping_status":"closed","post_password":"","post_name":"familia-de-jesus-editorial","to_ping":"","pinged":"","post_modified":"2022-09-30 09:21:24","post_modified_gmt":"2022-09-30 07:21:24","post_content_filtered":"","post_parent":0,"guid":"http:\/\/dev.claret.cat\/editorial\/familia-de-jesus-editorial\/","menu_order":0,"post_type":"editorial","post_mime_type":"","comment_count":"0","filter":"raw"}],"autores-libros":[{"ID":5471,"post_author":"3","post_date":"2022-07-28 17:24:42","post_date_gmt":"2022-07-28 15:24:42","post_content":"","post_title":"FAMILIA DE JES\u00daS","post_excerpt":"","post_status":"publish","comment_status":"closed","ping_status":"closed","post_password":"","post_name":"familia-de-jesus","to_ping":"","pinged":"","post_modified":"2022-07-28 17:24:42","post_modified_gmt":"2022-07-28 15:24:42","post_content_filtered":"","post_parent":0,"guid":"http:\/\/dev.claret.cat\/autor\/familia-de-jesus\/","menu_order":0,"post_type":"autor","post_mime_type":"","comment_count":"0","filter":"raw"}]},"aioseo_notices":[],"_links":{"self":[{"href":"https:\/\/www.claret.cat\/es\/wp-json\/wp\/v2\/product\/181745","targetHints":{"allow":["GET"]}}],"collection":[{"href":"https:\/\/www.claret.cat\/es\/wp-json\/wp\/v2\/product"}],"about":[{"href":"https:\/\/www.claret.cat\/es\/wp-json\/wp\/v2\/types\/product"}],"wp:featuredmedia":[{"embeddable":true,"href":"https:\/\/www.claret.cat\/es\/wp-json\/wp\/v2\/media\/362660"}],"wp:attachment":[{"href":"https:\/\/www.claret.cat\/es\/wp-json\/wp\/v2\/media?parent=181745"}],"wp:term":[{"taxonomy":"product_brand","embeddable":true,"href":"https:\/\/www.claret.cat\/es\/wp-json\/wp\/v2\/product_brand?post=181745"},{"taxonomy":"product_cat","embeddable":true,"href":"https:\/\/www.claret.cat\/es\/wp-json\/wp\/v2\/product_cat?post=181745"},{"taxonomy":"product_tag","embeddable":true,"href":"https:\/\/www.claret.cat\/es\/wp-json\/wp\/v2\/product_tag?post=181745"}],"curies":[{"name":"wp","href":"https:\/\/api.w.org\/{rel}","templated":true}]}}