{"id":181757,"date":"2022-10-20T03:37:41","date_gmt":"2022-10-20T01:37:41","guid":{"rendered":"http:\/\/dev.claret.cat\/producte\/la-filosofia-de-kant\/"},"modified":"2024-05-23T21:00:47","modified_gmt":"2024-05-23T19:00:47","slug":"la-filosofia-de-kant-9788470576447","status":"publish","type":"product","link":"https:\/\/www.claret.cat\/es\/libro\/la-filosofia-de-kant-9788470576447\/","title":{"rendered":"LA FILOSOF\u00cdA DE KANT"},"content":{"rendered":"<p>La excepcional claridad y enjundia filos\u00f3fica de \u201cLa filosof\u00eda de Kant. Una introducci\u00f3n a la filosof\u00eda\u201d han hecho de este libro, desde su aparici\u00f3n, la mejor v\u00eda de acceso en lengua espa\u00f1ola al pensamiento de esa figura mayor de la modernidad. Como su autor advierte ya en el pr\u00f3logo, esta obra quiere ser, a la vez que una exposici\u00f3n sucinta y clara de la filosof\u00eda kantiana, una introducci\u00f3n al estudio de la filosof\u00eda en general. Garc\u00eda Morente examina en ella la naturaleza del pensamiento l\u00f3gico, matem\u00e1tico, f\u00edsico, biol\u00f3gico, metaf\u00edsico, \u00e9tico y est\u00e9tico.<\/p>\n","protected":false},"excerpt":{"rendered":"<p>GARC\u00cdA MORENTE, MANUEL<\/p>\n","protected":false},"featured_media":349598,"template":"","meta":{"_acf_changed":false,"om_disable_all_campaigns":false,"rs_blank_template":"","rs_page_bg_color":"","slide_template_v7":"","inline_featured_image":false,"_monsterinsights_skip_tracking":false,"_monsterinsights_sitenote_active":false,"_monsterinsights_sitenote_note":"","_monsterinsights_sitenote_category":0},"product_brand":[],"product_cat":[349,83],"product_tag":[],"class_list":{"0":"post-181757","1":"product","2":"type-product","3":"status-publish","4":"has-post-thumbnail","6":"product_cat-filosofia-2_humanidades","7":"product_cat-filosofia","9":"first","10":"instock","11":"taxable","12":"shipping-taxable","13":"purchasable","14":"product-type-simple"},"acf":{"autor":"GARC\u00cdA MORENTE, MANUEL","codart":"847057644","libros-coleccion":"","ediciones":"1","encuadernacion":"R\u00fastica","fecha_de_publicacion":"23\/05\/2018","novedad":"1","paginas":"256","subtitulo":"UNA INTRODUCCI\u00d3N A LA FILOSOF\u00cdA","orden":"0","portada":"0","idioma":"spa","editorial":[{"ID":6173,"post_author":"3","post_date":"2022-07-28 17:46:28","post_date_gmt":"2022-07-28 15:46:28","post_content":"","post_title":"Cristiandad","post_excerpt":"","post_status":"publish","comment_status":"closed","ping_status":"closed","post_password":"","post_name":"cristiandad","to_ping":"","pinged":"","post_modified":"2022-07-28 17:46:28","post_modified_gmt":"2022-07-28 15:46:28","post_content_filtered":"","post_parent":0,"guid":"http:\/\/dev.claret.cat\/editorial\/cristiandad\/","menu_order":0,"post_type":"editorial","post_mime_type":"","comment_count":"0","filter":"raw"}],"autores-libros":[{"ID":293658,"post_author":"3","post_date":"2022-12-11 03:03:56","post_date_gmt":"2022-12-11 02:03:56","post_content":"","post_title":"MANUEL GARCIA MORENTE","post_excerpt":"","post_status":"publish","comment_status":"closed","ping_status":"closed","post_password":"","post_name":"manuel-garcia-morente","to_ping":"","pinged":"","post_modified":"2022-12-11 03:03:56","post_modified_gmt":"2022-12-11 02:03:56","post_content_filtered":"","post_parent":0,"guid":"http:\/\/dev.claret.cat\/autor\/manuel-garcia-morente\/","menu_order":0,"post_type":"autor","post_mime_type":"","comment_count":"0","filter":"raw"}]},"aioseo_notices":[],"_links":{"self":[{"href":"https:\/\/www.claret.cat\/es\/wp-json\/wp\/v2\/product\/181757","targetHints":{"allow":["GET"]}}],"collection":[{"href":"https:\/\/www.claret.cat\/es\/wp-json\/wp\/v2\/product"}],"about":[{"href":"https:\/\/www.claret.cat\/es\/wp-json\/wp\/v2\/types\/product"}],"wp:featuredmedia":[{"embeddable":true,"href":"https:\/\/www.claret.cat\/es\/wp-json\/wp\/v2\/media\/349598"}],"wp:attachment":[{"href":"https:\/\/www.claret.cat\/es\/wp-json\/wp\/v2\/media?parent=181757"}],"wp:term":[{"taxonomy":"product_brand","embeddable":true,"href":"https:\/\/www.claret.cat\/es\/wp-json\/wp\/v2\/product_brand?post=181757"},{"taxonomy":"product_cat","embeddable":true,"href":"https:\/\/www.claret.cat\/es\/wp-json\/wp\/v2\/product_cat?post=181757"},{"taxonomy":"product_tag","embeddable":true,"href":"https:\/\/www.claret.cat\/es\/wp-json\/wp\/v2\/product_tag?post=181757"}],"curies":[{"name":"wp","href":"https:\/\/api.w.org\/{rel}","templated":true}]}}