{"id":181766,"date":"2022-10-20T03:37:50","date_gmt":"2022-10-20T01:37:50","guid":{"rendered":"http:\/\/dev.claret.cat\/producte\/quien-es-jesus-una-aproximacion-cultural\/"},"modified":"2024-05-23T06:14:43","modified_gmt":"2024-05-23T04:14:43","slug":"quien-es-jesus-una-aproximacion-cultural-9788490236536","status":"publish","type":"product","link":"https:\/\/www.claret.cat\/es\/libro\/quien-es-jesus-una-aproximacion-cultural-9788490236536\/","title":{"rendered":"\u00bfQUI\u00c9N ES JES\u00daS? UNA APROXIMACI\u00d3N CULTURAL"},"content":{"rendered":"<p>Hablar de Jesucristo es interesarse por una personalidad que ha marcado y marca a\u00fan a muchas generaciones. Es ahondar culturalmente en el universo de millones de personas de nuestro pasado y presente. Son receptores de estas p\u00e1ginas los creyentes y los no creyentes, y los indiferentes a quienes la cuesti\u00f3n de la creencia, o de la fe, quiz\u00e1 no les interesa. \u00bfC\u00f3mo conocer sin prejuicios a un personaje tan trascendente en la Historia, a un sujeto del que se han escrito infinidad de libros, y que hace vivir a\u00fan, en el seno del cristianismo, a millones de personas? La autora hace un trabajo pedag\u00f3gico de aproximaci\u00f3n cultural: \u00bfQu\u00e9 conocemos de su vida? \u00bfQu\u00e9 valor y confianza nos merecen los evangelios? \u00bfC\u00f3mo usar los libros b\u00edblicos para entender unos textos en ocasiones muy distantes de nuestra cultura?<\/p>\n","protected":false},"excerpt":{"rendered":"<p>LADOU\u00c8S, FRAN\u00c7OISE<\/p>\n","protected":false},"featured_media":359461,"template":"","meta":{"_acf_changed":false,"om_disable_all_campaigns":false,"rs_blank_template":"","rs_page_bg_color":"","slide_template_v7":"","inline_featured_image":false,"_monsterinsights_skip_tracking":false,"_monsterinsights_sitenote_active":false,"_monsterinsights_sitenote_note":"","_monsterinsights_sitenote_category":0},"product_brand":[],"product_cat":[541,91,345,79],"product_tag":[],"class_list":{"0":"post-181766","1":"product","2":"type-product","3":"status-publish","4":"has-post-thumbnail","6":"product_cat-cristologia-1_espiritualidad-spa","7":"product_cat-cristologia","8":"product_cat-espiritualidad","9":"product_cat-espiritualitat","11":"first","12":"instock","13":"taxable","14":"shipping-taxable","15":"purchasable","16":"product-type-simple"},"acf":{"autor":"LADOU\u00c8S, FRAN\u00c7OISE","codart":"849023653","libros-coleccion":"Claves cristianas","ediciones":"1","encuadernacion":"R\u00fastica","fecha_de_publicacion":"23\/05\/2018","novedad":"1","paginas":"136","subtitulo":"UNA APROXIMACI\u00d3N CULTURAL","orden":"0","portada":"0","idioma":"spa","editorial":[{"ID":6155,"post_author":"3","post_date":"2022-07-28 17:46:04","post_date_gmt":"2022-07-28 15:46:04","post_content":"","post_title":"Central Catequ\u00edstica Salesiana","post_excerpt":"","post_status":"publish","comment_status":"closed","ping_status":"closed","post_password":"","post_name":"central-catequistica-salesiana","to_ping":"","pinged":"","post_modified":"2022-07-28 17:46:04","post_modified_gmt":"2022-07-28 15:46:04","post_content_filtered":"","post_parent":0,"guid":"http:\/\/dev.claret.cat\/editorial\/central-catequistica-salesiana\/","menu_order":0,"post_type":"editorial","post_mime_type":"","comment_count":"0","filter":"raw"}],"autores-libros":[{"ID":325343,"post_author":"3","post_date":"2023-01-04 12:42:07","post_date_gmt":"2023-01-04 11:42:07","post_content":"","post_title":"FRAN\u00c7OISE LADOU\u00c8S","post_excerpt":"","post_status":"publish","comment_status":"closed","ping_status":"closed","post_password":"","post_name":"francoise-ladoues","to_ping":"","pinged":"","post_modified":"2023-01-04 12:42:07","post_modified_gmt":"2023-01-04 11:42:07","post_content_filtered":"","post_parent":0,"guid":"https:\/\/www.claret.cat\/autor\/francoise-ladoues\/","menu_order":0,"post_type":"autor","post_mime_type":"","comment_count":"0","filter":"raw"}]},"aioseo_notices":[],"_links":{"self":[{"href":"https:\/\/www.claret.cat\/es\/wp-json\/wp\/v2\/product\/181766","targetHints":{"allow":["GET"]}}],"collection":[{"href":"https:\/\/www.claret.cat\/es\/wp-json\/wp\/v2\/product"}],"about":[{"href":"https:\/\/www.claret.cat\/es\/wp-json\/wp\/v2\/types\/product"}],"wp:featuredmedia":[{"embeddable":true,"href":"https:\/\/www.claret.cat\/es\/wp-json\/wp\/v2\/media\/359461"}],"wp:attachment":[{"href":"https:\/\/www.claret.cat\/es\/wp-json\/wp\/v2\/media?parent=181766"}],"wp:term":[{"taxonomy":"product_brand","embeddable":true,"href":"https:\/\/www.claret.cat\/es\/wp-json\/wp\/v2\/product_brand?post=181766"},{"taxonomy":"product_cat","embeddable":true,"href":"https:\/\/www.claret.cat\/es\/wp-json\/wp\/v2\/product_cat?post=181766"},{"taxonomy":"product_tag","embeddable":true,"href":"https:\/\/www.claret.cat\/es\/wp-json\/wp\/v2\/product_tag?post=181766"}],"curies":[{"name":"wp","href":"https:\/\/api.w.org\/{rel}","templated":true}]}}