{"id":181862,"date":"2022-10-20T03:39:34","date_gmt":"2022-10-20T01:39:34","guid":{"rendered":"http:\/\/dev.claret.cat\/producte\/hiperculturalidad\/"},"modified":"2026-01-28T11:58:16","modified_gmt":"2026-01-28T10:58:16","slug":"hiperculturalidad-9788425440618","status":"publish","type":"product","link":"https:\/\/www.claret.cat\/es\/libro\/hiperculturalidad-9788425440618\/","title":{"rendered":"HIPERCULTURALIDAD"},"content":{"rendered":"<p>La globalizaci\u00f3n, acelerada por las nuevas tecnolog\u00edas, acerca los espacios culturales entre s\u00ed y genera un c\u00famulo de pr\u00e1cticas sociales y formas de expresi\u00f3n. Esto tiene un efecto aglutinante en el campo cultural: los contenidos culturales heterog\u00e9neos<\/p>\n","protected":false},"excerpt":{"rendered":"<p>HAN, BYUNG &#8211; CHUL<\/p>\n","protected":false},"featured_media":331611,"template":"","meta":{"_acf_changed":false,"om_disable_all_campaigns":false,"rs_blank_template":"","rs_page_bg_color":"","slide_template_v7":"","inline_featured_image":false,"_monsterinsights_skip_tracking":false,"_monsterinsights_sitenote_active":false,"_monsterinsights_sitenote_note":"","_monsterinsights_sitenote_category":0},"product_brand":[],"product_cat":[83,349],"product_tag":[],"class_list":{"0":"post-181862","1":"product","2":"type-product","3":"status-publish","4":"has-post-thumbnail","6":"product_cat-filosofia","7":"product_cat-filosofia-2_humanidades","9":"first","10":"instock","11":"taxable","12":"shipping-taxable","13":"purchasable","14":"product-type-simple"},"acf":{"autor":"HAN, BYUNG - CHUL","codart":"842544061","libros-coleccion":"Pensamiento Herder","ediciones":"1","encuadernacion":"R\u00fastica","fecha_de_publicacion":"16\/05\/2018","novedad":"1","paginas":"128","subtitulo":"CULTURA Y GLOBALIZACI\u00d3N","orden":"0","portada":"0","idioma":"spa","editorial":[{"ID":6266,"post_author":"3","post_date":"2022-07-28 17:48:31","post_date_gmt":"2022-07-28 15:48:31","post_content":"","post_title":"HERDER","post_excerpt":"","post_status":"publish","comment_status":"closed","ping_status":"closed","post_password":"","post_name":"herder","to_ping":"","pinged":"","post_modified":"2022-07-28 17:48:31","post_modified_gmt":"2022-07-28 15:48:31","post_content_filtered":"","post_parent":0,"guid":"http:\/\/dev.claret.cat\/editorial\/herder\/","menu_order":0,"post_type":"editorial","post_mime_type":"","comment_count":"0","filter":"raw"}],"autores-libros":[{"ID":151972,"post_author":"3","post_date":"2022-10-14 14:45:06","post_date_gmt":"2022-10-14 12:45:06","post_content":"","post_title":"BYUNG - CHUL HAN","post_excerpt":"","post_status":"publish","comment_status":"closed","ping_status":"closed","post_password":"","post_name":"byung-chul-han","to_ping":"","pinged":"","post_modified":"2022-10-14 14:45:06","post_modified_gmt":"2022-10-14 12:45:06","post_content_filtered":"","post_parent":0,"guid":"http:\/\/dev.claret.cat\/autor\/byung-chul-han\/","menu_order":0,"post_type":"autor","post_mime_type":"","comment_count":"0","filter":"raw"}],"booktrailer":"","resenas":""},"aioseo_notices":[],"_links":{"self":[{"href":"https:\/\/www.claret.cat\/es\/wp-json\/wp\/v2\/product\/181862","targetHints":{"allow":["GET"]}}],"collection":[{"href":"https:\/\/www.claret.cat\/es\/wp-json\/wp\/v2\/product"}],"about":[{"href":"https:\/\/www.claret.cat\/es\/wp-json\/wp\/v2\/types\/product"}],"wp:featuredmedia":[{"embeddable":true,"href":"https:\/\/www.claret.cat\/es\/wp-json\/wp\/v2\/media\/331611"}],"wp:attachment":[{"href":"https:\/\/www.claret.cat\/es\/wp-json\/wp\/v2\/media?parent=181862"}],"wp:term":[{"taxonomy":"product_brand","embeddable":true,"href":"https:\/\/www.claret.cat\/es\/wp-json\/wp\/v2\/product_brand?post=181862"},{"taxonomy":"product_cat","embeddable":true,"href":"https:\/\/www.claret.cat\/es\/wp-json\/wp\/v2\/product_cat?post=181862"},{"taxonomy":"product_tag","embeddable":true,"href":"https:\/\/www.claret.cat\/es\/wp-json\/wp\/v2\/product_tag?post=181862"}],"curies":[{"name":"wp","href":"https:\/\/api.w.org\/{rel}","templated":true}]}}