{"id":181871,"date":"2022-10-20T03:39:42","date_gmt":"2022-10-20T01:39:42","guid":{"rendered":"http:\/\/dev.claret.cat\/producte\/una-clase-magica\/"},"modified":"2024-05-02T08:41:17","modified_gmt":"2024-05-02T06:41:17","slug":"una-clase-magica-9788428554855","status":"publish","type":"product","link":"https:\/\/www.claret.cat\/es\/libro\/una-clase-magica-9788428554855\/","title":{"rendered":"UNA CLASE M\u00c1GICA"},"content":{"rendered":"<p>Divertidos libros protagonizados por un simp\u00e1tico elefantito llamado Tam que vive muchas inesperadas y emocionantes aventuras en compa\u00f1\u00eda de sus mejores amigos: la ni\u00f1a Mar\u00eda y el perrito Koko. Gracias a sus coloridas ilustraciones y sus sencillos textos, los ni\u00f1os conocer\u00e1n diferentes profesiones, descubrir\u00e1n la magia de la m\u00fasica y los sonidos, y conocer\u00e1n los distintos medios de transporte. Los padres disfrutar\u00e1n junto a sus hijos de la lectura de esta colecci\u00f3n. Cada aventura del protagonista de estos cuentos ser\u00e1 una magn\u00edf\u00edca ense\u00f1anza para los m\u00e1s peque\u00f1os.<\/p>\n","protected":false},"excerpt":{"rendered":"<p>MERL\u00c1N, PAULA; FIGUEROA, BRENDA<\/p>\n","protected":false},"featured_media":335825,"template":"","meta":{"_acf_changed":false,"om_disable_all_campaigns":false,"rs_blank_template":"","rs_page_bg_color":"","slide_template_v7":"","inline_featured_image":false,"_monsterinsights_skip_tracking":false,"_monsterinsights_sitenote_active":false,"_monsterinsights_sitenote_note":"","_monsterinsights_sitenote_category":0},"product_brand":[],"product_cat":[86,352],"product_tag":[],"class_list":{"0":"post-181871","1":"product","2":"type-product","3":"status-publish","4":"has-post-thumbnail","6":"product_cat-infantil","7":"product_cat-infantil-3_infantil-juvenil-spa","9":"first","10":"instock","11":"taxable","12":"shipping-taxable","13":"purchasable","14":"product-type-simple"},"acf":{"autor":"MERL\u00c1N, PAULA; FIGUEROA, BRENDA","codart":"842855485","libros-coleccion":"INFANTIL","ediciones":"1","encuadernacion":"Carton\u00e9","fecha_de_publicacion":"15\/05\/2018","novedad":"1","paginas":"40","subtitulo":"DESCUBRE LA M\u00daSICA CON TAM","orden":"0","portada":"0","idioma":"spa","editorial":[{"ID":6356,"post_author":"3","post_date":"2022-07-28 17:50:26","post_date_gmt":"2022-07-28 15:50:26","post_content":"","post_title":"SAN PABLO COMUNICACI\u00d3N","post_excerpt":"","post_status":"publish","comment_status":"closed","ping_status":"closed","post_password":"","post_name":"san-pablo-comunicacion","to_ping":"","pinged":"","post_modified":"2022-07-28 17:50:26","post_modified_gmt":"2022-07-28 15:50:26","post_content_filtered":"","post_parent":0,"guid":"http:\/\/dev.claret.cat\/editorial\/san-pablo-comunicacion\/","menu_order":0,"post_type":"editorial","post_mime_type":"","comment_count":"0","filter":"raw"}],"autores-libros":[{"ID":286472,"post_author":"3","post_date":"2022-12-10 04:01:40","post_date_gmt":"2022-12-10 03:01:40","post_content":"","post_title":"BRENDA FIGUEROA","post_excerpt":"","post_status":"publish","comment_status":"closed","ping_status":"closed","post_password":"","post_name":"brenda-figueroa","to_ping":"","pinged":"","post_modified":"2022-12-10 04:01:40","post_modified_gmt":"2022-12-10 03:01:40","post_content_filtered":"","post_parent":0,"guid":"http:\/\/dev.claret.cat\/autor\/brenda-figueroa\/","menu_order":0,"post_type":"autor","post_mime_type":"","comment_count":"0","filter":"raw"},{"ID":166784,"post_author":"3","post_date":"2022-10-14 18:06:01","post_date_gmt":"2022-10-14 16:06:01","post_content":"","post_title":"PAULA MERL\u00c1N","post_excerpt":"","post_status":"publish","comment_status":"closed","ping_status":"closed","post_password":"","post_name":"paula-merlan","to_ping":"","pinged":"","post_modified":"2022-10-14 18:06:01","post_modified_gmt":"2022-10-14 16:06:01","post_content_filtered":"","post_parent":0,"guid":"http:\/\/dev.claret.cat\/autor\/paula-merlan\/","menu_order":0,"post_type":"autor","post_mime_type":"","comment_count":"0","filter":"raw"}]},"aioseo_notices":[],"_links":{"self":[{"href":"https:\/\/www.claret.cat\/es\/wp-json\/wp\/v2\/product\/181871","targetHints":{"allow":["GET"]}}],"collection":[{"href":"https:\/\/www.claret.cat\/es\/wp-json\/wp\/v2\/product"}],"about":[{"href":"https:\/\/www.claret.cat\/es\/wp-json\/wp\/v2\/types\/product"}],"wp:featuredmedia":[{"embeddable":true,"href":"https:\/\/www.claret.cat\/es\/wp-json\/wp\/v2\/media\/335825"}],"wp:attachment":[{"href":"https:\/\/www.claret.cat\/es\/wp-json\/wp\/v2\/media?parent=181871"}],"wp:term":[{"taxonomy":"product_brand","embeddable":true,"href":"https:\/\/www.claret.cat\/es\/wp-json\/wp\/v2\/product_brand?post=181871"},{"taxonomy":"product_cat","embeddable":true,"href":"https:\/\/www.claret.cat\/es\/wp-json\/wp\/v2\/product_cat?post=181871"},{"taxonomy":"product_tag","embeddable":true,"href":"https:\/\/www.claret.cat\/es\/wp-json\/wp\/v2\/product_tag?post=181871"}],"curies":[{"name":"wp","href":"https:\/\/api.w.org\/{rel}","templated":true}]}}