{"id":18188,"date":"2022-10-01T23:39:43","date_gmt":"2022-10-01T21:39:43","guid":{"rendered":"http:\/\/dev.claret.cat\/producte\/mago-de-oz-the-wizard-of-oz\/"},"modified":"2023-01-28T18:10:21","modified_gmt":"2023-01-28T17:10:21","slug":"mago-de-oz-the-wizard-of-oz-9788494543968","status":"publish","type":"product","link":"https:\/\/www.claret.cat\/es\/libro\/mago-de-oz-the-wizard-of-oz-9788494543968\/","title":{"rendered":"MAGO DE OZ \/THE WIZARD OF OZ"},"content":{"rendered":"<p>Esta extraordinaria colecci\u00f3n de libros biling\u00fces est\u00e1 especialmente dirigida a ni\u00f1os llenos de curiosidad y con muchas ganas de aprender. Descubre las mejores historias de la literatura cl\u00e1sica de aventuras, con hermosas ilustraciones y textos en espa\u00f1ol e ingl\u00e9s, adaptados especialmente para ni\u00f1os entre 7 y 11 a\u00f1os, que est\u00e1n aprendiendo a leer en ambos idiomas. Para complementar la experiencia educativa, se incluyen unas divertidas actividades de comprensi\u00f3n lectora para poner en pr\u00e1ctica los nuevos conocimientos adquiridos.<\/p>\n<p>This extraordinary collection of bilingual books is specially designed for children full of curiosity and willing to learn. Discover the best stories from classic adventure literature with beautiful illustrations and texts in Spanish and English, adapted especially for children between 7 and 11 years who are learning to read in both languages. To complement the educational experience, fun reading comprehension activities are included to put new language skills into practice.<\/p>\n","protected":false},"excerpt":{"rendered":"<p>FRANK BAUM LYMAN<\/p>\n","protected":false},"featured_media":73130,"template":"","meta":{"_acf_changed":false,"om_disable_all_campaigns":false,"rs_blank_template":"","rs_page_bg_color":"","slide_template_v7":"","inline_featured_image":false,"_monsterinsights_skip_tracking":false,"_monsterinsights_sitenote_active":false,"_monsterinsights_sitenote_note":"","_monsterinsights_sitenote_category":0},"product_brand":[],"product_cat":[109,86],"product_tag":[],"class_list":{"0":"post-18188","1":"product","2":"type-product","3":"status-publish","4":"has-post-thumbnail","6":"product_cat-angles","7":"product_cat-infantil","9":"first","10":"instock","11":"taxable","12":"shipping-taxable","13":"purchasable","14":"product-type-simple"},"acf":{"autor":"FRANK BAUM LYMAN","codart":"849454396","libros-coleccion":"FORA DE COL.LECCI\u00d3","ediciones":"1","encuadernacion":"Carton\u00e9","fecha_de_publicacion":"01\/03\/2017","novedad":"1","paginas":"20","subtitulo":"","orden":"0","portada":"0","idioma":"spa","editorial":[{"ID":148685,"post_author":"3","post_date":"2022-10-14 12:00:11","post_date_gmt":"2022-10-14 10:00:11","post_content":"","post_title":"PLUT\u00d3N EDICIONES","post_excerpt":"","post_status":"publish","comment_status":"closed","ping_status":"closed","post_password":"","post_name":"pluton-ediciones","to_ping":"","pinged":"","post_modified":"2022-10-14 12:00:11","post_modified_gmt":"2022-10-14 10:00:11","post_content_filtered":"","post_parent":0,"guid":"http:\/\/dev.claret.cat\/editorial\/pluton-ediciones\/","menu_order":0,"post_type":"editorial","post_mime_type":"","comment_count":"0","filter":"raw"}],"autores-libros":[{"ID":156354,"post_author":"3","post_date":"2022-10-14 15:20:09","post_date_gmt":"2022-10-14 13:20:09","post_content":"","post_title":"FRANK BAUM LYMAN","post_excerpt":"","post_status":"publish","comment_status":"closed","ping_status":"closed","post_password":"","post_name":"frank-baum-lyman","to_ping":"","pinged":"","post_modified":"2022-10-14 15:20:09","post_modified_gmt":"2022-10-14 13:20:09","post_content_filtered":"","post_parent":0,"guid":"http:\/\/dev.claret.cat\/autor\/frank-baum-lyman\/","menu_order":0,"post_type":"autor","post_mime_type":"","comment_count":"0","filter":"raw"}]},"aioseo_notices":[],"_links":{"self":[{"href":"https:\/\/www.claret.cat\/es\/wp-json\/wp\/v2\/product\/18188","targetHints":{"allow":["GET"]}}],"collection":[{"href":"https:\/\/www.claret.cat\/es\/wp-json\/wp\/v2\/product"}],"about":[{"href":"https:\/\/www.claret.cat\/es\/wp-json\/wp\/v2\/types\/product"}],"wp:featuredmedia":[{"embeddable":true,"href":"https:\/\/www.claret.cat\/es\/wp-json\/wp\/v2\/media\/73130"}],"wp:attachment":[{"href":"https:\/\/www.claret.cat\/es\/wp-json\/wp\/v2\/media?parent=18188"}],"wp:term":[{"taxonomy":"product_brand","embeddable":true,"href":"https:\/\/www.claret.cat\/es\/wp-json\/wp\/v2\/product_brand?post=18188"},{"taxonomy":"product_cat","embeddable":true,"href":"https:\/\/www.claret.cat\/es\/wp-json\/wp\/v2\/product_cat?post=18188"},{"taxonomy":"product_tag","embeddable":true,"href":"https:\/\/www.claret.cat\/es\/wp-json\/wp\/v2\/product_tag?post=18188"}],"curies":[{"name":"wp","href":"https:\/\/api.w.org\/{rel}","templated":true}]}}