{"id":181922,"date":"2022-10-20T03:40:32","date_gmt":"2022-10-20T01:40:32","guid":{"rendered":"http:\/\/dev.claret.cat\/producte\/la-comunicacion-de-la-palabra\/"},"modified":"2024-05-23T03:32:54","modified_gmt":"2024-05-23T01:32:54","slug":"la-comunicacion-de-la-palabra-9788491651253","status":"publish","type":"product","link":"https:\/\/www.claret.cat\/es\/libro\/la-comunicacion-de-la-palabra-9788491651253\/","title":{"rendered":"LA COMUNICACI\u00d3N DE LA PALABRA"},"content":{"rendered":"<p>La comunicaci\u00f3n es una gran protagonista de nuestra sociedad: por el poder de los grandes medios corporativos, por la aparici\u00f3n de las nuevas tecnolog\u00edas, por los cambios que ello supone en la relaci\u00f3n entre las personas, etc. Una realidad que tambi\u00e9n afecta a la Iglesia como transmisora del gran mensaje: la Buena Noticia de Jes\u00fas. Manuel Sim\u00f3, sacerdote y periodista, nos aporta las claves esenciales para una comunicaci\u00f3n de calidad que cumpla su misi\u00f3n en un mundo complicado, muy diverso y en constante cambio, incidiendo principalmente en la pastoral, la catequesis y la liturgia al servicio de la evangelizaci\u00f3n. La expresi\u00f3n oral, la escrita, la comunicaci\u00f3n gestual, la participaci\u00f3n en las redes sociales y las actitudes b\u00e1sicas para transmitir el Evangelio, a la manera del papa Francisco, se expresan en una propuesta de libro de estilo al alcance de todos.<\/p>\n","protected":false},"excerpt":{"rendered":"<p>SIM\u00d3, MANUEL<\/p>\n","protected":false},"featured_media":361122,"template":"","meta":{"_acf_changed":false,"om_disable_all_campaigns":false,"rs_blank_template":"","rs_page_bg_color":"","slide_template_v7":"","inline_featured_image":false,"_monsterinsights_skip_tracking":false,"_monsterinsights_sitenote_active":false,"_monsterinsights_sitenote_note":"","_monsterinsights_sitenote_category":0},"product_brand":[],"product_cat":[80,346,78,344],"product_tag":[],"class_list":{"0":"post-181922","1":"product","2":"type-product","3":"status-publish","4":"has-post-thumbnail","6":"product_cat-liturgia","7":"product_cat-libros-liturgia","8":"product_cat-pastoral","9":"product_cat-pastoral-1_espiritualidad","11":"first","12":"instock","13":"taxable","14":"shipping-taxable","15":"purchasable","16":"product-type-simple"},"acf":{"autor":"SIM\u00d3, MANUEL","codart":"849165125","libros-coleccion":"Ema\u00fas","ediciones":"1","encuadernacion":"R\u00fastica","fecha_de_publicacion":"11\/05\/2018","novedad":"1","paginas":"116","subtitulo":"SABER TRANSMITIR EL MENSAJE","orden":"0","portada":"0","idioma":"spa","editorial":[{"ID":6172,"post_author":"3","post_date":"2022-07-28 17:46:27","post_date_gmt":"2022-07-28 15:46:27","post_content":"","post_title":"CPL","post_excerpt":"","post_status":"publish","comment_status":"closed","ping_status":"closed","post_password":"","post_name":"cpl","to_ping":"","pinged":"","post_modified":"2022-07-28 17:46:27","post_modified_gmt":"2022-07-28 15:46:27","post_content_filtered":"","post_parent":0,"guid":"http:\/\/dev.claret.cat\/editorial\/cpl\/","menu_order":0,"post_type":"editorial","post_mime_type":"","comment_count":"0","filter":"raw"}],"autores-libros":[{"ID":361121,"post_author":"3","post_date":"2023-01-15 07:12:26","post_date_gmt":"2023-01-15 06:12:26","post_content":"","post_title":"MANUEL SIM\u00d3","post_excerpt":"","post_status":"publish","comment_status":"closed","ping_status":"closed","post_password":"","post_name":"manuel-simo","to_ping":"","pinged":"","post_modified":"2023-01-15 07:12:26","post_modified_gmt":"2023-01-15 06:12:26","post_content_filtered":"","post_parent":0,"guid":"https:\/\/www.claret.cat\/autor\/manuel-simo\/","menu_order":0,"post_type":"autor","post_mime_type":"","comment_count":"0","filter":"raw"}]},"aioseo_notices":[],"_links":{"self":[{"href":"https:\/\/www.claret.cat\/es\/wp-json\/wp\/v2\/product\/181922","targetHints":{"allow":["GET"]}}],"collection":[{"href":"https:\/\/www.claret.cat\/es\/wp-json\/wp\/v2\/product"}],"about":[{"href":"https:\/\/www.claret.cat\/es\/wp-json\/wp\/v2\/types\/product"}],"wp:featuredmedia":[{"embeddable":true,"href":"https:\/\/www.claret.cat\/es\/wp-json\/wp\/v2\/media\/361122"}],"wp:attachment":[{"href":"https:\/\/www.claret.cat\/es\/wp-json\/wp\/v2\/media?parent=181922"}],"wp:term":[{"taxonomy":"product_brand","embeddable":true,"href":"https:\/\/www.claret.cat\/es\/wp-json\/wp\/v2\/product_brand?post=181922"},{"taxonomy":"product_cat","embeddable":true,"href":"https:\/\/www.claret.cat\/es\/wp-json\/wp\/v2\/product_cat?post=181922"},{"taxonomy":"product_tag","embeddable":true,"href":"https:\/\/www.claret.cat\/es\/wp-json\/wp\/v2\/product_tag?post=181922"}],"curies":[{"name":"wp","href":"https:\/\/api.w.org\/{rel}","templated":true}]}}