{"id":181946,"date":"2022-10-20T03:40:56","date_gmt":"2022-10-20T01:40:56","guid":{"rendered":"http:\/\/dev.claret.cat\/producte\/frankenstein-edicion-anotada\/"},"modified":"2025-12-29T14:10:16","modified_gmt":"2025-12-29T13:10:16","slug":"frankenstein-edicion-anotada-9788446045649","status":"publish","type":"product","link":"https:\/\/www.claret.cat\/es\/libro\/frankenstein-edicion-anotada-9788446045649\/","title":{"rendered":"FRANKENSTEIN &#8211; EDICI\u00d3N ANOTADA"},"content":{"rendered":"<p>Considerado como el primer libro perteneciente al g\u00e9nero de la ciencia ficci\u00f3n, Frankenstein (1818) narra la historia de V\u00edctor Frankenstein, un joven estudiante de medicina en Ingolstadt obsesionado por descubrir los misterios del alma humana. V\u00edctor crea un cuerpo uniendo distintas partes de diferentes hombres, una criatura de casi dos metros y medio. Al comprender el error y el pecado que ha cometido con su experimento, V\u00edctor abandona a su criatura, dej\u00e1ndola desvalida. El rechazo que esta siente de todos aquellos con los que se encuentra despierta la c\u00f3lera y el deseo de venganza. <br \/>La presente edici\u00f3n es obra de Leslie S. Klingler, quien ya public\u00f3 en esta misma colecci\u00f3n obras como Sherlock Holmes anotado, Dr\u00e1cula anotado y H. P. Lovecratf anotado. En ella se recogen:<br \/>Cerca de 1.000 notas que proporcionan informaci\u00f3n y contexto hist\u00f3rico en todos los aspectos de Frankenstein y de la vida de Mary Shelley.<br \/>Casi 200 ilustraciones, incluyendo material gr\u00e1fico original de la edici\u00f3n de 1831 y docenas de fotograf\u00edas de lugares del mundo real que aparecen en la novela.<br \/>Amplios listados de adaptaciones cinematogr\u00e1ficas y teatrales.<br \/>La introducci\u00f3n original de la autora a la edici\u00f3n de 1831, as\u00ed como el ensayo de 1818 de Percy Shelley, \u00abSobre Frankenstein\u00bb.<\/p>\n","protected":false},"excerpt":{"rendered":"<p>SHELLEY, MARY<\/p>\n","protected":false},"featured_media":1055856,"template":"","meta":{"_acf_changed":false,"om_disable_all_campaigns":false,"rs_blank_template":"","rs_page_bg_color":"","slide_template_v7":"","inline_featured_image":false,"_monsterinsights_skip_tracking":false,"_monsterinsights_sitenote_active":false,"_monsterinsights_sitenote_note":"","_monsterinsights_sitenote_category":0},"product_brand":[],"product_cat":[354,123,87,353],"product_tag":[],"class_list":{"0":"post-181946","1":"product","2":"type-product","3":"status-publish","4":"has-post-thumbnail","6":"product_cat-clasica","7":"product_cat-classica","8":"product_cat-literatura","9":"product_cat-literatura-2_humanidades","11":"first","12":"instock","13":"taxable","14":"shipping-taxable","15":"purchasable","16":"product-type-simple"},"acf":{"autor":"SHELLEY, MARY","codart":"844604564","libros-coleccion":"Grandes Libros","ediciones":"1","encuadernacion":"Carton\u00e9","fecha_de_publicacion":"09\/05\/2018","novedad":"1","paginas":"456","subtitulo":"","orden":"0","portada":"0","idioma":"spa","editorial":[{"ID":6115,"post_author":"3","post_date":"2022-07-28 17:45:13","post_date_gmt":"2022-07-28 15:45:13","post_content":"","post_title":"AKAL, EDICIONES S.A.","post_excerpt":"","post_status":"publish","comment_status":"closed","ping_status":"closed","post_password":"","post_name":"akal-ediciones-s-a","to_ping":"","pinged":"","post_modified":"2022-07-28 17:45:13","post_modified_gmt":"2022-07-28 15:45:13","post_content_filtered":"","post_parent":0,"guid":"http:\/\/dev.claret.cat\/editorial\/akal-ediciones-s-a\/","menu_order":0,"post_type":"editorial","post_mime_type":"","comment_count":"0","filter":"raw"}],"autores-libros":[{"ID":164378,"post_author":"3","post_date":"2022-10-14 17:46:35","post_date_gmt":"2022-10-14 15:46:35","post_content":"","post_title":"MARY SHELLEY","post_excerpt":"","post_status":"publish","comment_status":"closed","ping_status":"closed","post_password":"","post_name":"mary-shelley","to_ping":"","pinged":"","post_modified":"2022-10-14 17:46:35","post_modified_gmt":"2022-10-14 15:46:35","post_content_filtered":"","post_parent":0,"guid":"http:\/\/dev.claret.cat\/autor\/mary-shelley\/","menu_order":0,"post_type":"autor","post_mime_type":"","comment_count":"0","filter":"raw"}],"booktrailer":"","resenas":""},"aioseo_notices":[],"_links":{"self":[{"href":"https:\/\/www.claret.cat\/es\/wp-json\/wp\/v2\/product\/181946","targetHints":{"allow":["GET"]}}],"collection":[{"href":"https:\/\/www.claret.cat\/es\/wp-json\/wp\/v2\/product"}],"about":[{"href":"https:\/\/www.claret.cat\/es\/wp-json\/wp\/v2\/types\/product"}],"wp:featuredmedia":[{"embeddable":true,"href":"https:\/\/www.claret.cat\/es\/wp-json\/wp\/v2\/media\/1055856"}],"wp:attachment":[{"href":"https:\/\/www.claret.cat\/es\/wp-json\/wp\/v2\/media?parent=181946"}],"wp:term":[{"taxonomy":"product_brand","embeddable":true,"href":"https:\/\/www.claret.cat\/es\/wp-json\/wp\/v2\/product_brand?post=181946"},{"taxonomy":"product_cat","embeddable":true,"href":"https:\/\/www.claret.cat\/es\/wp-json\/wp\/v2\/product_cat?post=181946"},{"taxonomy":"product_tag","embeddable":true,"href":"https:\/\/www.claret.cat\/es\/wp-json\/wp\/v2\/product_tag?post=181946"}],"curies":[{"name":"wp","href":"https:\/\/api.w.org\/{rel}","templated":true}]}}