{"id":181952,"date":"2022-10-20T03:41:02","date_gmt":"2022-10-20T01:41:02","guid":{"rendered":"http:\/\/dev.claret.cat\/producte\/a-ras-de-cielo\/"},"modified":"2024-05-23T22:51:42","modified_gmt":"2024-05-23T20:51:42","slug":"a-ras-de-cielo-9788446045953","status":"publish","type":"product","link":"https:\/\/www.claret.cat\/es\/libro\/a-ras-de-cielo-9788446045953\/","title":{"rendered":"A RAS DE CIELO"},"content":{"rendered":"<p>El embri\u00f3n del que naci\u00f3 este libro lo constituy\u00f3 una serie de art\u00edculos publicados en la revista Tribuna de Astronom\u00eda en los a\u00f1os noventa. Ese material, reestructurado y enriquecido, condujo a una primera edici\u00f3n de la obra en 1998 y a una segunda, revisada y ampliada, en 2008. El paso del tiempo y los comentarios del p\u00fablico lector permiten que aparezca hoy esta nueva edici\u00f3n muy mejorada con la que el autor cumple una aspiraci\u00f3n desde que la concibi\u00f3 por primera vez: su car\u00e1cter ilustrado, a todo color, con fotograf\u00edas de la m\u00e1xima calidad, proporcionadas por uno de los mejores astrofot\u00f3grafos del mundo, Juan Carlos Casado. El tratamiento de asuntos cient\u00edficos tan visuales como los incluidos en esta obra mejora much\u00edsimo al presentar, junto a las explicaciones, algunas de las mejores plasmaciones fotogr\u00e1ficas disponibles de estos fen\u00f3menos, muchas de las cuales recibieron el reconocimiento de la NASA como Astronomy Picture of the Day (APOD). Ojal\u00e1 estas p\u00e1ginas sirvan para mover a quien las lea a levantarse del asiento y salir al aire libre para mirar el cielo.<\/p>\n","protected":false},"excerpt":{"rendered":"<p>GALAD\u00cd-ENR\u00cdQUEZ, DAVID; CASADO, JUAN CARLOS<\/p>\n","protected":false},"featured_media":348491,"template":"","meta":{"_acf_changed":false,"om_disable_all_campaigns":false,"rs_blank_template":"","rs_page_bg_color":"","slide_template_v7":"","inline_featured_image":false,"_monsterinsights_skip_tracking":false,"_monsterinsights_sitenote_active":false,"_monsterinsights_sitenote_note":"","_monsterinsights_sitenote_category":0},"product_brand":[],"product_cat":[104,554,105,555],"product_tag":[],"class_list":{"0":"post-181952","1":"product","2":"type-product","3":"status-publish","4":"has-post-thumbnail","6":"product_cat-ciencia","7":"product_cat-ciencia-5_otras-spa","8":"product_cat-regal","9":"product_cat-regalo","11":"first","12":"instock","13":"taxable","14":"shipping-taxable","15":"purchasable","16":"product-type-simple"},"acf":{"autor":"GALAD\u00cd-ENR\u00cdQUEZ, DAVID; CASADO, JUAN CARLOS","codart":"844604595","libros-coleccion":"Astronom\u00eda","ediciones":"1","encuadernacion":"R\u00fastica","fecha_de_publicacion":"09\/05\/2018","novedad":"1","paginas":"224","subtitulo":"","orden":"0","portada":"0","idioma":"spa","editorial":[{"ID":6115,"post_author":"3","post_date":"2022-07-28 17:45:13","post_date_gmt":"2022-07-28 15:45:13","post_content":"","post_title":"AKAL, EDICIONES S.A.","post_excerpt":"","post_status":"publish","comment_status":"closed","ping_status":"closed","post_password":"","post_name":"akal-ediciones-s-a","to_ping":"","pinged":"","post_modified":"2022-07-28 17:45:13","post_modified_gmt":"2022-07-28 15:45:13","post_content_filtered":"","post_parent":0,"guid":"http:\/\/dev.claret.cat\/editorial\/akal-ediciones-s-a\/","menu_order":0,"post_type":"editorial","post_mime_type":"","comment_count":"0","filter":"raw"}],"autores-libros":[{"ID":348489,"post_author":"3","post_date":"2023-01-14 04:20:06","post_date_gmt":"2023-01-14 03:20:06","post_content":"","post_title":"DAVID GALAD\u00cd-ENR\u00cdQUEZ","post_excerpt":"","post_status":"publish","comment_status":"closed","ping_status":"closed","post_password":"","post_name":"david-galadi-enriquez","to_ping":"","pinged":"","post_modified":"2023-01-14 04:20:06","post_modified_gmt":"2023-01-14 03:20:06","post_content_filtered":"","post_parent":0,"guid":"https:\/\/www.claret.cat\/autor\/david-galadi-enriquez\/","menu_order":0,"post_type":"autor","post_mime_type":"","comment_count":"0","filter":"raw"},{"ID":348490,"post_author":"3","post_date":"2023-01-14 04:20:07","post_date_gmt":"2023-01-14 03:20:07","post_content":"","post_title":"JUAN CARLOS CASADO","post_excerpt":"","post_status":"publish","comment_status":"closed","ping_status":"closed","post_password":"","post_name":"juan-carlos-casado","to_ping":"","pinged":"","post_modified":"2023-01-14 04:20:07","post_modified_gmt":"2023-01-14 03:20:07","post_content_filtered":"","post_parent":0,"guid":"https:\/\/www.claret.cat\/autor\/juan-carlos-casado\/","menu_order":0,"post_type":"autor","post_mime_type":"","comment_count":"0","filter":"raw"}]},"aioseo_notices":[],"_links":{"self":[{"href":"https:\/\/www.claret.cat\/es\/wp-json\/wp\/v2\/product\/181952","targetHints":{"allow":["GET"]}}],"collection":[{"href":"https:\/\/www.claret.cat\/es\/wp-json\/wp\/v2\/product"}],"about":[{"href":"https:\/\/www.claret.cat\/es\/wp-json\/wp\/v2\/types\/product"}],"wp:featuredmedia":[{"embeddable":true,"href":"https:\/\/www.claret.cat\/es\/wp-json\/wp\/v2\/media\/348491"}],"wp:attachment":[{"href":"https:\/\/www.claret.cat\/es\/wp-json\/wp\/v2\/media?parent=181952"}],"wp:term":[{"taxonomy":"product_brand","embeddable":true,"href":"https:\/\/www.claret.cat\/es\/wp-json\/wp\/v2\/product_brand?post=181952"},{"taxonomy":"product_cat","embeddable":true,"href":"https:\/\/www.claret.cat\/es\/wp-json\/wp\/v2\/product_cat?post=181952"},{"taxonomy":"product_tag","embeddable":true,"href":"https:\/\/www.claret.cat\/es\/wp-json\/wp\/v2\/product_tag?post=181952"}],"curies":[{"name":"wp","href":"https:\/\/api.w.org\/{rel}","templated":true}]}}