{"id":182015,"date":"2022-10-20T03:42:05","date_gmt":"2022-10-20T01:42:05","guid":{"rendered":"http:\/\/dev.claret.cat\/producte\/ejercicios-espirituales\/"},"modified":"2026-04-01T03:49:26","modified_gmt":"2026-04-01T01:49:26","slug":"ejercicios-espirituales-9788427141919","status":"publish","type":"product","link":"https:\/\/www.claret.cat\/es\/libro\/ejercicios-espirituales-9788427141919\/","title":{"rendered":"EJERCICIOS ESPIRITUALES"},"content":{"rendered":"<p>El texto original de los Ejercicios Espirituales de san Ignacio (redactado hace casi quinientos a\u00f1os) puede resultar dif\u00edcil de entender por la gran cantidad de expresiones y palabras propias del castellano antiguo y del lat\u00edn. Esta obra del jesuita \u00c1ngel P\u00e9rez, permite una mejor aproximaci\u00f3n al contexto vital y teol\u00f3gico en el que fueron escritos los Ejercicios, y principalmente, una actualizaci\u00f3n a nuestro lenguaje y contexto, de lo expresado por san Ignacio. El prop\u00f3sito es mantener m\u00e1s vivo todav\u00eda, un m\u00e9todo magn\u00edfico para ahondar en el conocimiento de la persona de Jesucristo y su seguimiento.<\/p>\n","protected":false},"excerpt":{"rendered":"<p>SAN IGNACIO DE LOYOLA &#8211; P\u00c9REZ G\u00d3MEZ, \u00c1NGEL A.; SJ<\/p>\n","protected":false},"featured_media":1004647,"template":"","meta":{"_acf_changed":false,"om_disable_all_campaigns":false,"rs_blank_template":"","rs_page_bg_color":"","slide_template_v7":"","inline_featured_image":false,"_monsterinsights_skip_tracking":false,"_monsterinsights_sitenote_active":false,"_monsterinsights_sitenote_note":"","_monsterinsights_sitenote_category":0},"product_brand":[],"product_cat":[345,79,344,78,545,95],"product_tag":[],"class_list":{"0":"post-182015","1":"product","2":"type-product","3":"status-publish","4":"has-post-thumbnail","6":"product_cat-espiritualidad","7":"product_cat-espiritualitat","8":"product_cat-pastoral-1_espiritualidad","9":"product_cat-pastoral","10":"product_cat-santoral-1_espiritualidad-spa","11":"product_cat-santoral","13":"first","14":"instock","15":"taxable","16":"shipping-taxable","17":"purchasable","18":"product-type-simple"},"acf":{"autor":"SAN IGNACIO DE LOYOLA - P\u00c9REZ G\u00d3MEZ, \u00c1NGEL A.; SJ","codart":"842714191","libros-coleccion":"Jesuitas","ediciones":"1","encuadernacion":"R\u00fastica","fecha_de_publicacion":"02\/05\/2018","novedad":"1","paginas":"224","subtitulo":"PARA MEJOR  COMPRENDERLOS Y PRACTICARLOS","orden":"0","portada":"0","idioma":"spa","editorial":[{"ID":8258,"post_author":"3","post_date":"2022-09-30 09:21:32","post_date_gmt":"2022-09-30 07:21:32","post_content":"","post_title":"MENSAJERO","post_excerpt":"","post_status":"publish","comment_status":"closed","ping_status":"closed","post_password":"","post_name":"mensajero","to_ping":"","pinged":"","post_modified":"2022-09-30 09:21:32","post_modified_gmt":"2022-09-30 07:21:32","post_content_filtered":"","post_parent":0,"guid":"http:\/\/dev.claret.cat\/editorial\/mensajero\/","menu_order":0,"post_type":"editorial","post_mime_type":"","comment_count":"0","filter":"raw"}],"autores-libros":[{"ID":282985,"post_author":"3","post_date":"2022-12-10 01:05:17","post_date_gmt":"2022-12-10 00:05:17","post_content":"","post_title":"\u00c1NGEL A. SAN IGNACIO DE LOYOLA - P\u00c9REZ G\u00d3MEZ","post_excerpt":"","post_status":"publish","comment_status":"closed","ping_status":"closed","post_password":"","post_name":"angel-a-san-ignacio-de-loyola-perez-gomez","to_ping":"","pinged":"","post_modified":"2022-12-10 01:05:17","post_modified_gmt":"2022-12-10 00:05:17","post_content_filtered":"","post_parent":0,"guid":"http:\/\/dev.claret.cat\/autor\/angel-a-san-ignacio-de-loyola-perez-gomez\/","menu_order":0,"post_type":"autor","post_mime_type":"","comment_count":"0","filter":"raw"},{"ID":169599,"post_author":"3","post_date":"2022-10-14 22:28:31","post_date_gmt":"2022-10-14 20:28:31","post_content":"","post_title":"SJ","post_excerpt":"","post_status":"publish","comment_status":"closed","ping_status":"closed","post_password":"","post_name":"sj","to_ping":"","pinged":"","post_modified":"2022-10-14 22:28:31","post_modified_gmt":"2022-10-14 20:28:31","post_content_filtered":"","post_parent":0,"guid":"http:\/\/dev.claret.cat\/autor\/sj\/","menu_order":0,"post_type":"autor","post_mime_type":"","comment_count":"0","filter":"raw"}],"booktrailer":"","resenas":""},"aioseo_notices":[],"_links":{"self":[{"href":"https:\/\/www.claret.cat\/es\/wp-json\/wp\/v2\/product\/182015","targetHints":{"allow":["GET"]}}],"collection":[{"href":"https:\/\/www.claret.cat\/es\/wp-json\/wp\/v2\/product"}],"about":[{"href":"https:\/\/www.claret.cat\/es\/wp-json\/wp\/v2\/types\/product"}],"wp:featuredmedia":[{"embeddable":true,"href":"https:\/\/www.claret.cat\/es\/wp-json\/wp\/v2\/media\/1004647"}],"wp:attachment":[{"href":"https:\/\/www.claret.cat\/es\/wp-json\/wp\/v2\/media?parent=182015"}],"wp:term":[{"taxonomy":"product_brand","embeddable":true,"href":"https:\/\/www.claret.cat\/es\/wp-json\/wp\/v2\/product_brand?post=182015"},{"taxonomy":"product_cat","embeddable":true,"href":"https:\/\/www.claret.cat\/es\/wp-json\/wp\/v2\/product_cat?post=182015"},{"taxonomy":"product_tag","embeddable":true,"href":"https:\/\/www.claret.cat\/es\/wp-json\/wp\/v2\/product_tag?post=182015"}],"curies":[{"name":"wp","href":"https:\/\/api.w.org\/{rel}","templated":true}]}}