{"id":182072,"date":"2022-10-20T03:42:59","date_gmt":"2022-10-20T01:42:59","guid":{"rendered":"http:\/\/dev.claret.cat\/producte\/cosas-que-no-sabre-como-decirte-cuando-crezcas\/"},"modified":"2023-01-28T20:53:10","modified_gmt":"2023-01-28T19:53:10","slug":"cosas-que-no-sabre-como-decirte-cuando-crezcas-9788448850418","status":"publish","type":"product","link":"https:\/\/www.claret.cat\/es\/libro\/cosas-que-no-sabre-como-decirte-cuando-crezcas-9788448850418\/","title":{"rendered":"COSAS QUE NO SABR\u00c9 C\u00d3MO DECIRTE CUANDO CREZCAS"},"content":{"rendered":"<p>Este libro es un cuento, una f\u00e1bula, un poema sobre las cosas  maravillosas que van a vivir y sentir nuestros hijos, lo que les va a  ocurrir a lo largo de la vida y que, a veces, los padres no sabemos c\u00f3mo dec\u00edrselas. Un canto a la vida, a la infinidad de posibilidades que esta nos brinda,  a la belleza de cada d\u00eda, a la felicidad de compartir, a la eternidad de sentir. \u00bfC\u00f3mo ser\u00e1 verte? \u00bfEs normal sentir tanta alegr\u00eda? \u00bfY tantos nervios? \u00bfQu\u00e9 hago con todas estas cosas nuevas? Tenerte es un estallido de sensaciones: desde el olor de la habitaci\u00f3n  cuando llegas a casa hasta tus primeros pasos; y de los tropiezos inevitables al d\u00eda en que te acercas a mi corriendo, me coges de la mano y lanzas al aire una pregunta para la que no tengo respuesta&#8230; Este libro atrapa esos momentos de magia compartida para convertirlos en un canto a la vida.<\/p>\n","protected":false},"excerpt":{"rendered":"<p>ACEITUNO, DAVID \/ , LYONA<\/p>\n","protected":false},"featured_media":182073,"template":"","meta":{"_acf_changed":false,"om_disable_all_campaigns":false,"rs_blank_template":"","rs_page_bg_color":"","slide_template_v7":"","inline_featured_image":false,"_monsterinsights_skip_tracking":false,"_monsterinsights_sitenote_active":false,"_monsterinsights_sitenote_note":"","_monsterinsights_sitenote_category":0},"product_brand":[],"product_cat":[86],"product_tag":[],"class_list":{"0":"post-182072","1":"product","2":"type-product","3":"status-publish","4":"has-post-thumbnail","6":"product_cat-infantil","8":"first","9":"instock","10":"taxable","11":"shipping-taxable","12":"purchasable","13":"product-type-simple"},"acf":{"autor":"ACEITUNO, DAVID \/ , LYONA","codart":"844885041","libros-coleccion":"LUMEN ILUSTRADOS","ediciones":"1","encuadernacion":"Carton\u00e9","fecha_de_publicacion":"01\/05\/2018","novedad":"1","paginas":"24","subtitulo":"","orden":"0","portada":"0","idioma":"spa","editorial":[{"ID":6141,"post_author":"3","post_date":"2022-07-28 17:45:46","post_date_gmt":"2022-07-28 15:45:46","post_content":"","post_title":"BEASCOA","post_excerpt":"","post_status":"publish","comment_status":"closed","ping_status":"closed","post_password":"","post_name":"beascoa","to_ping":"","pinged":"","post_modified":"2022-07-28 17:45:46","post_modified_gmt":"2022-07-28 15:45:46","post_content_filtered":"","post_parent":0,"guid":"http:\/\/dev.claret.cat\/editorial\/beascoa\/","menu_order":0,"post_type":"editorial","post_mime_type":"","comment_count":"0","filter":"raw"}],"autores-libros":[{"ID":162844,"post_author":"3","post_date":"2022-10-14 17:34:15","post_date_gmt":"2022-10-14 15:34:15","post_content":"","post_title":"LYONA","post_excerpt":"","post_status":"publish","comment_status":"closed","ping_status":"closed","post_password":"","post_name":"lyona","to_ping":"","pinged":"","post_modified":"2022-10-14 17:34:15","post_modified_gmt":"2022-10-14 15:34:15","post_content_filtered":"","post_parent":0,"guid":"http:\/\/dev.claret.cat\/autor\/lyona\/","menu_order":0,"post_type":"autor","post_mime_type":"","comment_count":"0","filter":"raw"},{"ID":153730,"post_author":"3","post_date":"2022-10-14 14:59:04","post_date_gmt":"2022-10-14 12:59:04","post_content":"","post_title":"DAVID ACEITUNO","post_excerpt":"","post_status":"publish","comment_status":"closed","ping_status":"closed","post_password":"","post_name":"david-aceituno","to_ping":"","pinged":"","post_modified":"2022-10-14 14:59:04","post_modified_gmt":"2022-10-14 12:59:04","post_content_filtered":"","post_parent":0,"guid":"http:\/\/dev.claret.cat\/autor\/david-aceituno\/","menu_order":0,"post_type":"autor","post_mime_type":"","comment_count":"0","filter":"raw"}]},"aioseo_notices":[],"_links":{"self":[{"href":"https:\/\/www.claret.cat\/es\/wp-json\/wp\/v2\/product\/182072","targetHints":{"allow":["GET"]}}],"collection":[{"href":"https:\/\/www.claret.cat\/es\/wp-json\/wp\/v2\/product"}],"about":[{"href":"https:\/\/www.claret.cat\/es\/wp-json\/wp\/v2\/types\/product"}],"wp:featuredmedia":[{"embeddable":true,"href":"https:\/\/www.claret.cat\/es\/wp-json\/wp\/v2\/media\/182073"}],"wp:attachment":[{"href":"https:\/\/www.claret.cat\/es\/wp-json\/wp\/v2\/media?parent=182072"}],"wp:term":[{"taxonomy":"product_brand","embeddable":true,"href":"https:\/\/www.claret.cat\/es\/wp-json\/wp\/v2\/product_brand?post=182072"},{"taxonomy":"product_cat","embeddable":true,"href":"https:\/\/www.claret.cat\/es\/wp-json\/wp\/v2\/product_cat?post=182072"},{"taxonomy":"product_tag","embeddable":true,"href":"https:\/\/www.claret.cat\/es\/wp-json\/wp\/v2\/product_tag?post=182072"}],"curies":[{"name":"wp","href":"https:\/\/api.w.org\/{rel}","templated":true}]}}