{"id":182174,"date":"2022-10-20T03:44:37","date_gmt":"2022-10-20T01:44:37","guid":{"rendered":"http:\/\/dev.claret.cat\/producte\/10-minutos-al-dia-para-cuidar-tu-corazon\/"},"modified":"2025-02-04T18:02:19","modified_gmt":"2025-02-04T17:02:19","slug":"10-minutos-al-dia-para-cuidar-tu-corazon-9788491870401","status":"publish","type":"product","link":"https:\/\/www.claret.cat\/es\/libro\/10-minutos-al-dia-para-cuidar-tu-corazon-9788491870401\/","title":{"rendered":"10 MINUTOS AL D\u00cdA PARA CUIDAR TU CORAZ\u00d3N"},"content":{"rendered":"<p>\u00bfT\u00fa coraz\u00f3n funciona perfectamente? \u00a1Enhorabuena! Pero \u00bflo hace de la forma m\u00e1s eficiente? Es un m\u00fasculo que nos acompa\u00f1a toda la vida, y tomar medidas preventivas nunca est\u00e1 de m\u00e1s. Este libro re\u00fane las mejores herramientas para mantener o mejorar tu salud coronaria.<\/p>\n","protected":false},"excerpt":{"rendered":"<p>REDACCION RBA LIBROS, S.A.<\/p>\n","protected":false},"featured_media":182175,"template":"","meta":{"_acf_changed":false,"om_disable_all_campaigns":false,"rs_blank_template":"","rs_page_bg_color":"","slide_template_v7":"","inline_featured_image":false,"_monsterinsights_skip_tracking":false,"_monsterinsights_sitenote_active":false,"_monsterinsights_sitenote_note":"","_monsterinsights_sitenote_category":0},"product_brand":[],"product_cat":[547,97],"product_tag":[],"class_list":{"0":"post-182174","1":"product","2":"type-product","3":"status-publish","4":"has-post-thumbnail","6":"product_cat-salud","7":"product_cat-salut","9":"first","10":"instock","11":"taxable","12":"shipping-taxable","13":"purchasable","14":"product-type-simple"},"acf":{"autor":"REDACCION RBA LIBROS, S.A.","codart":"849187040","libros-coleccion":"PRACTICA","ediciones":"1","encuadernacion":"R\u00fastica","fecha_de_publicacion":"01\/05\/2018","novedad":"1","paginas":"142","subtitulo":"","orden":"0","portada":"0","idioma":"spa","editorial":[{"ID":148737,"post_author":"3","post_date":"2022-10-14 12:00:35","post_date_gmt":"2022-10-14 10:00:35","post_content":"","post_title":"RBA Libros","post_excerpt":"","post_status":"publish","comment_status":"closed","ping_status":"closed","post_password":"","post_name":"rba-libros","to_ping":"","pinged":"","post_modified":"2022-10-14 12:00:35","post_modified_gmt":"2022-10-14 10:00:35","post_content_filtered":"","post_parent":0,"guid":"http:\/\/dev.claret.cat\/editorial\/rba-libros\/","menu_order":0,"post_type":"editorial","post_mime_type":"","comment_count":"0","filter":"raw"}],"autores-libros":[{"ID":168748,"post_author":"3","post_date":"2022-10-14 22:21:37","post_date_gmt":"2022-10-14 20:21:37","post_content":"","post_title":"S.A. REDACCION RBA LIBROS","post_excerpt":"","post_status":"publish","comment_status":"closed","ping_status":"closed","post_password":"","post_name":"s-a-redaccion-rba-libros","to_ping":"","pinged":"","post_modified":"2022-10-14 22:21:37","post_modified_gmt":"2022-10-14 20:21:37","post_content_filtered":"","post_parent":0,"guid":"http:\/\/dev.claret.cat\/autor\/s-a-redaccion-rba-libros\/","menu_order":0,"post_type":"autor","post_mime_type":"","comment_count":"0","filter":"raw"}]},"aioseo_notices":[],"_links":{"self":[{"href":"https:\/\/www.claret.cat\/es\/wp-json\/wp\/v2\/product\/182174","targetHints":{"allow":["GET"]}}],"collection":[{"href":"https:\/\/www.claret.cat\/es\/wp-json\/wp\/v2\/product"}],"about":[{"href":"https:\/\/www.claret.cat\/es\/wp-json\/wp\/v2\/types\/product"}],"wp:featuredmedia":[{"embeddable":true,"href":"https:\/\/www.claret.cat\/es\/wp-json\/wp\/v2\/media\/182175"}],"wp:attachment":[{"href":"https:\/\/www.claret.cat\/es\/wp-json\/wp\/v2\/media?parent=182174"}],"wp:term":[{"taxonomy":"product_brand","embeddable":true,"href":"https:\/\/www.claret.cat\/es\/wp-json\/wp\/v2\/product_brand?post=182174"},{"taxonomy":"product_cat","embeddable":true,"href":"https:\/\/www.claret.cat\/es\/wp-json\/wp\/v2\/product_cat?post=182174"},{"taxonomy":"product_tag","embeddable":true,"href":"https:\/\/www.claret.cat\/es\/wp-json\/wp\/v2\/product_tag?post=182174"}],"curies":[{"name":"wp","href":"https:\/\/api.w.org\/{rel}","templated":true}]}}