{"id":18224,"date":"2022-10-01T23:40:10","date_gmt":"2022-10-01T21:40:10","guid":{"rendered":"http:\/\/dev.claret.cat\/producte\/te-conocimos-senor\/"},"modified":"2023-05-21T22:01:19","modified_gmt":"2023-05-21T20:01:19","slug":"te-conocimos-senor-847914450","status":"publish","type":"product","link":"https:\/\/www.claret.cat\/es\/libro\/te-conocimos-senor-847914450\/","title":{"rendered":"\u00a1TE CONOCIMOS, SE\u00d1OR!"},"content":{"rendered":"<p>En \u00abEl &#8216;hecho extraordinario&#8217;\u00bb MANUEL GARC\u00cdA MORENTE (1886-1942), al describir su experiencia con el cuidado, la emoci\u00f3n y la claridad que transparentan sus p\u00e1ginas, dej\u00f3 un regalo inapreciable a hombres y mujeres, creyentes y no creyentes, de esta \u00e9poca nuestra de eclipse cultural de Dios. El texto de DAG HAMMARSKJOLD (1905-1961), \u00abMarcas en el camino\u00bb, no contiene ni relato de hechos ni alusiones a personas. Es una autobiograf\u00eda interior. Un diario en el que el sujeto va plasmando, a trav\u00e9s de escritos de distinta naturaleza (meditaciones, reflexiones, oraciones, efusiones literarias), el itinerario de su alma. La carta en que conf\u00eda el texto de Leif Belgrafe describe con precisi\u00f3n el g\u00e9nero literario de su escrito: \u00abUna especie de libro blanco con cuestiones que tienen que ver conmigo mismo y con Dios\u00bb. Este diario interior tiene mucho de confesi\u00f3n en sentido agustiniano. ANDR\u00c9 FROSSARD, contempor\u00e1neo nuestro (falleci\u00f3 en el a\u00f1o 1994), en su libro \u00abDios existe\u00bb reitera con insistencia que en su conversi\u00f3n, y en la de otros, Dios tiene precedencia absoluta. \u00abNo me buscar\u00edais si no me hubieseis encontrado\u00bb, hace decir Pascal a Dios. De la obra mencionada ofrecemos aqu\u00ed las p\u00e1ginas en las que se describe el toque de Dios que le transforma. P\u00e1ginas que, como todo su libro, son de elegancia literaria propia de un acad\u00e9mico de la lengua, como \u00e9l mismo era en Par\u00eds.<\/p>\n","protected":false},"excerpt":{"rendered":"<p>GARC\u00cdA MORENTE, MANUEL \/ HAMMARSKJ\u00d6LD, DAG \/ FROSSARD, ANDR\u00c9<\/p>\n","protected":false},"featured_media":444118,"template":"","meta":{"_acf_changed":false,"om_disable_all_campaigns":false,"rs_blank_template":"","rs_page_bg_color":"","slide_template_v7":"","inline_featured_image":false,"_monsterinsights_skip_tracking":false,"_monsterinsights_sitenote_active":false,"_monsterinsights_sitenote_note":"","_monsterinsights_sitenote_category":0},"product_brand":[],"product_cat":[79,78],"product_tag":[],"class_list":{"0":"post-18224","1":"product","2":"type-product","3":"status-publish","4":"has-post-thumbnail","6":"product_cat-espiritualitat","7":"product_cat-pastoral","9":"first","10":"instock","11":"taxable","12":"shipping-taxable","13":"purchasable","14":"product-type-simple"},"acf":{"autor":"GARC\u00cdA MORENTE, MANUEL \/ HAMMARSKJ\u00d6LD, DAG \/ FROSSARD, ANDR\u00c9","codart":"847914450","libros-coleccion":"Cl\u00e1sicos de Espiritualidad","ediciones":"1","encuadernacion":"R\u00fastica","fecha_de_publicacion":"01\/12\/2003","novedad":"0","paginas":"265","subtitulo":"EL HECHO EXTRAORDINARIO; MARCAS EN EL CAMINO; DIOS EXISTE","orden":"999","portada":"0","idioma":"spa","editorial":[{"ID":6143,"post_author":"3","post_date":"2022-07-28 17:45:48","post_date_gmt":"2022-07-28 15:45:48","post_content":"","post_title":"BIBLIOTECA AUTORES CRISTIANOS","post_excerpt":"","post_status":"publish","comment_status":"closed","ping_status":"closed","post_password":"","post_name":"biblioteca-autores-cristianos","to_ping":"","pinged":"","post_modified":"2022-07-28 17:45:48","post_modified_gmt":"2022-07-28 15:45:48","post_content_filtered":"","post_parent":0,"guid":"http:\/\/dev.claret.cat\/editorial\/biblioteca-autores-cristianos\/","menu_order":0,"post_type":"editorial","post_mime_type":"","comment_count":"0","filter":"raw"}],"autores-libros":[{"ID":163115,"post_author":"3","post_date":"2022-10-14 17:36:26","post_date_gmt":"2022-10-14 15:36:26","post_content":"","post_title":"MANUEL (I ALTRES) GARCIA MORENTE","post_excerpt":"","post_status":"publish","comment_status":"closed","ping_status":"closed","post_password":"","post_name":"manuel-i-altres-garcia-morente","to_ping":"","pinged":"","post_modified":"2022-10-14 17:36:26","post_modified_gmt":"2022-10-14 15:36:26","post_content_filtered":"","post_parent":0,"guid":"http:\/\/dev.claret.cat\/autor\/manuel-i-altres-garcia-morente\/","menu_order":0,"post_type":"autor","post_mime_type":"","comment_count":"0","filter":"raw"}]},"aioseo_notices":[],"_links":{"self":[{"href":"https:\/\/www.claret.cat\/es\/wp-json\/wp\/v2\/product\/18224","targetHints":{"allow":["GET"]}}],"collection":[{"href":"https:\/\/www.claret.cat\/es\/wp-json\/wp\/v2\/product"}],"about":[{"href":"https:\/\/www.claret.cat\/es\/wp-json\/wp\/v2\/types\/product"}],"wp:featuredmedia":[{"embeddable":true,"href":"https:\/\/www.claret.cat\/es\/wp-json\/wp\/v2\/media\/444118"}],"wp:attachment":[{"href":"https:\/\/www.claret.cat\/es\/wp-json\/wp\/v2\/media?parent=18224"}],"wp:term":[{"taxonomy":"product_brand","embeddable":true,"href":"https:\/\/www.claret.cat\/es\/wp-json\/wp\/v2\/product_brand?post=18224"},{"taxonomy":"product_cat","embeddable":true,"href":"https:\/\/www.claret.cat\/es\/wp-json\/wp\/v2\/product_cat?post=18224"},{"taxonomy":"product_tag","embeddable":true,"href":"https:\/\/www.claret.cat\/es\/wp-json\/wp\/v2\/product_tag?post=18224"}],"curies":[{"name":"wp","href":"https:\/\/api.w.org\/{rel}","templated":true}]}}