{"id":18227,"date":"2022-10-01T23:40:12","date_gmt":"2022-10-01T21:40:12","guid":{"rendered":"http:\/\/dev.claret.cat\/producte\/santoral-del-clero-secular\/"},"modified":"2023-05-21T22:01:26","modified_gmt":"2023-05-21T20:01:26","slug":"santoral-del-clero-secular-847914455","status":"publish","type":"product","link":"https:\/\/www.claret.cat\/es\/libro\/santoral-del-clero-secular-847914455\/","title":{"rendered":"SANTORAL DEL CLERO SECULAR"},"content":{"rendered":"<p>Esta obra, dividida en tres partes, es una colecci\u00f3n de rese\u00f1as biogr\u00e1ficas de todos los santos y beatos que entre los siglos XIII y XX han pertenecido al clero secular. Como complemento se incluyen tambi\u00e9n las biograf\u00edas de cuantos, habiendo sido anteriormente sacerdotes seculares, hicieron votos religiosos posteriormente, no pocas veces en la congregaci\u00f3n u orden fundada por ellos mismos. Todos ellos, en el tiempo de su pertenencia al clero secular, ya dieron ejemplo luminoso de vida evang\u00e9lica. Como ap\u00e9ndice se a\u00f1ade una lista, con breve nota biogr\u00e1fica, de los Siervos de Dios, tambi\u00e9n del clero secular, que tienen en proceso su causa de beatificaci\u00f3n, muchos de ellos ya declarados Venerables.<\/p>\n","protected":false},"excerpt":{"rendered":"<p>REPETTO BETES, JOS\u00c9 LUIS<\/p>\n","protected":false},"featured_media":444120,"template":"","meta":{"_acf_changed":false,"om_disable_all_campaigns":false,"rs_blank_template":"","rs_page_bg_color":"","slide_template_v7":"","inline_featured_image":false,"_monsterinsights_skip_tracking":false,"_monsterinsights_sitenote_active":false,"_monsterinsights_sitenote_note":"","_monsterinsights_sitenote_category":0},"product_brand":[],"product_cat":[78],"product_tag":[],"class_list":{"0":"post-18227","1":"product","2":"type-product","3":"status-publish","4":"has-post-thumbnail","6":"product_cat-pastoral","8":"first","9":"instock","10":"taxable","11":"shipping-taxable","12":"purchasable","13":"product-type-simple"},"acf":{"autor":"REPETTO BETES, JOS\u00c9 LUIS","codart":"847914455","libros-coleccion":"ESTUDIOS Y ENSAYOS","ediciones":"1","encuadernacion":"R\u00fastica","fecha_de_publicacion":"01\/01\/2000","novedad":"0","paginas":"709","subtitulo":"DEL SIGLO XIII AL SIGLO XX","orden":"999","portada":"0","idioma":"spa","editorial":[{"ID":6143,"post_author":"3","post_date":"2022-07-28 17:45:48","post_date_gmt":"2022-07-28 15:45:48","post_content":"","post_title":"BIBLIOTECA AUTORES CRISTIANOS","post_excerpt":"","post_status":"publish","comment_status":"closed","ping_status":"closed","post_password":"","post_name":"biblioteca-autores-cristianos","to_ping":"","pinged":"","post_modified":"2022-07-28 17:45:48","post_modified_gmt":"2022-07-28 15:45:48","post_content_filtered":"","post_parent":0,"guid":"http:\/\/dev.claret.cat\/editorial\/biblioteca-autores-cristianos\/","menu_order":0,"post_type":"editorial","post_mime_type":"","comment_count":"0","filter":"raw"}],"autores-libros":[{"ID":160361,"post_author":"3","post_date":"2022-10-14 15:52:27","post_date_gmt":"2022-10-14 13:52:27","post_content":"","post_title":"JOSE LUIS REPETTO","post_excerpt":"","post_status":"publish","comment_status":"closed","ping_status":"closed","post_password":"","post_name":"jose-luis-repetto","to_ping":"","pinged":"","post_modified":"2022-10-14 15:52:27","post_modified_gmt":"2022-10-14 13:52:27","post_content_filtered":"","post_parent":0,"guid":"http:\/\/dev.claret.cat\/autor\/jose-luis-repetto\/","menu_order":0,"post_type":"autor","post_mime_type":"","comment_count":"0","filter":"raw"}]},"aioseo_notices":[],"_links":{"self":[{"href":"https:\/\/www.claret.cat\/es\/wp-json\/wp\/v2\/product\/18227","targetHints":{"allow":["GET"]}}],"collection":[{"href":"https:\/\/www.claret.cat\/es\/wp-json\/wp\/v2\/product"}],"about":[{"href":"https:\/\/www.claret.cat\/es\/wp-json\/wp\/v2\/types\/product"}],"wp:featuredmedia":[{"embeddable":true,"href":"https:\/\/www.claret.cat\/es\/wp-json\/wp\/v2\/media\/444120"}],"wp:attachment":[{"href":"https:\/\/www.claret.cat\/es\/wp-json\/wp\/v2\/media?parent=18227"}],"wp:term":[{"taxonomy":"product_brand","embeddable":true,"href":"https:\/\/www.claret.cat\/es\/wp-json\/wp\/v2\/product_brand?post=18227"},{"taxonomy":"product_cat","embeddable":true,"href":"https:\/\/www.claret.cat\/es\/wp-json\/wp\/v2\/product_cat?post=18227"},{"taxonomy":"product_tag","embeddable":true,"href":"https:\/\/www.claret.cat\/es\/wp-json\/wp\/v2\/product_tag?post=18227"}],"curies":[{"name":"wp","href":"https:\/\/api.w.org\/{rel}","templated":true}]}}