{"id":182342,"date":"2022-10-20T03:47:14","date_gmt":"2022-10-20T01:47:14","guid":{"rendered":"http:\/\/dev.claret.cat\/producte\/dias-felices-aproximaciones-a-el-jardin-de-las-delicias-de-francisco-ayala\/"},"modified":"2023-01-28T15:00:06","modified_gmt":"2023-01-28T14:00:06","slug":"dias-felices-aproximaciones-a-el-jardin-de-las-delicias-de-francisco-ayala-9788415673941","status":"publish","type":"product","link":"https:\/\/www.claret.cat\/es\/libro\/dias-felices-aproximaciones-a-el-jardin-de-las-delicias-de-francisco-ayala-9788415673941\/","title":{"rendered":"D\u00cdAS FELICES. APROXIMACIONES A  &#8221;EL JARD\u00cdN DE LAS DELICIAS&#8221; DE FRANCISCO AYALA"},"content":{"rendered":"<p>Fruto de un dilatado proceso de redacci\u00f3n, las aproximaciones de Carolyn Richmond a El jard\u00edn de las delicias de Francisco Ayala tienen un car\u00e1cter excepcional por la estrecha relaci\u00f3n, tanto afectiva como literaria, que uni\u00f3 a la autora a quien fuera su esposo; pero tambi\u00e9n, y sobre todo, por el rigor y la lucidez de sus planteamientos, as\u00ed como por la originalidad de su enfoque y desarrollo. M\u00e1s que un an\u00e1lisis de corte tradicional, D\u00edas felices ofrece una indagaci\u00f3n abierta en la \u00faltima, y m\u00e1s profundamente personal, obra de invenci\u00f3n del escritor granadino, con la que dialoga acerca de temas como el arte, el tiempo y la relaci\u00f3n entre literatura y realidad. En \u00faltima instancia, sugiere Richmond, tanto ella como el propio Ayala y sus lectores somos c\u00f3mplices en la recreaci\u00f3n de los recortes, di\u00e1logos y evocaciones preservados en esa ?arca de palabras?.<\/p>\n","protected":false},"excerpt":{"rendered":"<p>RICHMOND, CAROLYN<\/p>\n","protected":false},"featured_media":182343,"template":"","meta":{"_acf_changed":false,"om_disable_all_campaigns":false,"rs_blank_template":"","rs_page_bg_color":"","slide_template_v7":"","inline_featured_image":false,"_monsterinsights_skip_tracking":false,"_monsterinsights_sitenote_active":false,"_monsterinsights_sitenote_note":"","_monsterinsights_sitenote_category":0},"product_brand":[],"product_cat":[87],"product_tag":[],"class_list":{"0":"post-182342","1":"product","2":"type-product","3":"status-publish","4":"has-post-thumbnail","6":"product_cat-literatura","8":"first","9":"instock","10":"taxable","11":"shipping-taxable","12":"purchasable","13":"product-type-simple"},"acf":{"autor":"RICHMOND, CAROLYN","codart":"841567394","libros-coleccion":"FUERA DE COLECCI\u00d3N","ediciones":"1","encuadernacion":"Carton\u00e9","fecha_de_publicacion":"01\/05\/2018","novedad":"1","paginas":"267","subtitulo":"PREMIO MANUEL ALVAR DE ESTUDIOS HUMAN\u00cdSTICOS 2018","orden":"0","portada":"0","idioma":"spa","editorial":[{"ID":148179,"post_author":"3","post_date":"2022-10-14 11:56:15","post_date_gmt":"2022-10-14 09:56:15","post_content":"","post_title":"FUNDACI\u00d3N JOS\u00c9 MANUEL LARA","post_excerpt":"","post_status":"publish","comment_status":"closed","ping_status":"closed","post_password":"","post_name":"fundacion-jose-manuel-lara","to_ping":"","pinged":"","post_modified":"2022-10-14 11:56:15","post_modified_gmt":"2022-10-14 09:56:15","post_content_filtered":"","post_parent":0,"guid":"http:\/\/dev.claret.cat\/editorial\/fundacion-jose-manuel-lara\/","menu_order":0,"post_type":"editorial","post_mime_type":"","comment_count":"0","filter":"raw"}]},"aioseo_notices":[],"_links":{"self":[{"href":"https:\/\/www.claret.cat\/es\/wp-json\/wp\/v2\/product\/182342","targetHints":{"allow":["GET"]}}],"collection":[{"href":"https:\/\/www.claret.cat\/es\/wp-json\/wp\/v2\/product"}],"about":[{"href":"https:\/\/www.claret.cat\/es\/wp-json\/wp\/v2\/types\/product"}],"wp:featuredmedia":[{"embeddable":true,"href":"https:\/\/www.claret.cat\/es\/wp-json\/wp\/v2\/media\/182343"}],"wp:attachment":[{"href":"https:\/\/www.claret.cat\/es\/wp-json\/wp\/v2\/media?parent=182342"}],"wp:term":[{"taxonomy":"product_brand","embeddable":true,"href":"https:\/\/www.claret.cat\/es\/wp-json\/wp\/v2\/product_brand?post=182342"},{"taxonomy":"product_cat","embeddable":true,"href":"https:\/\/www.claret.cat\/es\/wp-json\/wp\/v2\/product_cat?post=182342"},{"taxonomy":"product_tag","embeddable":true,"href":"https:\/\/www.claret.cat\/es\/wp-json\/wp\/v2\/product_tag?post=182342"}],"curies":[{"name":"wp","href":"https:\/\/api.w.org\/{rel}","templated":true}]}}