{"id":182393,"date":"2022-10-20T03:48:01","date_gmt":"2022-10-20T01:48:01","guid":{"rendered":"http:\/\/dev.claret.cat\/producte\/un-paseo-por-el-barrio\/"},"modified":"2023-01-28T13:01:29","modified_gmt":"2023-01-28T12:01:29","slug":"un-paseo-por-el-barrio-9788417114985","status":"publish","type":"product","link":"https:\/\/www.claret.cat\/es\/libro\/un-paseo-por-el-barrio-9788417114985\/","title":{"rendered":"UN PASEO POR EL BARRIO"},"content":{"rendered":"<p>Acompa\u00f1a al gato a recorrer este hermoso barrio.<br \/>En este divertido y encantador libro, el lector es invitado a seguir a un gato en su camino a&#8230; \u00bfad\u00f3nde se dirigen? Junto a tres cachorritos, recorrer\u00e1n las diferentes calles descubriendo la librer\u00eda, la pescader\u00eda, la panader\u00eda&#8230; todos los secretos del barrio. Bellamente ilustrado por Camille Garoche, conocida por su elegante estilo, cada p\u00e1gina est\u00e1 llena de detalles y solapas por descubrir. Y al final, detr\u00e1s de una gran solapa, \u00a1una gran sorpresa!<\/p>\n","protected":false},"excerpt":{"rendered":"<p>GAROCHE CAMILLE<\/p>\n","protected":false},"featured_media":182394,"template":"","meta":{"_acf_changed":false,"om_disable_all_campaigns":false,"rs_blank_template":"","rs_page_bg_color":"","slide_template_v7":"","inline_featured_image":false,"_monsterinsights_skip_tracking":false,"_monsterinsights_sitenote_active":false,"_monsterinsights_sitenote_note":"","_monsterinsights_sitenote_category":0},"product_brand":[],"product_cat":[86],"product_tag":[],"class_list":{"0":"post-182393","1":"product","2":"type-product","3":"status-publish","4":"has-post-thumbnail","6":"product_cat-infantil","8":"first","9":"instock","10":"taxable","11":"shipping-taxable","12":"purchasable","13":"product-type-simple"},"acf":{"autor":"GAROCHE CAMILLE","codart":"841711498","libros-coleccion":"PATIO","ediciones":"1","encuadernacion":"Carpeta","fecha_de_publicacion":"01\/05\/2018","novedad":"1","paginas":"35","subtitulo":"","orden":"0","portada":"0","idioma":"spa"},"aioseo_notices":[],"_links":{"self":[{"href":"https:\/\/www.claret.cat\/es\/wp-json\/wp\/v2\/product\/182393","targetHints":{"allow":["GET"]}}],"collection":[{"href":"https:\/\/www.claret.cat\/es\/wp-json\/wp\/v2\/product"}],"about":[{"href":"https:\/\/www.claret.cat\/es\/wp-json\/wp\/v2\/types\/product"}],"wp:featuredmedia":[{"embeddable":true,"href":"https:\/\/www.claret.cat\/es\/wp-json\/wp\/v2\/media\/182394"}],"wp:attachment":[{"href":"https:\/\/www.claret.cat\/es\/wp-json\/wp\/v2\/media?parent=182393"}],"wp:term":[{"taxonomy":"product_brand","embeddable":true,"href":"https:\/\/www.claret.cat\/es\/wp-json\/wp\/v2\/product_brand?post=182393"},{"taxonomy":"product_cat","embeddable":true,"href":"https:\/\/www.claret.cat\/es\/wp-json\/wp\/v2\/product_cat?post=182393"},{"taxonomy":"product_tag","embeddable":true,"href":"https:\/\/www.claret.cat\/es\/wp-json\/wp\/v2\/product_tag?post=182393"}],"curies":[{"name":"wp","href":"https:\/\/api.w.org\/{rel}","templated":true}]}}