{"id":182522,"date":"2022-10-20T03:50:07","date_gmt":"2022-10-20T01:50:07","guid":{"rendered":"http:\/\/dev.claret.cat\/producte\/cambrer-aquest-cafe-esta-fred\/"},"modified":"2024-09-27T17:15:06","modified_gmt":"2024-09-27T15:15:06","slug":"cambrer-aquest-cafe-esta-fred-9788417214326","status":"publish","type":"product","link":"https:\/\/www.claret.cat\/es\/libro\/cambrer-aquest-cafe-esta-fred-9788417214326\/","title":{"rendered":"CAMBRER, AQUEST CAF\u00c8 EST\u00c0 FRED!"},"content":{"rendered":"<p>Vinyetes per millorar l&#8217;assertivitat i les relacions personals<\/p>\n<p>Aquest \u00e9s un llibre de psicologia quotidiana i habilitats socials, pensat per a tothom que vulgui apropar-se al m\u00f3n de l&#8217;assertivitat, la comunicaci\u00f3 amb els altres i el coneixement d&#8217;un mateix i dels altres, i estigui disposat a fer-ho amb una bona dosi d&#8217;humor i un cert grau d&#8217;ironia.<\/p>\n<p>Seguint les viv\u00e8ncies de tres personatges principals, les seves fam\u00edlies i els seus coneguts, el lector podr\u00e0 con\u00e8ixer i entrenar noves maneres d&#8217;enfrontar la seva vida. Gr\u00e0cies al seu plantejament en vinyetes, Raquel Ballesteros aborda els problemes comunicatius d&#8217;una manera directa i molt intu\u00eftiva. El lector hi trobar\u00e0 unes pautes excel\u00b7lents per millorar les seves habilitats socials i emocionals.<\/p>\n<p>\u00abUn dels millors tractats d&#8217;intel\u00b7lig\u00e8ncia emocional que s&#8217;han editat\u00bb, Raimon Sams\u00f3.<\/p>\n<p>\u00abEn un format original i fresc, les eines essencials per desenvolupar les nostres habilitats socials i emocionals per viure i conviure millor\u00bb, \u00c0lex Rovira.<\/p>\n","protected":false},"excerpt":{"rendered":"<p>BALLESTEROS CAB\u00d3S, RAQUEL<\/p>\n","protected":false},"featured_media":317798,"template":"","meta":{"_acf_changed":false,"om_disable_all_campaigns":false,"rs_blank_template":"","rs_page_bg_color":"","slide_template_v7":"","inline_featured_image":false,"_monsterinsights_skip_tracking":false,"_monsterinsights_sitenote_active":false,"_monsterinsights_sitenote_note":"","_monsterinsights_sitenote_category":0},"product_brand":[],"product_cat":[81,347],"product_tag":[],"class_list":{"0":"post-182522","1":"product","2":"type-product","3":"status-publish","4":"has-post-thumbnail","6":"product_cat-psicologia","7":"product_cat-psicologia-2_humanidades","9":"first","10":"instock","11":"taxable","12":"shipping-taxable","13":"purchasable","14":"product-type-simple"},"acf":{"autor":"BALLESTEROS CAB\u00d3S, RAQUEL","codart":"841721432","libros-coleccion":"Inspira","ediciones":"1","encuadernacion":"R\u00fastica","fecha_de_publicacion":"01\/05\/2018","novedad":"1","paginas":"208","subtitulo":"PRIMERS AUXILIS PER MILLORAR L'ASSERTIVITAT, LA COMUNICACI\u00d3 I LES RELACIONS PERSONALS","orden":"0","portada":"0","idioma":"cat","editorial":[{"ID":6122,"post_author":"3","post_date":"2022-07-28 17:45:22","post_date_gmt":"2022-07-28 15:45:22","post_content":"","post_title":"ANGLE EDITORIAL","post_excerpt":"","post_status":"publish","comment_status":"closed","ping_status":"closed","post_password":"","post_name":"angle-editorial","to_ping":"","pinged":"","post_modified":"2022-07-28 17:45:22","post_modified_gmt":"2022-07-28 15:45:22","post_content_filtered":"","post_parent":0,"guid":"http:\/\/dev.claret.cat\/editorial\/angle-editorial\/","menu_order":0,"post_type":"editorial","post_mime_type":"","comment_count":"0","filter":"raw"}],"autores-libros":[{"ID":167789,"post_author":"3","post_date":"2022-10-14 18:14:01","post_date_gmt":"2022-10-14 16:14:01","post_content":"","post_title":"RAQUEL BALLESTEROS CAB\u00d3S","post_excerpt":"","post_status":"publish","comment_status":"closed","ping_status":"closed","post_password":"","post_name":"raquel-ballesteros-cabos","to_ping":"","pinged":"","post_modified":"2022-10-14 18:14:01","post_modified_gmt":"2022-10-14 16:14:01","post_content_filtered":"","post_parent":0,"guid":"http:\/\/dev.claret.cat\/autor\/raquel-ballesteros-cabos\/","menu_order":0,"post_type":"autor","post_mime_type":"","comment_count":"0","filter":"raw"}]},"aioseo_notices":[],"_links":{"self":[{"href":"https:\/\/www.claret.cat\/es\/wp-json\/wp\/v2\/product\/182522","targetHints":{"allow":["GET"]}}],"collection":[{"href":"https:\/\/www.claret.cat\/es\/wp-json\/wp\/v2\/product"}],"about":[{"href":"https:\/\/www.claret.cat\/es\/wp-json\/wp\/v2\/types\/product"}],"wp:featuredmedia":[{"embeddable":true,"href":"https:\/\/www.claret.cat\/es\/wp-json\/wp\/v2\/media\/317798"}],"wp:attachment":[{"href":"https:\/\/www.claret.cat\/es\/wp-json\/wp\/v2\/media?parent=182522"}],"wp:term":[{"taxonomy":"product_brand","embeddable":true,"href":"https:\/\/www.claret.cat\/es\/wp-json\/wp\/v2\/product_brand?post=182522"},{"taxonomy":"product_cat","embeddable":true,"href":"https:\/\/www.claret.cat\/es\/wp-json\/wp\/v2\/product_cat?post=182522"},{"taxonomy":"product_tag","embeddable":true,"href":"https:\/\/www.claret.cat\/es\/wp-json\/wp\/v2\/product_tag?post=182522"}],"curies":[{"name":"wp","href":"https:\/\/api.w.org\/{rel}","templated":true}]}}