{"id":182534,"date":"2022-10-20T03:50:20","date_gmt":"2022-10-20T01:50:20","guid":{"rendered":"http:\/\/dev.claret.cat\/producte\/el-receptari-groc\/"},"modified":"2025-02-01T01:02:41","modified_gmt":"2025-02-01T00:02:41","slug":"el-receptari-groc-9788483309995","status":"publish","type":"product","link":"https:\/\/www.claret.cat\/es\/libro\/el-receptari-groc-9788483309995\/","title":{"rendered":"EL RECEPTARI GROC"},"content":{"rendered":"<p>El 9 de gener del 2018, la xef del Semproniana, Ada Parellada, va organitzar, juntament amb \u00d2mniumi amb l&#8217;ANC, un sopar groc en solidaritat amb els presos pol\u00edtics. I aquesta voluntat de fer pinya contra la injust\u00edcia es va encomanar a cuiners i cuineres d&#8217;arreu del pa\u00eds com una taca d&#8217;oli.<br \/>En aquest llibre presentem una petita mostra de les recepts d&#8217;alguns \u00e0pats grocs que s&#8217;han anat fent en diversos restaurants i cases particulars del territori, amb l&#8217;esperan\u00e7a que el groc arribi cada vegada a m\u00e9s taules d&#8217;aquest pa\u00eds.<\/p>\n","protected":false},"excerpt":{"rendered":"<p>PARELLADA I GARRELL, ADA \/ Y OTROS<\/p>\n","protected":false},"featured_media":182535,"template":"","meta":{"_acf_changed":false,"om_disable_all_campaigns":false,"rs_blank_template":"","rs_page_bg_color":"","slide_template_v7":"","inline_featured_image":false,"_monsterinsights_skip_tracking":false,"_monsterinsights_sitenote_active":false,"_monsterinsights_sitenote_note":"","_monsterinsights_sitenote_category":0},"product_brand":[],"product_cat":[553,103],"product_tag":[],"class_list":{"0":"post-182534","1":"product","2":"type-product","3":"status-publish","4":"has-post-thumbnail","6":"product_cat-cocina","7":"product_cat-cuina","9":"first","10":"instock","11":"taxable","12":"shipping-taxable","13":"purchasable","14":"product-type-simple"},"acf":{"editorial":[{"ID":6392,"post_author":"3","post_date":"2022-07-28 17:51:10","post_date_gmt":"2022-07-28 15:51:10","post_content":"","post_title":"Viena","post_excerpt":"","post_status":"publish","comment_status":"closed","ping_status":"closed","post_password":"","post_name":"viena","to_ping":"","pinged":"","post_modified":"2022-07-28 17:51:10","post_modified_gmt":"2022-07-28 15:51:10","post_content_filtered":"","post_parent":0,"guid":"http:\/\/dev.claret.cat\/editorial\/viena\/","menu_order":0,"post_type":"editorial","post_mime_type":"","comment_count":"0","filter":"raw"}],"autor":"PARELLADA I GARRELL, ADA \/ 'Y OTROS'","codart":"848330999","libros-coleccion":"FORA DE COL\u00b7LECCIO","ediciones":"1","encuadernacion":"R\u00fastica","fecha_de_publicacion":"01\/05\/2018","novedad":"1","paginas":"96","subtitulo":"","orden":"0","portada":"0","idioma":"cat","autores-libros":[{"ID":262730,"post_author":"3","post_date":"2022-12-01 11:07:49","post_date_gmt":"2022-12-01 10:07:49","post_content":"","post_title":"ADA PARELLADA I GARRELL","post_excerpt":"","post_status":"publish","comment_status":"closed","ping_status":"closed","post_password":"","post_name":"ada-parellada-i-garrell","to_ping":"","pinged":"","post_modified":"2022-12-01 11:07:49","post_modified_gmt":"2022-12-01 10:07:49","post_content_filtered":"","post_parent":0,"guid":"http:\/\/dev.claret.cat\/autor\/ada-parellada-i-garrell\/","menu_order":0,"post_type":"autor","post_mime_type":"","comment_count":"0","filter":"raw"},{"ID":405133,"post_author":"3","post_date":"2023-02-28 02:03:54","post_date_gmt":"2023-02-28 01:03:54","post_content":"","post_title":"'Y OTROS'","post_excerpt":"","post_status":"publish","comment_status":"closed","ping_status":"closed","post_password":"","post_name":"y-otros-2","to_ping":"","pinged":"","post_modified":"2023-02-28 02:03:54","post_modified_gmt":"2023-02-28 01:03:54","post_content_filtered":"","post_parent":0,"guid":"https:\/\/www.claret.cat\/autor\/y-otros-2\/","menu_order":0,"post_type":"autor","post_mime_type":"","comment_count":"0","filter":"raw"}]},"aioseo_notices":[],"_links":{"self":[{"href":"https:\/\/www.claret.cat\/es\/wp-json\/wp\/v2\/product\/182534","targetHints":{"allow":["GET"]}}],"collection":[{"href":"https:\/\/www.claret.cat\/es\/wp-json\/wp\/v2\/product"}],"about":[{"href":"https:\/\/www.claret.cat\/es\/wp-json\/wp\/v2\/types\/product"}],"wp:featuredmedia":[{"embeddable":true,"href":"https:\/\/www.claret.cat\/es\/wp-json\/wp\/v2\/media\/182535"}],"wp:attachment":[{"href":"https:\/\/www.claret.cat\/es\/wp-json\/wp\/v2\/media?parent=182534"}],"wp:term":[{"taxonomy":"product_brand","embeddable":true,"href":"https:\/\/www.claret.cat\/es\/wp-json\/wp\/v2\/product_brand?post=182534"},{"taxonomy":"product_cat","embeddable":true,"href":"https:\/\/www.claret.cat\/es\/wp-json\/wp\/v2\/product_cat?post=182534"},{"taxonomy":"product_tag","embeddable":true,"href":"https:\/\/www.claret.cat\/es\/wp-json\/wp\/v2\/product_tag?post=182534"}],"curies":[{"name":"wp","href":"https:\/\/api.w.org\/{rel}","templated":true}]}}