{"id":182651,"date":"2022-10-20T03:52:19","date_gmt":"2022-10-20T01:52:19","guid":{"rendered":"http:\/\/dev.claret.cat\/producte\/en-un-bosque-muy-oscuro-bolsillo\/"},"modified":"2025-01-20T17:22:36","modified_gmt":"2025-01-20T16:22:36","slug":"en-un-bosque-muy-oscuro-bolsillo-9788491870500","status":"publish","type":"product","link":"https:\/\/www.claret.cat\/es\/libro\/en-un-bosque-muy-oscuro-bolsillo-9788491870500\/","title":{"rendered":"EN UN BOSQUE MUY OSCURO (BOLSILLO)"},"content":{"rendered":"<p>Nora no ha visto a Clare desde hace diez a\u00f1os. No desde que Nora sali\u00f3 del instituto un d\u00eda para no volver jam\u00e1s. Hasta que, inesperadamente, recibe una invitaci\u00f3n para la despedida de soltera de Clare. Un fin de semana en una casa en la profundidad del bosque. \u00bfEs esta la oportunidad de Nora para recuperar la relaci\u00f3n con su mejor amiga? \u00bfLa ocasi\u00f3n de superar su pasado? Y sin embargo algo va a ir mal. Muy mal.<\/p>\n","protected":false},"excerpt":{"rendered":"<p>WARE , RUTH<\/p>\n","protected":false},"featured_media":182652,"template":"","meta":{"_acf_changed":false,"om_disable_all_campaigns":false,"rs_blank_template":"","rs_page_bg_color":"","slide_template_v7":"","inline_featured_image":false,"_monsterinsights_skip_tracking":false,"_monsterinsights_sitenote_active":false,"_monsterinsights_sitenote_note":"","_monsterinsights_sitenote_category":0},"product_brand":[],"product_cat":[87,353],"product_tag":[],"class_list":{"0":"post-182651","1":"product","2":"type-product","3":"status-publish","4":"has-post-thumbnail","6":"product_cat-literatura","7":"product_cat-literatura-2_humanidades","9":"first","10":"instock","11":"taxable","12":"shipping-taxable","13":"purchasable","14":"product-type-simple"},"acf":{"autor":"WARE , RUTH","codart":"849187050","libros-coleccion":"Ficci\u00f3n","ediciones":"1","encuadernacion":"R\u00fastica","fecha_de_publicacion":"01\/05\/2018","novedad":"1","paginas":"394","subtitulo":"","orden":"0","portada":"0","idioma":"spa","editorial":[{"ID":148734,"post_author":"3","post_date":"2022-10-14 12:00:33","post_date_gmt":"2022-10-14 10:00:33","post_content":"","post_title":"RBA Bolsillo","post_excerpt":"","post_status":"publish","comment_status":"closed","ping_status":"closed","post_password":"","post_name":"rba-bolsillo","to_ping":"","pinged":"","post_modified":"2022-10-14 12:00:33","post_modified_gmt":"2022-10-14 10:00:33","post_content_filtered":"","post_parent":0,"guid":"http:\/\/dev.claret.cat\/editorial\/rba-bolsillo\/","menu_order":0,"post_type":"editorial","post_mime_type":"","comment_count":"0","filter":"raw"}],"autores-libros":[{"ID":168715,"post_author":"3","post_date":"2022-10-14 22:21:21","post_date_gmt":"2022-10-14 20:21:21","post_content":"","post_title":"RUTH WARE","post_excerpt":"","post_status":"publish","comment_status":"closed","ping_status":"closed","post_password":"","post_name":"ruth-ware","to_ping":"","pinged":"","post_modified":"2022-10-14 22:21:21","post_modified_gmt":"2022-10-14 20:21:21","post_content_filtered":"","post_parent":0,"guid":"http:\/\/dev.claret.cat\/autor\/ruth-ware\/","menu_order":0,"post_type":"autor","post_mime_type":"","comment_count":"0","filter":"raw"}]},"aioseo_notices":[],"_links":{"self":[{"href":"https:\/\/www.claret.cat\/es\/wp-json\/wp\/v2\/product\/182651","targetHints":{"allow":["GET"]}}],"collection":[{"href":"https:\/\/www.claret.cat\/es\/wp-json\/wp\/v2\/product"}],"about":[{"href":"https:\/\/www.claret.cat\/es\/wp-json\/wp\/v2\/types\/product"}],"wp:featuredmedia":[{"embeddable":true,"href":"https:\/\/www.claret.cat\/es\/wp-json\/wp\/v2\/media\/182652"}],"wp:attachment":[{"href":"https:\/\/www.claret.cat\/es\/wp-json\/wp\/v2\/media?parent=182651"}],"wp:term":[{"taxonomy":"product_brand","embeddable":true,"href":"https:\/\/www.claret.cat\/es\/wp-json\/wp\/v2\/product_brand?post=182651"},{"taxonomy":"product_cat","embeddable":true,"href":"https:\/\/www.claret.cat\/es\/wp-json\/wp\/v2\/product_cat?post=182651"},{"taxonomy":"product_tag","embeddable":true,"href":"https:\/\/www.claret.cat\/es\/wp-json\/wp\/v2\/product_tag?post=182651"}],"curies":[{"name":"wp","href":"https:\/\/api.w.org\/{rel}","templated":true}]}}