{"id":182849,"date":"2022-10-20T03:55:37","date_gmt":"2022-10-20T01:55:37","guid":{"rendered":"http:\/\/dev.claret.cat\/producte\/cake-boss\/"},"modified":"2023-01-28T18:58:39","modified_gmt":"2023-01-28T17:58:39","slug":"cake-boss-9789874095022","status":"publish","type":"product","link":"https:\/\/www.claret.cat\/es\/libro\/cake-boss-9789874095022\/","title":{"rendered":"CAKE BOSS"},"content":{"rendered":"<p>Este es el primer libro traducido al espa\u00f1ol de Buddy Valastro. En \u00e9l, el famoso conductor de Cake Boss, nos abre las puertas de su casa y nos ense\u00f1a a cocinar las recetas que su familia prepara para las ocasiones especiales a lo largo del a\u00f1o. Desde las Navidades hasta las parrilladas de verano, las celebraciones de Buddy est\u00e1n siempre marcadas por alguna torta, cupcake o postre especial que captura la esencia de la ocasi\u00f3n de una manera visual muy atractiva y con un sabor incre\u00edble. Algunos postres son estacionales y f\u00e1ciles de hacer, como la Tarta de trigo y ricotta, la Tarta de calabaza de oto\u00f1o con su delicado borde de hojas de arce, y la Torta de San Valent\u00edn cubierta con mousse de chocolate y decorada con ralladuras de chocolate. Con instrucciones f\u00e1ciles de seguir, y fotos que muestran el paso a paso de cada receta y proyecto. Este libro es ideal para quienes quieran entrar en el mundo de Cake Boss.<\/p>\n","protected":false},"excerpt":{"rendered":"<p>DUDDY VALASTRO<\/p>\n","protected":false},"featured_media":182850,"template":"","meta":{"_acf_changed":false,"om_disable_all_campaigns":false,"rs_blank_template":"","rs_page_bg_color":"","slide_template_v7":"","inline_featured_image":false,"_monsterinsights_skip_tracking":false,"_monsterinsights_sitenote_active":false,"_monsterinsights_sitenote_note":"","_monsterinsights_sitenote_category":0},"product_brand":[],"product_cat":[103],"product_tag":[],"class_list":{"0":"post-182849","1":"product","2":"type-product","3":"status-publish","4":"has-post-thumbnail","6":"product_cat-cuina","8":"first","9":"instock","10":"taxable","11":"shipping-taxable","12":"purchasable","13":"product-type-simple"},"acf":{"autor":"DUDDY VALASTRO","codart":"987409502","libros-coleccion":"","ediciones":"1","encuadernacion":"Carpeta","fecha_de_publicacion":"01\/05\/2018","novedad":"1","paginas":"0","subtitulo":"CELEBRACIONES EN FAMILIA ","orden":"0","portada":"0","idioma":"spa","editorial":[{"ID":148209,"post_author":"3","post_date":"2022-10-14 11:56:29","post_date_gmt":"2022-10-14 09:56:29","post_content":"","post_title":"Ggodot","post_excerpt":"","post_status":"publish","comment_status":"closed","ping_status":"closed","post_password":"","post_name":"ggodot","to_ping":"","pinged":"","post_modified":"2022-10-14 11:56:29","post_modified_gmt":"2022-10-14 09:56:29","post_content_filtered":"","post_parent":0,"guid":"http:\/\/dev.claret.cat\/editorial\/ggodot\/","menu_order":0,"post_type":"editorial","post_mime_type":"","comment_count":"0","filter":"raw"}]},"aioseo_notices":[],"_links":{"self":[{"href":"https:\/\/www.claret.cat\/es\/wp-json\/wp\/v2\/product\/182849","targetHints":{"allow":["GET"]}}],"collection":[{"href":"https:\/\/www.claret.cat\/es\/wp-json\/wp\/v2\/product"}],"about":[{"href":"https:\/\/www.claret.cat\/es\/wp-json\/wp\/v2\/types\/product"}],"wp:featuredmedia":[{"embeddable":true,"href":"https:\/\/www.claret.cat\/es\/wp-json\/wp\/v2\/media\/182850"}],"wp:attachment":[{"href":"https:\/\/www.claret.cat\/es\/wp-json\/wp\/v2\/media?parent=182849"}],"wp:term":[{"taxonomy":"product_brand","embeddable":true,"href":"https:\/\/www.claret.cat\/es\/wp-json\/wp\/v2\/product_brand?post=182849"},{"taxonomy":"product_cat","embeddable":true,"href":"https:\/\/www.claret.cat\/es\/wp-json\/wp\/v2\/product_cat?post=182849"},{"taxonomy":"product_tag","embeddable":true,"href":"https:\/\/www.claret.cat\/es\/wp-json\/wp\/v2\/product_tag?post=182849"}],"curies":[{"name":"wp","href":"https:\/\/api.w.org\/{rel}","templated":true}]}}