{"id":182951,"date":"2022-10-20T03:57:22","date_gmt":"2022-10-20T01:57:22","guid":{"rendered":"http:\/\/dev.claret.cat\/producte\/cultura-general-cuadrados-de-diversion\/"},"modified":"2023-01-28T16:04:18","modified_gmt":"2023-01-28T15:04:18","slug":"cultura-general-cuadrados-de-diversion-9788415618942","status":"publish","type":"product","link":"https:\/\/www.claret.cat\/es\/libro\/cultura-general-cuadrados-de-diversion-9788415618942\/","title":{"rendered":"CULTURA GENERAL (CUADRADOS DE DIVERSI\u00d3N)"},"content":{"rendered":"<p>310 preguntas divertidas y apasionantes, y sus respuestas, con un sinf\u00edn de curiosidades, an\u00e9cdotas y datos para divertirse, sorprenderse, aprender y poder iniciar una conversaci\u00f3n con tus vecinos durante esos minutos eternos en el ascensor.<br \/> Te garantizamos que despu\u00e9s de leer este libro llegar\u00e1s a saberlo \u00a1casi todo!<\/p>\n","protected":false},"excerpt":{"rendered":"<p>CASAS\u00cdN, ALBERT<\/p>\n","protected":false},"featured_media":182952,"template":"","meta":{"_acf_changed":false,"om_disable_all_campaigns":false,"rs_blank_template":"","rs_page_bg_color":"","slide_template_v7":"","inline_featured_image":false,"_monsterinsights_skip_tracking":false,"_monsterinsights_sitenote_active":false,"_monsterinsights_sitenote_note":"","_monsterinsights_sitenote_category":0},"product_brand":[],"product_cat":[101],"product_tag":[],"class_list":{"0":"post-182951","1":"product","2":"type-product","3":"status-publish","4":"has-post-thumbnail","6":"product_cat-manualitats","8":"first","9":"instock","10":"taxable","11":"shipping-taxable","12":"purchasable","13":"product-type-simple"},"acf":{"autor":"CASAS\u00cdN, ALBERT","codart":"841561894","libros-coleccion":"Cuadrados de diversi\u00f3n","ediciones":"1","encuadernacion":"R\u00fastica","fecha_de_publicacion":"01\/05\/2018","novedad":"1","paginas":"365","subtitulo":"EL DESAF\u00cdO DE LAS PREGUNTAS PARA SABERLO CASI TODO","orden":"0","portada":"0","idioma":"spa","editorial":[{"ID":147917,"post_author":"3","post_date":"2022-10-14 11:54:14","post_date_gmt":"2022-10-14 09:54:14","post_content":"","post_title":"EDITORIAL ALMA","post_excerpt":"","post_status":"publish","comment_status":"closed","ping_status":"closed","post_password":"","post_name":"editorial-alma","to_ping":"","pinged":"","post_modified":"2022-10-14 11:54:14","post_modified_gmt":"2022-10-14 09:54:14","post_content_filtered":"","post_parent":0,"guid":"http:\/\/dev.claret.cat\/editorial\/editorial-alma\/","menu_order":0,"post_type":"editorial","post_mime_type":"","comment_count":"0","filter":"raw"}]},"aioseo_notices":[],"_links":{"self":[{"href":"https:\/\/www.claret.cat\/es\/wp-json\/wp\/v2\/product\/182951","targetHints":{"allow":["GET"]}}],"collection":[{"href":"https:\/\/www.claret.cat\/es\/wp-json\/wp\/v2\/product"}],"about":[{"href":"https:\/\/www.claret.cat\/es\/wp-json\/wp\/v2\/types\/product"}],"wp:featuredmedia":[{"embeddable":true,"href":"https:\/\/www.claret.cat\/es\/wp-json\/wp\/v2\/media\/182952"}],"wp:attachment":[{"href":"https:\/\/www.claret.cat\/es\/wp-json\/wp\/v2\/media?parent=182951"}],"wp:term":[{"taxonomy":"product_brand","embeddable":true,"href":"https:\/\/www.claret.cat\/es\/wp-json\/wp\/v2\/product_brand?post=182951"},{"taxonomy":"product_cat","embeddable":true,"href":"https:\/\/www.claret.cat\/es\/wp-json\/wp\/v2\/product_cat?post=182951"},{"taxonomy":"product_tag","embeddable":true,"href":"https:\/\/www.claret.cat\/es\/wp-json\/wp\/v2\/product_tag?post=182951"}],"curies":[{"name":"wp","href":"https:\/\/api.w.org\/{rel}","templated":true}]}}