{"id":183188,"date":"2022-10-20T04:01:34","date_gmt":"2022-10-20T02:01:34","guid":{"rendered":"http:\/\/dev.claret.cat\/producte\/diccionari-manual-catala-castella-castellano-catalan\/"},"modified":"2023-01-28T10:22:48","modified_gmt":"2023-01-28T09:22:48","slug":"diccionari-manual-catalacastella-castellanocatalan-9788499742731","status":"publish","type":"product","link":"https:\/\/www.claret.cat\/es\/libro\/diccionari-manual-catalacastella-castellanocatalan-9788499742731\/","title":{"rendered":"DICCIONARI MANUAL CATAL\u00c0-CASTELL\u00c0 \/ CASTELLANO-CATAL\u00c1N"},"content":{"rendered":"<p>Un diccionari fonamental per comen\u00e7ar a familiaritzar-se amb la llengua catalana. Amb tota la informaci\u00f3 necess\u00e0ria per dominar ambdues lleng\u00fces<\/p>\n<p> &#8211; M\u00e9s de 100.000 entrades i 180.000 traduccions<br \/> &#8211; Notes gramaticals<br \/> &#8211; Conjugaci\u00f3 dels verbs irregulars en les dues lleng\u00fces<br \/> &#8211; Recull neologismes de inform\u00e0tica, ci\u00e8ncia, telecomunicacions&#8230; <br \/> Amb acc\u00e9s a la versi\u00f3 en l\u00ednia del diccionari<\/p>\n<p> Adaptat a la nova normativa ortogr\u00e0fica de l&#8221;IEC (vigent des de 2017)<\/p>\n","protected":false},"excerpt":{"rendered":"<p>VOX EDITORIAL<\/p>\n","protected":false},"featured_media":183189,"template":"","meta":{"_acf_changed":false,"om_disable_all_campaigns":false,"rs_blank_template":"","rs_page_bg_color":"","slide_template_v7":"","inline_featured_image":false,"_monsterinsights_skip_tracking":false,"_monsterinsights_sitenote_active":false,"_monsterinsights_sitenote_note":"","_monsterinsights_sitenote_category":0},"product_brand":[],"product_cat":[98],"product_tag":[],"class_list":{"0":"post-183188","1":"product","2":"type-product","3":"status-publish","4":"has-post-thumbnail","6":"product_cat-diccionaris","8":"first","9":"instock","10":"taxable","11":"shipping-taxable","12":"purchasable","13":"product-type-simple"},"acf":{"autor":"VOX EDITORIAL","codart":"849974273","libros-coleccion":"Vox - Lengua Catalana - Diccionarios Gen","ediciones":"1","encuadernacion":"Carton\u00e9","fecha_de_publicacion":"01\/05\/2018","novedad":"1","paginas":"683","subtitulo":"","orden":"0","portada":"0","idioma":"cat","editorial":[{"ID":6393,"post_author":"3","post_date":"2022-07-28 17:51:11","post_date_gmt":"2022-07-28 15:51:11","post_content":"","post_title":"VOX","post_excerpt":"","post_status":"publish","comment_status":"closed","ping_status":"closed","post_password":"","post_name":"vox","to_ping":"","pinged":"","post_modified":"2022-07-28 17:51:11","post_modified_gmt":"2022-07-28 15:51:11","post_content_filtered":"","post_parent":0,"guid":"http:\/\/dev.claret.cat\/editorial\/vox\/","menu_order":0,"post_type":"editorial","post_mime_type":"","comment_count":"0","filter":"raw"}],"autores-libros":[{"ID":6084,"post_author":"3","post_date":"2022-07-28 17:37:48","post_date_gmt":"2022-07-28 15:37:48","post_content":"","post_title":"VOX EDITORIAL","post_excerpt":"","post_status":"publish","comment_status":"closed","ping_status":"closed","post_password":"","post_name":"vox-editorial","to_ping":"","pinged":"","post_modified":"2022-07-28 17:37:48","post_modified_gmt":"2022-07-28 15:37:48","post_content_filtered":"","post_parent":0,"guid":"http:\/\/dev.claret.cat\/autor\/vox-editorial\/","menu_order":0,"post_type":"autor","post_mime_type":"","comment_count":"0","filter":"raw"}]},"aioseo_notices":[],"_links":{"self":[{"href":"https:\/\/www.claret.cat\/es\/wp-json\/wp\/v2\/product\/183188","targetHints":{"allow":["GET"]}}],"collection":[{"href":"https:\/\/www.claret.cat\/es\/wp-json\/wp\/v2\/product"}],"about":[{"href":"https:\/\/www.claret.cat\/es\/wp-json\/wp\/v2\/types\/product"}],"wp:featuredmedia":[{"embeddable":true,"href":"https:\/\/www.claret.cat\/es\/wp-json\/wp\/v2\/media\/183189"}],"wp:attachment":[{"href":"https:\/\/www.claret.cat\/es\/wp-json\/wp\/v2\/media?parent=183188"}],"wp:term":[{"taxonomy":"product_brand","embeddable":true,"href":"https:\/\/www.claret.cat\/es\/wp-json\/wp\/v2\/product_brand?post=183188"},{"taxonomy":"product_cat","embeddable":true,"href":"https:\/\/www.claret.cat\/es\/wp-json\/wp\/v2\/product_cat?post=183188"},{"taxonomy":"product_tag","embeddable":true,"href":"https:\/\/www.claret.cat\/es\/wp-json\/wp\/v2\/product_tag?post=183188"}],"curies":[{"name":"wp","href":"https:\/\/api.w.org\/{rel}","templated":true}]}}