{"id":183194,"date":"2022-10-20T04:01:41","date_gmt":"2022-10-20T02:01:41","guid":{"rendered":"http:\/\/dev.claret.cat\/producte\/diccionario-escolar-de-la-lengua-espanola\/"},"modified":"2025-06-25T13:05:50","modified_gmt":"2025-06-25T11:05:50","slug":"diccionario-escolar-de-la-lengua-espanola-9788499742823","status":"publish","type":"product","link":"https:\/\/www.claret.cat\/es\/libro\/diccionario-escolar-de-la-lengua-espanola-9788499742823\/","title":{"rendered":"DICCIONARIO ESCOLAR DE LA LENGUA ESPA\u00d1OLA"},"content":{"rendered":"<p>El diccionario que cubre las necesidades de toda la etapa escolar, en una nueva edici\u00f3n ampliada y actualizada con:<br \/> ? 24 900 palabras y expresiones<br \/> ? 47 600 significados<br \/> ? 24 500 ejemplos de uso<br \/> ? 7 000 entradas con derivados que ayudan a enriquecer el vocabulario y descubrir las familias de palabras<br \/> ? 2 700 observaciones gramaticales sobre dudas ortogr\u00e1ficas, plurales, femeninos irregulares, conjugaci\u00f3n, pronunciaci\u00f3n, recomendaciones de uso y variantes geogr\u00e1ficas <br \/> ? Cuadros de conjugaci\u00f3n de los verbos irregulares para poder conjugar cualquier verbo<br \/> ? Contiene 32 l\u00e1minas ilustradas a color para desarrollar estrategias que permitan aprender el vocabulario de manera m\u00e1s ordenada y profunda y comprender la noci\u00f3n de precisi\u00f3n l\u00e9xica<br \/> ? Ofrece un &#8216;manual de instrucciones&#8217; para que el usuario pueda aprovechar al m\u00e1ximo los contenidos del diccionario<\/p>\n<p> Con acceso a la versi\u00f3n on line del diccionario<\/p>\n","protected":false},"excerpt":{"rendered":"<p>VOX EDITORIAL<\/p>\n","protected":false},"featured_media":183195,"template":"","meta":{"_acf_changed":false,"om_disable_all_campaigns":false,"rs_blank_template":"","rs_page_bg_color":"","slide_template_v7":"","inline_featured_image":false,"_monsterinsights_skip_tracking":false,"_monsterinsights_sitenote_active":false,"_monsterinsights_sitenote_note":"","_monsterinsights_sitenote_category":0},"product_brand":[],"product_cat":[548,98],"product_tag":[],"class_list":{"0":"post-183194","1":"product","2":"type-product","3":"status-publish","4":"has-post-thumbnail","6":"product_cat-diccionarios-5_otras-spa","7":"product_cat-diccionaris","9":"first","10":"instock","11":"taxable","12":"shipping-taxable","13":"purchasable","14":"product-type-simple"},"acf":{"autor":"VOX EDITORIAL","codart":"849974282","libros-coleccion":"Vox - Lengua Espa\u00f1ola - Diccionarios Esc","ediciones":"1","encuadernacion":"Carton\u00e9","fecha_de_publicacion":"01\/05\/2018","novedad":"1","paginas":"1430","subtitulo":"","orden":"0","portada":"0","idioma":"spa","editorial":[{"ID":6393,"post_author":"3","post_date":"2022-07-28 17:51:11","post_date_gmt":"2022-07-28 15:51:11","post_content":"","post_title":"VOX","post_excerpt":"","post_status":"publish","comment_status":"closed","ping_status":"closed","post_password":"","post_name":"vox","to_ping":"","pinged":"","post_modified":"2022-07-28 17:51:11","post_modified_gmt":"2022-07-28 15:51:11","post_content_filtered":"","post_parent":0,"guid":"http:\/\/dev.claret.cat\/editorial\/vox\/","menu_order":0,"post_type":"editorial","post_mime_type":"","comment_count":"0","filter":"raw"}],"autores-libros":[{"ID":6084,"post_author":"3","post_date":"2022-07-28 17:37:48","post_date_gmt":"2022-07-28 15:37:48","post_content":"","post_title":"VOX EDITORIAL","post_excerpt":"","post_status":"publish","comment_status":"closed","ping_status":"closed","post_password":"","post_name":"vox-editorial","to_ping":"","pinged":"","post_modified":"2022-07-28 17:37:48","post_modified_gmt":"2022-07-28 15:37:48","post_content_filtered":"","post_parent":0,"guid":"http:\/\/dev.claret.cat\/autor\/vox-editorial\/","menu_order":0,"post_type":"autor","post_mime_type":"","comment_count":"0","filter":"raw"}],"booktrailer":"","resenas":""},"aioseo_notices":[],"_links":{"self":[{"href":"https:\/\/www.claret.cat\/es\/wp-json\/wp\/v2\/product\/183194","targetHints":{"allow":["GET"]}}],"collection":[{"href":"https:\/\/www.claret.cat\/es\/wp-json\/wp\/v2\/product"}],"about":[{"href":"https:\/\/www.claret.cat\/es\/wp-json\/wp\/v2\/types\/product"}],"wp:featuredmedia":[{"embeddable":true,"href":"https:\/\/www.claret.cat\/es\/wp-json\/wp\/v2\/media\/183195"}],"wp:attachment":[{"href":"https:\/\/www.claret.cat\/es\/wp-json\/wp\/v2\/media?parent=183194"}],"wp:term":[{"taxonomy":"product_brand","embeddable":true,"href":"https:\/\/www.claret.cat\/es\/wp-json\/wp\/v2\/product_brand?post=183194"},{"taxonomy":"product_cat","embeddable":true,"href":"https:\/\/www.claret.cat\/es\/wp-json\/wp\/v2\/product_cat?post=183194"},{"taxonomy":"product_tag","embeddable":true,"href":"https:\/\/www.claret.cat\/es\/wp-json\/wp\/v2\/product_tag?post=183194"}],"curies":[{"name":"wp","href":"https:\/\/api.w.org\/{rel}","templated":true}]}}