{"id":183197,"date":"2022-10-20T04:01:44","date_gmt":"2022-10-20T02:01:44","guid":{"rendered":"http:\/\/dev.claret.cat\/producte\/diccionari-escolar-de-la-llengua-catalana-vox-barcanova\/"},"modified":"2024-06-18T17:56:22","modified_gmt":"2024-06-18T15:56:22","slug":"diccionari-escolar-de-la-llengua-catalana-voxbarcanova-9788499742830","status":"publish","type":"product","link":"https:\/\/www.claret.cat\/es\/libro\/diccionari-escolar-de-la-llengua-catalana-voxbarcanova-9788499742830\/","title":{"rendered":"DICCIONARI ESCOLAR DE LA LLENGUA CATALANA VOX-BARCANOVA"},"content":{"rendered":"<p>El diccionari que cobreix les necessitats de tota l&#8217;etapa escolar, en una nova edici\u00f3 ampliada i actualitzada amb:<br \/> ? 23400 entrades i expressions.<br \/> ? 40500 significats.<br \/> ? 24000 exemples d&#8217;\u00fas.<br \/> ? M\u00e9s de 8000 derivats per ajudar a enriquir el vocabulari i descobrir les fam\u00edlies de paraules.<br \/> ? M\u00e9s de 3000 observacions gramaticals sobre dubtes ortogr\u00e0fics, plurals i femenins, conjugaci\u00f3, barbarismes, pron\u00fancia, recomanacions d&#8217;\u00fas i dialectalismes.<br \/> ? Quadres de conjugaci\u00f3 dels verbs irregulars per poder conjugar qualsevol verb.<br \/> ? Quadres gramaticals i l\u00e8xics per millorar el coneixement de la llengua.<br \/> ? Cont\u00e9 32 l\u00e0mines il\u00b7lustrades a color per desenvolupar estrat\u00e8gies per aprendre el vocabulari de manera m\u00e9s ordenada i profunda i copsar la noci\u00f3 de precisi\u00f3 l\u00e9xica.<br \/> ? Ofereix un &#8216;manual d&#8217;instruccions&#8217; perqu\u00e8 l&#8217;usuari pugui aprofitar al m\u00e0xim els continguts del diccionari.<\/p>\n<p> Adaptat a la nova normativa ortogr\u00e0fica de l&#8217;IEC (vigent des de 2017)<\/p>\n","protected":false},"excerpt":{"rendered":"<p>VOX EDITORIAL<\/p>\n","protected":false},"featured_media":183198,"template":"","meta":{"_acf_changed":false,"om_disable_all_campaigns":false,"rs_blank_template":"","rs_page_bg_color":"","slide_template_v7":"","inline_featured_image":false,"_monsterinsights_skip_tracking":false,"_monsterinsights_sitenote_active":false,"_monsterinsights_sitenote_note":"","_monsterinsights_sitenote_category":0},"product_brand":[],"product_cat":[548,98],"product_tag":[],"class_list":{"0":"post-183197","1":"product","2":"type-product","3":"status-publish","4":"has-post-thumbnail","6":"product_cat-diccionarios-5_otras-spa","7":"product_cat-diccionaris","9":"first","10":"instock","11":"taxable","12":"shipping-taxable","13":"purchasable","14":"product-type-simple"},"acf":{"autor":"VOX EDITORIAL","codart":"849974283","libros-coleccion":"Vox - Lengua Catalana - Diccionarios Esc","ediciones":"1","encuadernacion":"Carton\u00e9","fecha_de_publicacion":"01\/05\/2018","novedad":"1","paginas":"1258","subtitulo":"","orden":"0","portada":"0","idioma":"spa","editorial":[{"ID":6393,"post_author":"3","post_date":"2022-07-28 17:51:11","post_date_gmt":"2022-07-28 15:51:11","post_content":"","post_title":"VOX","post_excerpt":"","post_status":"publish","comment_status":"closed","ping_status":"closed","post_password":"","post_name":"vox","to_ping":"","pinged":"","post_modified":"2022-07-28 17:51:11","post_modified_gmt":"2022-07-28 15:51:11","post_content_filtered":"","post_parent":0,"guid":"http:\/\/dev.claret.cat\/editorial\/vox\/","menu_order":0,"post_type":"editorial","post_mime_type":"","comment_count":"0","filter":"raw"}],"autores-libros":[{"ID":6084,"post_author":"3","post_date":"2022-07-28 17:37:48","post_date_gmt":"2022-07-28 15:37:48","post_content":"","post_title":"VOX EDITORIAL","post_excerpt":"","post_status":"publish","comment_status":"closed","ping_status":"closed","post_password":"","post_name":"vox-editorial","to_ping":"","pinged":"","post_modified":"2022-07-28 17:37:48","post_modified_gmt":"2022-07-28 15:37:48","post_content_filtered":"","post_parent":0,"guid":"http:\/\/dev.claret.cat\/autor\/vox-editorial\/","menu_order":0,"post_type":"autor","post_mime_type":"","comment_count":"0","filter":"raw"}]},"aioseo_notices":[],"_links":{"self":[{"href":"https:\/\/www.claret.cat\/es\/wp-json\/wp\/v2\/product\/183197","targetHints":{"allow":["GET"]}}],"collection":[{"href":"https:\/\/www.claret.cat\/es\/wp-json\/wp\/v2\/product"}],"about":[{"href":"https:\/\/www.claret.cat\/es\/wp-json\/wp\/v2\/types\/product"}],"wp:featuredmedia":[{"embeddable":true,"href":"https:\/\/www.claret.cat\/es\/wp-json\/wp\/v2\/media\/183198"}],"wp:attachment":[{"href":"https:\/\/www.claret.cat\/es\/wp-json\/wp\/v2\/media?parent=183197"}],"wp:term":[{"taxonomy":"product_brand","embeddable":true,"href":"https:\/\/www.claret.cat\/es\/wp-json\/wp\/v2\/product_brand?post=183197"},{"taxonomy":"product_cat","embeddable":true,"href":"https:\/\/www.claret.cat\/es\/wp-json\/wp\/v2\/product_cat?post=183197"},{"taxonomy":"product_tag","embeddable":true,"href":"https:\/\/www.claret.cat\/es\/wp-json\/wp\/v2\/product_tag?post=183197"}],"curies":[{"name":"wp","href":"https:\/\/api.w.org\/{rel}","templated":true}]}}