{"id":18335,"date":"2022-10-01T23:41:38","date_gmt":"2022-10-01T21:41:38","guid":{"rendered":"http:\/\/dev.claret.cat\/producte\/biblia-reina-valera-1960-b-rvr-065clgi-pielconcmarron\/"},"modified":"2023-01-28T17:11:28","modified_gmt":"2023-01-28T16:11:28","slug":"biblia-reinavalera-1960-brvr-065clgipielconcmarron-9788480833325","status":"publish","type":"product","link":"https:\/\/www.claret.cat\/es\/libro\/biblia-reinavalera-1960-brvr-065clgipielconcmarron-9788480833325\/","title":{"rendered":"BIBLIA REINA-VALERA 1960 (B\/RVR 065CLG,I\/PIEL,CONC,MARR\u00d3N)"},"content":{"rendered":"<p>Biblia Traducci\u00f3n Reina &#8211; Valera 1960<br \/>\u00b7 Encuadernaci\u00f3n en imitaci\u00f3n piel<br \/>\u00b7 Tama\u00f1o manual<br \/>\u00b7 Letra grande<br \/>\u00b7 Cinta de registro<br \/>\u00b7 Canto dorado<br \/>\u00b7 Color marr\u00f3n<\/p>\n<p>Contiene:<br \/>\u00b7 C\u00f3mo leer la Biblia<br \/>\u00b7 C\u00f3mo encontrar ayuda en la Biblia<br \/>\u00b7 Concordancia de 120 p\u00e1ginas<br \/>\u00b7 Plan de lectura de la Biblia en un a\u00f1o<br \/>\u00b7 Qu\u00e9 dice la Biblia acerca del perd\u00f3n de Dios<br \/>\u00b7 Selecci\u00f3n de pasajes famosos de la Biblia<br \/>\u00b7 Diez mapas a color<\/p>\n<p>Edici\u00f3n econ\u00f3mica y especial que adem\u00e1s incluye una breve rese\u00f1a hist\u00f3rica de la traducci\u00f3n Reina &#8211; Valera<\/p>\n","protected":false},"excerpt":{"rendered":"<p>SOCIEDADES B\u00cdBLICAS UNIDAS<\/p>\n","protected":false},"featured_media":69764,"template":"","meta":{"_acf_changed":false,"om_disable_all_campaigns":false,"rs_blank_template":"","rs_page_bg_color":"","slide_template_v7":"","inline_featured_image":false,"_monsterinsights_skip_tracking":false,"_monsterinsights_sitenote_active":false,"_monsterinsights_sitenote_note":"","_monsterinsights_sitenote_category":0},"product_brand":[],"product_cat":[75],"product_tag":[],"class_list":{"0":"post-18335","1":"product","2":"type-product","3":"status-publish","4":"has-post-thumbnail","6":"product_cat-biblia","8":"first","9":"instock","10":"taxable","11":"shipping-taxable","12":"purchasable","13":"product-type-simple"},"acf":{"autor":"SOCIEDADES B\u00cdBLICAS UNIDAS","codart":"848083332","libros-coleccion":"","ediciones":"1","encuadernacion":"R\u00fastica","fecha_de_publicacion":"01\/05\/2015","novedad":"1","paginas":"0","subtitulo":"","orden":"0","portada":"0","idioma":"spa","editorial":[{"ID":6366,"post_author":"3","post_date":"2022-07-28 17:50:39","post_date_gmt":"2022-07-28 15:50:39","post_content":"","post_title":"Sociedad B\u00edblica","post_excerpt":"","post_status":"publish","comment_status":"closed","ping_status":"closed","post_password":"","post_name":"sociedad-biblica","to_ping":"","pinged":"","post_modified":"2022-07-28 17:50:39","post_modified_gmt":"2022-07-28 15:50:39","post_content_filtered":"","post_parent":0,"guid":"http:\/\/dev.claret.cat\/editorial\/sociedad-biblica\/","menu_order":0,"post_type":"editorial","post_mime_type":"","comment_count":"0","filter":"raw"}],"autores-libros":[{"ID":169623,"post_author":"3","post_date":"2022-10-14 22:28:43","post_date_gmt":"2022-10-14 20:28:43","post_content":"","post_title":"SOCIEDADES BIBLICAS UNIDAS","post_excerpt":"","post_status":"publish","comment_status":"closed","ping_status":"closed","post_password":"","post_name":"sociedades-biblicas-unidas","to_ping":"","pinged":"","post_modified":"2022-10-14 22:28:43","post_modified_gmt":"2022-10-14 20:28:43","post_content_filtered":"","post_parent":0,"guid":"http:\/\/dev.claret.cat\/autor\/sociedades-biblicas-unidas\/","menu_order":0,"post_type":"autor","post_mime_type":"","comment_count":"0","filter":"raw"}]},"aioseo_notices":[],"_links":{"self":[{"href":"https:\/\/www.claret.cat\/es\/wp-json\/wp\/v2\/product\/18335","targetHints":{"allow":["GET"]}}],"collection":[{"href":"https:\/\/www.claret.cat\/es\/wp-json\/wp\/v2\/product"}],"about":[{"href":"https:\/\/www.claret.cat\/es\/wp-json\/wp\/v2\/types\/product"}],"wp:featuredmedia":[{"embeddable":true,"href":"https:\/\/www.claret.cat\/es\/wp-json\/wp\/v2\/media\/69764"}],"wp:attachment":[{"href":"https:\/\/www.claret.cat\/es\/wp-json\/wp\/v2\/media?parent=18335"}],"wp:term":[{"taxonomy":"product_brand","embeddable":true,"href":"https:\/\/www.claret.cat\/es\/wp-json\/wp\/v2\/product_brand?post=18335"},{"taxonomy":"product_cat","embeddable":true,"href":"https:\/\/www.claret.cat\/es\/wp-json\/wp\/v2\/product_cat?post=18335"},{"taxonomy":"product_tag","embeddable":true,"href":"https:\/\/www.claret.cat\/es\/wp-json\/wp\/v2\/product_tag?post=18335"}],"curies":[{"name":"wp","href":"https:\/\/api.w.org\/{rel}","templated":true}]}}