{"id":183359,"date":"2022-10-20T04:04:51","date_gmt":"2022-10-20T02:04:51","guid":{"rendered":"http:\/\/dev.claret.cat\/producte\/el-gran-libro-de-los-animales-gigantes-el-pequeno-libro-de-los-animales-mas-pe\/"},"modified":"2023-01-28T10:35:35","modified_gmt":"2023-01-28T09:35:35","slug":"el-gran-libro-de-los-animales-gigantes-el-pequeno-libro-de-los-animales-mas-pe-9788416918331","status":"publish","type":"product","link":"https:\/\/www.claret.cat\/es\/libro\/el-gran-libro-de-los-animales-gigantes-el-pequeno-libro-de-los-animales-mas-pe-9788416918331\/","title":{"rendered":"EL GRAN LIBRO DE LOS ANIMALES GIGANTES \/ EL PEQUE\u00d1O LIBRO DE LOS ANIMALES M\u00c1S PE"},"content":{"rendered":"<p>Hay animales que son gigantescos, m\u00e1s grandes que los coches, que algunos barcos o incluso que tu casa. Otros, en cambio, son m\u00e1s peque\u00f1os que una moneda y podr\u00edan vivir&#8230; \u00a1en una c\u00e1scara de nuez! \u00a1En este libro los encontrar\u00e1s todos! En las p\u00e1ginas de El gran libro de los animales gigantes se incluye una selecci\u00f3n de los gIgantes de la naturaleza; en las de El peque\u00f1o libro de los animales m\u00e1s peque\u00f1os, se muestran los animales m\u00e1s diminutos que te puedas imaginar: \u00a1ven a conocerlos!<\/p>\n","protected":false},"excerpt":{"rendered":"<p>BANFI, CRISTINA \/ PERABONI, CRISTINA<\/p>\n","protected":false},"featured_media":317434,"template":"","meta":{"_acf_changed":false,"om_disable_all_campaigns":false,"rs_blank_template":"","rs_page_bg_color":"","slide_template_v7":"","inline_featured_image":false,"_monsterinsights_skip_tracking":false,"_monsterinsights_sitenote_active":false,"_monsterinsights_sitenote_note":"","_monsterinsights_sitenote_category":0},"product_brand":[],"product_cat":[86,352],"product_tag":[],"class_list":{"0":"post-183359","1":"product","2":"type-product","3":"status-publish","4":"has-post-thumbnail","6":"product_cat-infantil","7":"product_cat-infantil-3_infantil-juvenil-spa","9":"first","10":"instock","11":"taxable","12":"shipping-taxable","13":"purchasable","14":"product-type-simple"},"acf":{"autor":"BANFI, CRISTINA \/ PERABONI, CRISTINA","codart":"841691833","libros-coleccion":"Otros Infantil","ediciones":"1","encuadernacion":"Carton\u00e9","fecha_de_publicacion":"01\/05\/2018","novedad":"1","paginas":"32","subtitulo":"","orden":"0","portada":"0","idioma":"spa","editorial":[{"ID":148408,"post_author":"3","post_date":"2022-10-14 11:58:01","post_date_gmt":"2022-10-14 09:58:01","post_content":"","post_title":"Lectio Ediciones","post_excerpt":"","post_status":"publish","comment_status":"closed","ping_status":"closed","post_password":"","post_name":"lectio-ediciones","to_ping":"","pinged":"","post_modified":"2022-10-14 11:58:01","post_modified_gmt":"2022-10-14 09:58:01","post_content_filtered":"","post_parent":0,"guid":"http:\/\/dev.claret.cat\/editorial\/lectio-ediciones\/","menu_order":0,"post_type":"editorial","post_mime_type":"","comment_count":"0","filter":"raw"}],"autores-libros":[{"ID":153310,"post_author":"3","post_date":"2022-10-14 14:55:45","post_date_gmt":"2022-10-14 12:55:45","post_content":"","post_title":"CRISTINA BANFI","post_excerpt":"","post_status":"publish","comment_status":"closed","ping_status":"closed","post_password":"","post_name":"cristina-banfi","to_ping":"","pinged":"","post_modified":"2022-10-14 14:55:45","post_modified_gmt":"2022-10-14 12:55:45","post_content_filtered":"","post_parent":0,"guid":"http:\/\/dev.claret.cat\/autor\/cristina-banfi\/","menu_order":0,"post_type":"autor","post_mime_type":"","comment_count":"0","filter":"raw"},{"ID":153379,"post_author":"3","post_date":"2022-10-14 14:56:18","post_date_gmt":"2022-10-14 12:56:18","post_content":"","post_title":"CRISTINA PERABONI","post_excerpt":"","post_status":"publish","comment_status":"closed","ping_status":"closed","post_password":"","post_name":"cristina-peraboni","to_ping":"","pinged":"","post_modified":"2022-10-14 14:56:18","post_modified_gmt":"2022-10-14 12:56:18","post_content_filtered":"","post_parent":0,"guid":"http:\/\/dev.claret.cat\/autor\/cristina-peraboni\/","menu_order":0,"post_type":"autor","post_mime_type":"","comment_count":"0","filter":"raw"}]},"aioseo_notices":[],"_links":{"self":[{"href":"https:\/\/www.claret.cat\/es\/wp-json\/wp\/v2\/product\/183359","targetHints":{"allow":["GET"]}}],"collection":[{"href":"https:\/\/www.claret.cat\/es\/wp-json\/wp\/v2\/product"}],"about":[{"href":"https:\/\/www.claret.cat\/es\/wp-json\/wp\/v2\/types\/product"}],"wp:featuredmedia":[{"embeddable":true,"href":"https:\/\/www.claret.cat\/es\/wp-json\/wp\/v2\/media\/317434"}],"wp:attachment":[{"href":"https:\/\/www.claret.cat\/es\/wp-json\/wp\/v2\/media?parent=183359"}],"wp:term":[{"taxonomy":"product_brand","embeddable":true,"href":"https:\/\/www.claret.cat\/es\/wp-json\/wp\/v2\/product_brand?post=183359"},{"taxonomy":"product_cat","embeddable":true,"href":"https:\/\/www.claret.cat\/es\/wp-json\/wp\/v2\/product_cat?post=183359"},{"taxonomy":"product_tag","embeddable":true,"href":"https:\/\/www.claret.cat\/es\/wp-json\/wp\/v2\/product_tag?post=183359"}],"curies":[{"name":"wp","href":"https:\/\/api.w.org\/{rel}","templated":true}]}}