{"id":183434,"date":"2022-10-20T04:06:08","date_gmt":"2022-10-20T02:06:08","guid":{"rendered":"http:\/\/dev.claret.cat\/producte\/las-estaciones-2\/"},"modified":"2023-01-28T10:57:24","modified_gmt":"2023-01-28T09:57:24","slug":"las-estaciones-9788491073055","status":"publish","type":"product","link":"https:\/\/www.claret.cat\/es\/libro\/las-estaciones-9788491073055\/","title":{"rendered":"LAS ESTACIONES"},"content":{"rendered":"<p>En este libro con ruedas y solapas el ni\u00f1o aprender\u00e1 c\u00f3mo se transforma la naturaleza a lo largo de las estaciones y c\u00f3mo se adaptan los animales a estos cambios.<br \/> Un libro para ni\u00f1os a partir de 4 a\u00f1os<br \/> @import url(http:\/\/ecat.gesm.net\/CuteSoft_Client\/CuteEditor\/Load.ashx?type=style&amp;file=SyntaxHighlighter.css);<\/p>\n","protected":false},"excerpt":{"rendered":"<p>KECIR-LEPETIT, EMMANUELLE<\/p>\n","protected":false},"featured_media":183435,"template":"","meta":{"_acf_changed":false,"om_disable_all_campaigns":false,"rs_blank_template":"","rs_page_bg_color":"","slide_template_v7":"","inline_featured_image":false,"_monsterinsights_skip_tracking":false,"_monsterinsights_sitenote_active":false,"_monsterinsights_sitenote_note":"","_monsterinsights_sitenote_category":0},"product_brand":[],"product_cat":[16],"product_tag":[],"class_list":{"0":"post-183434","1":"product","2":"type-product","3":"status-publish","4":"has-post-thumbnail","6":"product_cat-sense-categoria","8":"first","9":"instock","10":"taxable","11":"shipping-taxable","12":"purchasable","13":"product-type-simple"},"acf":{"autor":"KECIR-LEPETIT, EMMANUELLE","codart":"849107305","libros-coleccion":"Minimundo animado","ediciones":"1","encuadernacion":"Carton\u00e9","fecha_de_publicacion":"01\/05\/2018","novedad":"1","paginas":"12","subtitulo":"","orden":"0","portada":"0","idioma":"spa","editorial":[{"ID":147854,"post_author":"3","post_date":"2022-10-14 11:53:43","post_date_gmt":"2022-10-14 09:53:43","post_content":"","post_title":"EDICIONES SM","post_excerpt":"","post_status":"publish","comment_status":"closed","ping_status":"closed","post_password":"","post_name":"ediciones-sm","to_ping":"","pinged":"","post_modified":"2022-10-14 11:53:43","post_modified_gmt":"2022-10-14 09:53:43","post_content_filtered":"","post_parent":0,"guid":"http:\/\/dev.claret.cat\/editorial\/ediciones-sm\/","menu_order":0,"post_type":"editorial","post_mime_type":"","comment_count":"0","filter":"raw"}],"autores-libros":[{"ID":155060,"post_author":"3","post_date":"2022-10-14 15:09:50","post_date_gmt":"2022-10-14 13:09:50","post_content":"","post_title":"EMMANUELLE KECIR-LEPETIT","post_excerpt":"","post_status":"publish","comment_status":"closed","ping_status":"closed","post_password":"","post_name":"emmanuelle-kecir-lepetit","to_ping":"","pinged":"","post_modified":"2022-10-14 15:09:50","post_modified_gmt":"2022-10-14 13:09:50","post_content_filtered":"","post_parent":0,"guid":"http:\/\/dev.claret.cat\/autor\/emmanuelle-kecir-lepetit\/","menu_order":0,"post_type":"autor","post_mime_type":"","comment_count":"0","filter":"raw"}]},"aioseo_notices":[],"_links":{"self":[{"href":"https:\/\/www.claret.cat\/es\/wp-json\/wp\/v2\/product\/183434","targetHints":{"allow":["GET"]}}],"collection":[{"href":"https:\/\/www.claret.cat\/es\/wp-json\/wp\/v2\/product"}],"about":[{"href":"https:\/\/www.claret.cat\/es\/wp-json\/wp\/v2\/types\/product"}],"wp:featuredmedia":[{"embeddable":true,"href":"https:\/\/www.claret.cat\/es\/wp-json\/wp\/v2\/media\/183435"}],"wp:attachment":[{"href":"https:\/\/www.claret.cat\/es\/wp-json\/wp\/v2\/media?parent=183434"}],"wp:term":[{"taxonomy":"product_brand","embeddable":true,"href":"https:\/\/www.claret.cat\/es\/wp-json\/wp\/v2\/product_brand?post=183434"},{"taxonomy":"product_cat","embeddable":true,"href":"https:\/\/www.claret.cat\/es\/wp-json\/wp\/v2\/product_cat?post=183434"},{"taxonomy":"product_tag","embeddable":true,"href":"https:\/\/www.claret.cat\/es\/wp-json\/wp\/v2\/product_tag?post=183434"}],"curies":[{"name":"wp","href":"https:\/\/api.w.org\/{rel}","templated":true}]}}