{"id":183485,"date":"2022-10-20T04:06:59","date_gmt":"2022-10-20T02:06:59","guid":{"rendered":"http:\/\/dev.claret.cat\/producte\/la-ventafocs-5\/"},"modified":"2023-05-15T13:09:10","modified_gmt":"2023-05-15T11:09:10","slug":"la-ventafocs-9788416844494","status":"publish","type":"product","link":"https:\/\/www.claret.cat\/es\/libro\/la-ventafocs-9788416844494\/","title":{"rendered":"LA VENTAFOCS"},"content":{"rendered":"<p>La Ventafocs \u00e9s una jove maca i amable que viu amb la seva madrastra i les seves germanastres. La menyspreen i la maltracten i l\u2019obliguen a fer les tasques m\u00e9s feixugues de la llar. Per\u00f2 la seva sort canviar\u00e0 gr\u00e0cies a una sabata de cristall petita i a un pr\u00edncep atractiu.<\/p>\n","protected":false},"excerpt":{"rendered":"<p>ZURITA, ANA<\/p>\n","protected":false},"featured_media":317279,"template":"","meta":{"_acf_changed":false,"om_disable_all_campaigns":false,"rs_blank_template":"","rs_page_bg_color":"","slide_template_v7":"","inline_featured_image":false,"_monsterinsights_skip_tracking":false,"_monsterinsights_sitenote_active":false,"_monsterinsights_sitenote_note":"","_monsterinsights_sitenote_category":0},"product_brand":[],"product_cat":[352,86],"product_tag":[],"class_list":{"0":"post-183485","1":"product","2":"type-product","3":"status-publish","4":"has-post-thumbnail","6":"product_cat-infantil-3_infantil-juvenil-spa","7":"product_cat-infantil","9":"first","10":"instock","11":"taxable","12":"shipping-taxable","13":"purchasable","14":"product-type-simple"},"acf":{"autor":"ZURITA, ANA","codart":"841684449","libros-coleccion":"AIXO ERA I NO ERA","ediciones":"1","encuadernacion":"R\u00fastica","fecha_de_publicacion":"01\/05\/2018","novedad":"1","paginas":"24","subtitulo":"","orden":"0","portada":"0","idioma":"cat","editorial":[{"ID":6123,"post_author":"3","post_date":"2022-07-28 17:45:23","post_date_gmt":"2022-07-28 15:45:23","post_content":"","post_title":"ANIMALLIBRES","post_excerpt":"","post_status":"publish","comment_status":"closed","ping_status":"closed","post_password":"","post_name":"animallibres","to_ping":"","pinged":"","post_modified":"2022-07-28 17:45:23","post_modified_gmt":"2022-07-28 15:45:23","post_content_filtered":"","post_parent":0,"guid":"http:\/\/dev.claret.cat\/editorial\/animallibres\/","menu_order":0,"post_type":"editorial","post_mime_type":"","comment_count":"0","filter":"raw"}],"autores-libros":[{"ID":150153,"post_author":"3","post_date":"2022-10-14 14:30:39","post_date_gmt":"2022-10-14 12:30:39","post_content":"","post_title":"ANA ZURITA","post_excerpt":"","post_status":"publish","comment_status":"closed","ping_status":"closed","post_password":"","post_name":"ana-zurita","to_ping":"","pinged":"","post_modified":"2022-10-14 14:30:39","post_modified_gmt":"2022-10-14 12:30:39","post_content_filtered":"","post_parent":0,"guid":"http:\/\/dev.claret.cat\/autor\/ana-zurita\/","menu_order":0,"post_type":"autor","post_mime_type":"","comment_count":"0","filter":"raw"}]},"aioseo_notices":[],"_links":{"self":[{"href":"https:\/\/www.claret.cat\/es\/wp-json\/wp\/v2\/product\/183485","targetHints":{"allow":["GET"]}}],"collection":[{"href":"https:\/\/www.claret.cat\/es\/wp-json\/wp\/v2\/product"}],"about":[{"href":"https:\/\/www.claret.cat\/es\/wp-json\/wp\/v2\/types\/product"}],"wp:featuredmedia":[{"embeddable":true,"href":"https:\/\/www.claret.cat\/es\/wp-json\/wp\/v2\/media\/317279"}],"wp:attachment":[{"href":"https:\/\/www.claret.cat\/es\/wp-json\/wp\/v2\/media?parent=183485"}],"wp:term":[{"taxonomy":"product_brand","embeddable":true,"href":"https:\/\/www.claret.cat\/es\/wp-json\/wp\/v2\/product_brand?post=183485"},{"taxonomy":"product_cat","embeddable":true,"href":"https:\/\/www.claret.cat\/es\/wp-json\/wp\/v2\/product_cat?post=183485"},{"taxonomy":"product_tag","embeddable":true,"href":"https:\/\/www.claret.cat\/es\/wp-json\/wp\/v2\/product_tag?post=183485"}],"curies":[{"name":"wp","href":"https:\/\/api.w.org\/{rel}","templated":true}]}}