{"id":183701,"date":"2022-10-20T04:10:45","date_gmt":"2022-10-20T02:10:45","guid":{"rendered":"http:\/\/dev.claret.cat\/producte\/aragon-guia-de-vias-verdes-caminos-naturales-sua\/"},"modified":"2023-01-28T05:19:53","modified_gmt":"2023-01-28T04:19:53","slug":"aragon-guia-de-vias-verdes-caminos-naturales-sua-9788482166681","status":"publish","type":"product","link":"https:\/\/www.claret.cat\/es\/libro\/aragon-guia-de-vias-verdes-caminos-naturales-sua-9788482166681\/","title":{"rendered":"ARAGON. GUIA DE VIAS VERDES, CAMINOS NATURALES&#8230; -SUA"},"content":{"rendered":"<p>Una forma c\u00f3moda y practica de conocer a fondo Arag\u00f3n, con garant\u00edas de \u00e9xito y sin dejarnos nada, es mediante la red de V\u00edas Verdes y Caminos Naturales. Los hay muy variados: unos descubren el nacimiento de algunos r\u00edos y los acompa\u00f1an en sus primeros metros, otros surcan sierras y paisajes infinitos, algunos recorren ciudades y otros persiguen peque\u00f1os pueblos\u2026 desfiladeros, arte rupestre, iglesias, castillos, embalses, acequias\u2026 todos ellos nos ayudan a descubrir el rico patrimonio natural, arquitect\u00f3nico y cultural que posee Arag\u00f3n, ya sea paseando, corriendo, en bicicleta o incluso a caballo. En este libro recogemos 37 propuestas inspiradas en esos itinerarios sin grandes desniveles, bien se\u00f1alizados y muchos de ellos preparados para acoger a un amplio p\u00fablico, acorde con las normas de accesibilidad. Pensados, en fin, para el disfrute de todo el mundo.<\/p>\n","protected":false},"excerpt":{"rendered":"<p>MONTMANY, MARTA<\/p>\n","protected":false},"featured_media":183702,"template":"","meta":{"_acf_changed":false,"om_disable_all_campaigns":false,"rs_blank_template":"","rs_page_bg_color":"","slide_template_v7":"","inline_featured_image":false,"_monsterinsights_skip_tracking":false,"_monsterinsights_sitenote_active":false,"_monsterinsights_sitenote_note":"","_monsterinsights_sitenote_category":0},"product_brand":[],"product_cat":[107],"product_tag":[],"class_list":{"0":"post-183701","1":"product","2":"type-product","3":"status-publish","4":"has-post-thumbnail","6":"product_cat-guies-de-viatge","8":"first","9":"instock","10":"taxable","11":"shipping-taxable","12":"purchasable","13":"product-type-simple"},"acf":{"autor":"MONTMANY, MARTA","codart":"848216668","libros-coleccion":"SUA","ediciones":"1","encuadernacion":"R\u00fastica","fecha_de_publicacion":"01\/05\/2018","novedad":"1","paginas":"207","subtitulo":"","orden":"0","portada":"0","idioma":"spa","autores-libros":[{"ID":5817,"post_author":"3","post_date":"2022-07-28 17:32:06","post_date_gmt":"2022-07-28 15:32:06","post_content":"","post_title":"MARTA MONTMANY","post_excerpt":"","post_status":"publish","comment_status":"closed","ping_status":"closed","post_password":"","post_name":"marta-montmany","to_ping":"","pinged":"","post_modified":"2022-07-28 17:32:06","post_modified_gmt":"2022-07-28 15:32:06","post_content_filtered":"","post_parent":0,"guid":"http:\/\/dev.claret.cat\/autor\/marta-montmany\/","menu_order":0,"post_type":"autor","post_mime_type":"","comment_count":"0","filter":"raw"}]},"aioseo_notices":[],"_links":{"self":[{"href":"https:\/\/www.claret.cat\/es\/wp-json\/wp\/v2\/product\/183701","targetHints":{"allow":["GET"]}}],"collection":[{"href":"https:\/\/www.claret.cat\/es\/wp-json\/wp\/v2\/product"}],"about":[{"href":"https:\/\/www.claret.cat\/es\/wp-json\/wp\/v2\/types\/product"}],"wp:featuredmedia":[{"embeddable":true,"href":"https:\/\/www.claret.cat\/es\/wp-json\/wp\/v2\/media\/183702"}],"wp:attachment":[{"href":"https:\/\/www.claret.cat\/es\/wp-json\/wp\/v2\/media?parent=183701"}],"wp:term":[{"taxonomy":"product_brand","embeddable":true,"href":"https:\/\/www.claret.cat\/es\/wp-json\/wp\/v2\/product_brand?post=183701"},{"taxonomy":"product_cat","embeddable":true,"href":"https:\/\/www.claret.cat\/es\/wp-json\/wp\/v2\/product_cat?post=183701"},{"taxonomy":"product_tag","embeddable":true,"href":"https:\/\/www.claret.cat\/es\/wp-json\/wp\/v2\/product_tag?post=183701"}],"curies":[{"name":"wp","href":"https:\/\/api.w.org\/{rel}","templated":true}]}}