{"id":183713,"date":"2022-10-20T04:10:58","date_gmt":"2022-10-20T02:10:58","guid":{"rendered":"http:\/\/dev.claret.cat\/producte\/el-sueno-del-caracol\/"},"modified":"2023-01-28T20:24:36","modified_gmt":"2023-01-28T19:24:36","slug":"el-sueno-del-caracol-9788416817290","status":"publish","type":"product","link":"https:\/\/www.claret.cat\/es\/libro\/el-sueno-del-caracol-9788416817290\/","title":{"rendered":"EL SUE\u00d1O DEL CARACOL"},"content":{"rendered":"<p>A veces, por la noche, so\u00f1amos cosas tremendas. Entonces, cuando despertamos, nos parece estar todav\u00eda dentro de nuestro propio sue\u00f1o. \u00bfNo te ha pasado nunca?<br \/> Pues eso mismo es lo que le ha ocurrido a Irene, la protagonista de esta historia, despu\u00e9s de pasar una tarde con su padre aprendiendo un nuevo juego.<br \/> \u00bfY t\u00fa? \u00bfSabes jugar a la oca? \u00a1A ver si eres capaz de encontrar todas las casillas dentro del sue\u00f1o del caracol!<\/p>\n","protected":false},"excerpt":{"rendered":"<p>ORTIN ESTRADA, CARLOS<\/p>\n","protected":false},"featured_media":183714,"template":"","meta":{"_acf_changed":false,"om_disable_all_campaigns":false,"rs_blank_template":"","rs_page_bg_color":"","slide_template_v7":"","inline_featured_image":false,"_monsterinsights_skip_tracking":false,"_monsterinsights_sitenote_active":false,"_monsterinsights_sitenote_note":"","_monsterinsights_sitenote_category":0},"product_brand":[],"product_cat":[87],"product_tag":[],"class_list":{"0":"post-183713","1":"product","2":"type-product","3":"status-publish","4":"has-post-thumbnail","6":"product_cat-literatura","8":"first","9":"instock","10":"taxable","11":"shipping-taxable","12":"purchasable","13":"product-type-simple"},"acf":{"autor":"ORTIN ESTRADA, CARLOS","codart":"841681729","libros-coleccion":"Trampantojo","ediciones":"1","encuadernacion":"Carton\u00e9","fecha_de_publicacion":"01\/05\/2018","novedad":"1","paginas":"32","subtitulo":"","orden":"0","portada":"0","idioma":"spa","editorial":[{"ID":148873,"post_author":"3","post_date":"2022-10-14 12:01:39","post_date_gmt":"2022-10-14 10:01:39","post_content":"","post_title":"Thule","post_excerpt":"","post_status":"publish","comment_status":"closed","ping_status":"closed","post_password":"","post_name":"thule","to_ping":"","pinged":"","post_modified":"2022-10-14 12:01:39","post_modified_gmt":"2022-10-14 10:01:39","post_content_filtered":"","post_parent":0,"guid":"http:\/\/dev.claret.cat\/editorial\/thule\/","menu_order":0,"post_type":"editorial","post_mime_type":"","comment_count":"0","filter":"raw"}]},"aioseo_notices":[],"_links":{"self":[{"href":"https:\/\/www.claret.cat\/es\/wp-json\/wp\/v2\/product\/183713","targetHints":{"allow":["GET"]}}],"collection":[{"href":"https:\/\/www.claret.cat\/es\/wp-json\/wp\/v2\/product"}],"about":[{"href":"https:\/\/www.claret.cat\/es\/wp-json\/wp\/v2\/types\/product"}],"wp:featuredmedia":[{"embeddable":true,"href":"https:\/\/www.claret.cat\/es\/wp-json\/wp\/v2\/media\/183714"}],"wp:attachment":[{"href":"https:\/\/www.claret.cat\/es\/wp-json\/wp\/v2\/media?parent=183713"}],"wp:term":[{"taxonomy":"product_brand","embeddable":true,"href":"https:\/\/www.claret.cat\/es\/wp-json\/wp\/v2\/product_brand?post=183713"},{"taxonomy":"product_cat","embeddable":true,"href":"https:\/\/www.claret.cat\/es\/wp-json\/wp\/v2\/product_cat?post=183713"},{"taxonomy":"product_tag","embeddable":true,"href":"https:\/\/www.claret.cat\/es\/wp-json\/wp\/v2\/product_tag?post=183713"}],"curies":[{"name":"wp","href":"https:\/\/api.w.org\/{rel}","templated":true}]}}