{"id":183851,"date":"2022-10-20T04:13:17","date_gmt":"2022-10-20T02:13:17","guid":{"rendered":"http:\/\/dev.claret.cat\/producte\/sri-lanka-2\/"},"modified":"2023-01-28T14:25:13","modified_gmt":"2023-01-28T13:25:13","slug":"sri-lanka-2-9788408180333","status":"publish","type":"product","link":"https:\/\/www.claret.cat\/es\/libro\/sri-lanka-2-9788408180333\/","title":{"rendered":"SRI LANKA 2"},"content":{"rendered":"<p>Podr\u00eda decirse que Sri Lanka ha estado como escondida del mundo. Sin embargo, eso es cosa del pasado: Sri Lanka est\u00e1 en pleno desarrollo. Enclavada entre partes m\u00e1s transitadas de la India y el sureste asi\u00e1tico, la historia, cultura y belleza natural del pa\u00eds le dan un atractivo innegable. Es, en definitiva, ese destino a\u00fan por visitar que no hay que perderse.<\/p>\n","protected":false},"excerpt":{"rendered":"<p>MAHAPATRA, ANIRBAN \/ BERKMOES, RYAN VER \/ MAYHEW, BRADLEY \/ STEWART, IAIN<\/p>\n","protected":false},"featured_media":183852,"template":"","meta":{"_acf_changed":false,"om_disable_all_campaigns":false,"rs_blank_template":"","rs_page_bg_color":"","slide_template_v7":"","inline_featured_image":false,"_monsterinsights_skip_tracking":false,"_monsterinsights_sitenote_active":false,"_monsterinsights_sitenote_note":"","_monsterinsights_sitenote_category":0},"product_brand":[],"product_cat":[107],"product_tag":[],"class_list":{"0":"post-183851","1":"product","2":"type-product","3":"status-publish","4":"has-post-thumbnail","6":"product_cat-guies-de-viatge","8":"first","9":"instock","10":"taxable","11":"shipping-taxable","12":"purchasable","13":"product-type-simple"},"acf":{"autor":"MAHAPATRA, ANIRBAN \/ BERKMOES, RYAN VER \/ MAYHEW, BRADLEY \/ STEWART, IAIN","codart":"840818033","libros-coleccion":"GEO PLANETA LONELY PLANET","ediciones":"1","encuadernacion":"R\u00fastica","fecha_de_publicacion":"01\/05\/2018","novedad":"1","paginas":"365","subtitulo":"","orden":"0","portada":"0","idioma":"spa","editorial":[{"ID":8244,"post_author":"3","post_date":"2022-09-30 09:21:26","post_date_gmt":"2022-09-30 07:21:26","post_content":"","post_title":"GEOPLANETA EDITORIAL","post_excerpt":"","post_status":"publish","comment_status":"closed","ping_status":"closed","post_password":"","post_name":"geoplaneta-editorial","to_ping":"","pinged":"","post_modified":"2022-09-30 09:21:26","post_modified_gmt":"2022-09-30 07:21:26","post_content_filtered":"","post_parent":0,"guid":"http:\/\/dev.claret.cat\/editorial\/geoplaneta-editorial\/","menu_order":0,"post_type":"editorial","post_mime_type":"","comment_count":"0","filter":"raw"}],"autores-libros":[{"ID":157698,"post_author":"3","post_date":"2022-10-14 15:30:54","post_date_gmt":"2022-10-14 13:30:54","post_content":"","post_title":"IAIN STEWART","post_excerpt":"","post_status":"publish","comment_status":"closed","ping_status":"closed","post_password":"","post_name":"iain-stewart","to_ping":"","pinged":"","post_modified":"2022-10-14 15:30:54","post_modified_gmt":"2022-10-14 13:30:54","post_content_filtered":"","post_parent":0,"guid":"http:\/\/dev.claret.cat\/autor\/iain-stewart\/","menu_order":0,"post_type":"autor","post_mime_type":"","comment_count":"0","filter":"raw"},{"ID":151856,"post_author":"3","post_date":"2022-10-14 14:44:10","post_date_gmt":"2022-10-14 12:44:10","post_content":"","post_title":"BRADLEY MAYHEW","post_excerpt":"","post_status":"publish","comment_status":"closed","ping_status":"closed","post_password":"","post_name":"bradley-mayhew","to_ping":"","pinged":"","post_modified":"2022-10-14 14:44:10","post_modified_gmt":"2022-10-14 12:44:10","post_content_filtered":"","post_parent":0,"guid":"http:\/\/dev.claret.cat\/autor\/bradley-mayhew\/","menu_order":0,"post_type":"autor","post_mime_type":"","comment_count":"0","filter":"raw"},{"ID":168725,"post_author":"3","post_date":"2022-10-14 22:21:26","post_date_gmt":"2022-10-14 20:21:26","post_content":"","post_title":"RYAN VER BERKMOES","post_excerpt":"","post_status":"publish","comment_status":"closed","ping_status":"closed","post_password":"","post_name":"ryan-ver-berkmoes","to_ping":"","pinged":"","post_modified":"2022-10-14 22:21:26","post_modified_gmt":"2022-10-14 20:21:26","post_content_filtered":"","post_parent":0,"guid":"http:\/\/dev.claret.cat\/autor\/ryan-ver-berkmoes\/","menu_order":0,"post_type":"autor","post_mime_type":"","comment_count":"0","filter":"raw"}]},"aioseo_notices":[],"_links":{"self":[{"href":"https:\/\/www.claret.cat\/es\/wp-json\/wp\/v2\/product\/183851","targetHints":{"allow":["GET"]}}],"collection":[{"href":"https:\/\/www.claret.cat\/es\/wp-json\/wp\/v2\/product"}],"about":[{"href":"https:\/\/www.claret.cat\/es\/wp-json\/wp\/v2\/types\/product"}],"wp:featuredmedia":[{"embeddable":true,"href":"https:\/\/www.claret.cat\/es\/wp-json\/wp\/v2\/media\/183852"}],"wp:attachment":[{"href":"https:\/\/www.claret.cat\/es\/wp-json\/wp\/v2\/media?parent=183851"}],"wp:term":[{"taxonomy":"product_brand","embeddable":true,"href":"https:\/\/www.claret.cat\/es\/wp-json\/wp\/v2\/product_brand?post=183851"},{"taxonomy":"product_cat","embeddable":true,"href":"https:\/\/www.claret.cat\/es\/wp-json\/wp\/v2\/product_cat?post=183851"},{"taxonomy":"product_tag","embeddable":true,"href":"https:\/\/www.claret.cat\/es\/wp-json\/wp\/v2\/product_tag?post=183851"}],"curies":[{"name":"wp","href":"https:\/\/api.w.org\/{rel}","templated":true}]}}