{"id":183866,"date":"2022-10-20T04:13:32","date_gmt":"2022-10-20T02:13:32","guid":{"rendered":"http:\/\/dev.claret.cat\/producte\/el-gran-llibre-dels-animals-gegants-el-petit-llibre-dels-animals-mes-petits\/"},"modified":"2025-12-01T16:50:25","modified_gmt":"2025-12-01T15:50:25","slug":"el-gran-llibre-dels-animals-gegants-el-petit-llibre-dels-animals-mes-petits-9788490347157","status":"publish","type":"product","link":"https:\/\/www.claret.cat\/es\/libro\/el-gran-llibre-dels-animals-gegants-el-petit-llibre-dels-animals-mes-petits-9788490347157\/","title":{"rendered":"EL GRAN LLIBRE DELS ANIMALS GEGANTS \/ EL PETIT LLIBRE DELS ANIMALS M\u00c9S PETITS"},"content":{"rendered":"<p>Hi ha animals que s\u00f3n gegantins, m\u00e9s grossos que alguns vaixells, autom\u00f2bils o fins i tot que casa teva. D\u2019altres, en canvi, s\u00f3n m\u00e9s petits que una moneda i podrien viure en una closca de nou! En aquest llibre els hi trobareu tots! A les p\u00e0gines d\u2019El gran llibre dels animals gegants s\u2019hi inclou una selecci\u00f3 dels gegants de la natura; a les d\u2019El petit llibre dels animals m\u00e9s petits, s\u2019hi recullen els animals m\u00e9s MENUTS que et puguis imaginar: vine a con\u00e8ixer-los!<\/p>\n","protected":false},"excerpt":{"rendered":"<p>BANFI, CRISTINA \/ PERABONI, CRISTINA<\/p>\n","protected":false},"featured_media":320460,"template":"","meta":{"_acf_changed":false,"om_disable_all_campaigns":false,"rs_blank_template":"","rs_page_bg_color":"","slide_template_v7":"","inline_featured_image":false,"_monsterinsights_skip_tracking":false,"_monsterinsights_sitenote_active":false,"_monsterinsights_sitenote_note":"","_monsterinsights_sitenote_category":0},"product_brand":[],"product_cat":[86,352],"product_tag":[],"class_list":{"0":"post-183866","1":"product","2":"type-product","3":"status-publish","4":"has-post-thumbnail","6":"product_cat-infantil","7":"product_cat-infantil-3_infantil-juvenil-spa","9":"first","10":"instock","11":"taxable","12":"shipping-taxable","13":"purchasable","14":"product-type-simple"},"acf":{"autor":"BANFI, CRISTINA \/ PERABONI, CRISTINA","codart":"849034715","libros-coleccion":"Altres infantil","ediciones":"1","encuadernacion":"R\u00fastica","fecha_de_publicacion":"01\/05\/2018","novedad":"1","paginas":"32","subtitulo":"","orden":"0","portada":"0","idioma":"cat","editorial":[{"ID":6171,"post_author":"3","post_date":"2022-07-28 17:46:25","post_date_gmt":"2022-07-28 15:46:25","post_content":"","post_title":"COSSETANIA EDICIONS","post_excerpt":"","post_status":"publish","comment_status":"closed","ping_status":"closed","post_password":"","post_name":"cossetania-edicions","to_ping":"","pinged":"","post_modified":"2022-07-28 17:46:25","post_modified_gmt":"2022-07-28 15:46:25","post_content_filtered":"","post_parent":0,"guid":"http:\/\/dev.claret.cat\/editorial\/cossetania-edicions\/","menu_order":0,"post_type":"editorial","post_mime_type":"","comment_count":"0","filter":"raw"}],"autores-libros":[{"ID":153310,"post_author":"3","post_date":"2022-10-14 14:55:45","post_date_gmt":"2022-10-14 12:55:45","post_content":"","post_title":"CRISTINA BANFI","post_excerpt":"","post_status":"publish","comment_status":"closed","ping_status":"closed","post_password":"","post_name":"cristina-banfi","to_ping":"","pinged":"","post_modified":"2022-10-14 14:55:45","post_modified_gmt":"2022-10-14 12:55:45","post_content_filtered":"","post_parent":0,"guid":"http:\/\/dev.claret.cat\/autor\/cristina-banfi\/","menu_order":0,"post_type":"autor","post_mime_type":"","comment_count":"0","filter":"raw"},{"ID":153379,"post_author":"3","post_date":"2022-10-14 14:56:18","post_date_gmt":"2022-10-14 12:56:18","post_content":"","post_title":"CRISTINA PERABONI","post_excerpt":"","post_status":"publish","comment_status":"closed","ping_status":"closed","post_password":"","post_name":"cristina-peraboni","to_ping":"","pinged":"","post_modified":"2022-10-14 14:56:18","post_modified_gmt":"2022-10-14 12:56:18","post_content_filtered":"","post_parent":0,"guid":"http:\/\/dev.claret.cat\/autor\/cristina-peraboni\/","menu_order":0,"post_type":"autor","post_mime_type":"","comment_count":"0","filter":"raw"}],"booktrailer":"","resenas":""},"aioseo_notices":[],"_links":{"self":[{"href":"https:\/\/www.claret.cat\/es\/wp-json\/wp\/v2\/product\/183866","targetHints":{"allow":["GET"]}}],"collection":[{"href":"https:\/\/www.claret.cat\/es\/wp-json\/wp\/v2\/product"}],"about":[{"href":"https:\/\/www.claret.cat\/es\/wp-json\/wp\/v2\/types\/product"}],"wp:featuredmedia":[{"embeddable":true,"href":"https:\/\/www.claret.cat\/es\/wp-json\/wp\/v2\/media\/320460"}],"wp:attachment":[{"href":"https:\/\/www.claret.cat\/es\/wp-json\/wp\/v2\/media?parent=183866"}],"wp:term":[{"taxonomy":"product_brand","embeddable":true,"href":"https:\/\/www.claret.cat\/es\/wp-json\/wp\/v2\/product_brand?post=183866"},{"taxonomy":"product_cat","embeddable":true,"href":"https:\/\/www.claret.cat\/es\/wp-json\/wp\/v2\/product_cat?post=183866"},{"taxonomy":"product_tag","embeddable":true,"href":"https:\/\/www.claret.cat\/es\/wp-json\/wp\/v2\/product_tag?post=183866"}],"curies":[{"name":"wp","href":"https:\/\/api.w.org\/{rel}","templated":true}]}}