{"id":183869,"date":"2022-10-20T04:13:35","date_gmt":"2022-10-20T02:13:35","guid":{"rendered":"http:\/\/dev.claret.cat\/producte\/45-verdades-sobre-los-gatos\/"},"modified":"2025-06-03T13:36:47","modified_gmt":"2025-06-03T11:36:47","slug":"45-verdades-sobre-los-gatos-9788494665097","status":"publish","type":"product","link":"https:\/\/www.claret.cat\/es\/libro\/45-verdades-sobre-los-gatos-9788494665097\/","title":{"rendered":"45 VERDADES SOBRE LOS GATOS"},"content":{"rendered":"<p>Existen verdades sobre los gatos y son 45. Eso piensa el autor franc\u00e9s Bruno Gibert que plasma en este libro ilustrado rindiendo homenaje a una ilustraci\u00f3n gatuna emblem\u00e1tica, &#8216;Le chat sans pudeur&#8217;, de Albert Dubout. <br \/> Ilustrado de manera magistral, el autor relata con humor, iron\u00eda, y sarcasmo (como har\u00eda un gato) verdades conocidas y otras desconocidas sobre el universo felino.<\/p>\n","protected":false},"excerpt":{"rendered":"<p>GIBERT, BRUNO<\/p>\n","protected":false},"featured_media":183870,"template":"","meta":{"_acf_changed":false,"om_disable_all_campaigns":false,"rs_blank_template":"","rs_page_bg_color":"","slide_template_v7":"","inline_featured_image":false,"_monsterinsights_skip_tracking":false,"_monsterinsights_sitenote_active":false,"_monsterinsights_sitenote_note":"","_monsterinsights_sitenote_category":0},"product_brand":[],"product_cat":[114,563,105,555],"product_tag":[],"class_list":{"0":"post-183869","1":"product","2":"type-product","3":"status-publish","4":"has-post-thumbnail","6":"product_cat-humor-grafic","7":"product_cat-humor-grafico","8":"product_cat-regal","9":"product_cat-regalo","11":"first","12":"instock","13":"taxable","14":"shipping-taxable","15":"purchasable","16":"product-type-simple"},"acf":{"autor":"GIBERT, BRUNO","codart":"849466509","libros-coleccion":"Coleccion Gatos","ediciones":"1","encuadernacion":"R\u00fastica","fecha_de_publicacion":"01\/05\/2018","novedad":"1","paginas":"56","subtitulo":"","orden":"0","portada":"0","idioma":"spa","editorial":[{"ID":148403,"post_author":"3","post_date":"2022-10-14 11:57:58","post_date_gmt":"2022-10-14 09:57:58","post_content":"","post_title":"LATA DE SAL EDITORIAL","post_excerpt":"","post_status":"publish","comment_status":"closed","ping_status":"closed","post_password":"","post_name":"lata-de-sal-editorial","to_ping":"","pinged":"","post_modified":"2022-10-14 11:57:58","post_modified_gmt":"2022-10-14 09:57:58","post_content_filtered":"","post_parent":0,"guid":"http:\/\/dev.claret.cat\/editorial\/lata-de-sal-editorial\/","menu_order":0,"post_type":"editorial","post_mime_type":"","comment_count":"0","filter":"raw"}],"booktrailer":"","resenas":"","autores-libros":[{"ID":420866,"post_author":"3","post_date":"2023-05-16 00:59:40","post_date_gmt":"2023-05-15 22:59:40","post_content":"","post_title":"BRUNO GIBERT","post_excerpt":"","post_status":"publish","comment_status":"closed","ping_status":"closed","post_password":"","post_name":"bruno-gibert","to_ping":"","pinged":"","post_modified":"2023-05-16 00:59:40","post_modified_gmt":"2023-05-15 22:59:40","post_content_filtered":"","post_parent":0,"guid":"https:\/\/www.claret.cat\/autor\/bruno-gibert\/","menu_order":0,"post_type":"autor","post_mime_type":"","comment_count":"0","filter":"raw"}]},"aioseo_notices":[],"_links":{"self":[{"href":"https:\/\/www.claret.cat\/es\/wp-json\/wp\/v2\/product\/183869","targetHints":{"allow":["GET"]}}],"collection":[{"href":"https:\/\/www.claret.cat\/es\/wp-json\/wp\/v2\/product"}],"about":[{"href":"https:\/\/www.claret.cat\/es\/wp-json\/wp\/v2\/types\/product"}],"wp:featuredmedia":[{"embeddable":true,"href":"https:\/\/www.claret.cat\/es\/wp-json\/wp\/v2\/media\/183870"}],"wp:attachment":[{"href":"https:\/\/www.claret.cat\/es\/wp-json\/wp\/v2\/media?parent=183869"}],"wp:term":[{"taxonomy":"product_brand","embeddable":true,"href":"https:\/\/www.claret.cat\/es\/wp-json\/wp\/v2\/product_brand?post=183869"},{"taxonomy":"product_cat","embeddable":true,"href":"https:\/\/www.claret.cat\/es\/wp-json\/wp\/v2\/product_cat?post=183869"},{"taxonomy":"product_tag","embeddable":true,"href":"https:\/\/www.claret.cat\/es\/wp-json\/wp\/v2\/product_tag?post=183869"}],"curies":[{"name":"wp","href":"https:\/\/api.w.org\/{rel}","templated":true}]}}